{"id":615,"date":"2021-02-17T09:43:26","date_gmt":"2021-02-17T08:43:26","guid":{"rendered":"https:\/\/wordpress.nibis.de\/gsstaugustinus\/?page_id=615"},"modified":"2022-09-15T15:50:57","modified_gmt":"2022-09-15T13:50:57","slug":"einschulung-3","status":"publish","type":"page","link":"https:\/\/wordpress.nibis.de\/gsstaugustinus\/einschulung-3\/","title":{"rendered":"Einschulung"},"content":{"rendered":"<p><strong>Informationen zur Schulanmeldung<\/strong><\/p>\n<p><img loading=\"lazy\" decoding=\"async\" class=\"wp-image-635 alignright\" src=\"https:\/\/wordpress.nibis.de\/gsstaugustinus\/files\/2021\/02\/back-to-school-5263794_1920.jpg\" alt=\"\" width=\"308\" height=\"205\" srcset=\"https:\/\/wordpress.nibis.de\/gsstaugustinus\/files\/2021\/02\/back-to-school-5263794_1920.jpg 1920w, https:\/\/wordpress.nibis.de\/gsstaugustinus\/files\/2021\/02\/back-to-school-5263794_1920-768x512.jpg 768w, https:\/\/wordpress.nibis.de\/gsstaugustinus\/files\/2021\/02\/back-to-school-5263794_1920-1536x1024.jpg 1536w\" sizes=\"auto, (max-width: 308px) 100vw, 308px\" \/><\/p>\n<p>Alle Formbl\u00e4tter k\u00f6nnen Sie hier noch mal einsehen und bei Bedarf evtl. runterladen.<\/p>\n<p><a href=\"https:\/\/wordpress.nibis.de\/gsstaugustinus\/files\/2021\/02\/Aufnahmebogen-Schulanmeldung-GS-St.-Augustinus-2021.pdf\">Aufnahmebogen zur Schulanmeldung<\/a><\/p>\n<p><a href=\"https:\/\/wordpress.nibis.de\/gsstaugustinus\/files\/2021\/02\/Einverst\u00e4ndnis-Religion-und-Schulprogramm.pdf\">Einverst\u00e4ndniserkl\u00e4rung zum Religionsunterricht und Auszug aus dem Schulprogramm<\/a><\/p>\n<p><a href=\"https:\/\/wordpress.nibis.de\/gsstaugustinus\/files\/2021\/02\/Merkblatt-Infektionsschutzgesetz.pdf\">Merkblatt Infektionsschutzgesetz<\/a><\/p>\n<p><a href=\"https:\/\/wordpress.nibis.de\/gsstaugustinus\/files\/2021\/02\/Merkblatt-Masernschutz.pdf\">Merkblatt Masernschutz<\/a><\/p>\n<p><a href=\"https:\/\/wordpress.nibis.de\/gsstaugustinus\/files\/2021\/02\/\u00c4rztliche-Bescheinigung-Masernschutz.pdf\">\u00c4rztliche Bescheinigung zum Masernschutz<\/a><\/p>\n<p><a href=\"https:\/\/wordpress.nibis.de\/gsstaugustinus\/files\/2021\/02\/Waffenerlass-Neu.pdf\">Waffenerlass<\/a><\/p>\n<p><a href=\"https:\/\/wordpress.nibis.de\/gsstaugustinus\/files\/2021\/02\/Datenschulverordnung-2021.pdf\">Datenschutzverordnung<\/a><\/p>\n<p><a href=\"https:\/\/wordpress.nibis.de\/gsstaugustinus\/files\/2021\/02\/Ver\u00e4nderungsanzeige.pdf\">Ver\u00e4nderungsanzeige<\/a><\/p>\n<p><a href=\"https:\/\/wordpress.nibis.de\/gsstaugustinus\/files\/2021\/02\/Das-bin-ich.pdf\">Das bin ich<\/a><\/p>\n\n","protected":false},"excerpt":{"rendered":"<p>Informationen zur Schulanmeldung Alle Formbl\u00e4tter k\u00f6nnen Sie hier noch mal einsehen und bei Bedarf evtl. runterladen. Aufnahmebogen zur Schulanmeldung Einverst\u00e4ndniserkl\u00e4rung zum Religionsunterricht und Auszug aus dem Schulprogramm Merkblatt Infektionsschutzgesetz Merkblatt Masernschutz \u00c4rztliche Bescheinigung zum Masernschutz Waffenerlass Datenschutzverordnung Ver\u00e4nderungsanzeige Das bin ich<\/p>\n","protected":false},"author":9193016,"featured_media":0,"parent":0,"menu_order":0,"comment_status":"closed","ping_status":"closed","template":"","meta":{"footnotes":""},"class_list":["post-615","page","type-page","status-publish","hentry"],"_links":{"self":[{"href":"https:\/\/wordpress.nibis.de\/gsstaugustinus\/wp-json\/wp\/v2\/pages\/615","targetHints":{"allow":["GET"]}}],"collection":[{"href":"https:\/\/wordpress.nibis.de\/gsstaugustinus\/wp-json\/wp\/v2\/pages"}],"about":[{"href":"https:\/\/wordpress.nibis.de\/gsstaugustinus\/wp-json\/wp\/v2\/types\/page"}],"author":[{"embeddable":true,"href":"https:\/\/wordpress.nibis.de\/gsstaugustinus\/wp-json\/wp\/v2\/users\/9193016"}],"replies":[{"embeddable":true,"href":"https:\/\/wordpress.nibis.de\/gsstaugustinus\/wp-json\/wp\/v2\/comments?post=615"}],"version-history":[{"count":7,"href":"https:\/\/wordpress.nibis.de\/gsstaugustinus\/wp-json\/wp\/v2\/pages\/615\/revisions"}],"predecessor-version":[{"id":921,"href":"https:\/\/wordpress.nibis.de\/gsstaugustinus\/wp-json\/wp\/v2\/pages\/615\/revisions\/921"}],"wp:attachment":[{"href":"https:\/\/wordpress.nibis.de\/gsstaugustinus\/wp-json\/wp\/v2\/media?parent=615"}],"curies":[{"name":"wp","href":"https:\/\/api.w.org\/{rel}","templated":true}]}}