{"id":942,"date":"2024-04-20T20:34:00","date_gmt":"2024-04-20T18:34:00","guid":{"rendered":"https:\/\/wordpress.nibis.de\/gsstaugustinus\/?page_id=942"},"modified":"2024-04-20T20:46:23","modified_gmt":"2024-04-20T18:46:23","slug":"unsere-leitsaetze","status":"publish","type":"page","link":"https:\/\/wordpress.nibis.de\/gsstaugustinus\/unsere-leitsaetze\/","title":{"rendered":"Unsere Leits\u00e4tze"},"content":{"rendered":"\n<p><a href=\"https:\/\/wordpress.nibis.de\/gsstaugustinus\/miteinander-fuereinander\/\">Miteinander \u2013 F\u00fcreinander<\/a><\/p>\n<p><a href=\"https:\/\/wordpress.nibis.de\/gsstaugustinus\/foerdern-vereint\/\">F\u00f6rdern vereint<\/a><\/p>\n<p><a href=\"https:\/\/wordpress.nibis.de\/gsstaugustinus\/gesund-leben\/\">Gesund leben<\/a><\/p>\n<p><a href=\"https:\/\/wordpress.nibis.de\/gsstaugustinus\/unterwegs-zur-selbststaendigkeit\/\">Unterwegs zur Selbstst\u00e4ndigkeit<\/a><\/p>\n<p><a href=\"https:\/\/wordpress.nibis.de\/gsstaugustinus\/betreuung-bringt-spass\/\">Betreuung bringt Spa\u00df<\/a><\/p>\n<p><a href=\"https:\/\/wordpress.nibis.de\/gsstaugustinus\/aktionen-bewegen\/\">Aktionen bewegen<\/a><\/p>\n<p><a href=\"https:\/\/wordpress.nibis.de\/gsstaugustinus\/spiel-spass-pause\/\">Spiel, Spa\u00df, Pause<\/a><\/p>\n<p><a href=\"https:\/\/wordpress.nibis.de\/gsstaugustinus\/schule-ganztags-erleben\/\">Schule ganztags erleben<\/a><\/p>\n<p><a href=\"https:\/\/wordpress.nibis.de\/gsstaugustinus\/medien-sinnvoll-nutzen\/\">Medien sinnvoll nutzen<\/a><\/p>\n<p><a href=\"https:\/\/wordpress.nibis.de\/gsstaugustinus\/lesen-und-verstehen\/\">Lesen und Verstehen<\/a><\/p>\n","protected":false},"excerpt":{"rendered":"<p>Miteinander \u2013 F\u00fcreinander F\u00f6rdern vereint Gesund leben Unterwegs zur Selbstst\u00e4ndigkeit Betreuung bringt Spa\u00df Aktionen bewegen Spiel, Spa\u00df, Pause Schule ganztags erleben Medien sinnvoll nutzen Lesen und Verstehen<\/p>\n","protected":false},"author":9193016,"featured_media":0,"parent":0,"menu_order":0,"comment_status":"closed","ping_status":"closed","template":"","meta":{"footnotes":""},"class_list":["post-942","page","type-page","status-publish","hentry"],"_links":{"self":[{"href":"https:\/\/wordpress.nibis.de\/gsstaugustinus\/wp-json\/wp\/v2\/pages\/942","targetHints":{"allow":["GET"]}}],"collection":[{"href":"https:\/\/wordpress.nibis.de\/gsstaugustinus\/wp-json\/wp\/v2\/pages"}],"about":[{"href":"https:\/\/wordpress.nibis.de\/gsstaugustinus\/wp-json\/wp\/v2\/types\/page"}],"author":[{"embeddable":true,"href":"https:\/\/wordpress.nibis.de\/gsstaugustinus\/wp-json\/wp\/v2\/users\/9193016"}],"replies":[{"embeddable":true,"href":"https:\/\/wordpress.nibis.de\/gsstaugustinus\/wp-json\/wp\/v2\/comments?post=942"}],"version-history":[{"count":5,"href":"https:\/\/wordpress.nibis.de\/gsstaugustinus\/wp-json\/wp\/v2\/pages\/942\/revisions"}],"predecessor-version":[{"id":970,"href":"https:\/\/wordpress.nibis.de\/gsstaugustinus\/wp-json\/wp\/v2\/pages\/942\/revisions\/970"}],"wp:attachment":[{"href":"https:\/\/wordpress.nibis.de\/gsstaugustinus\/wp-json\/wp\/v2\/media?parent=942"}],"curies":[{"name":"wp","href":"https:\/\/api.w.org\/{rel}","templated":true}]}}