{"id":945,"date":"2024-04-20T20:42:49","date_gmt":"2024-04-20T18:42:49","guid":{"rendered":"https:\/\/wordpress.nibis.de\/gsstaugustinus\/?page_id=945"},"modified":"2024-04-20T20:42:49","modified_gmt":"2024-04-20T18:42:49","slug":"miteinander-fuereinander","status":"publish","type":"page","link":"https:\/\/wordpress.nibis.de\/gsstaugustinus\/miteinander-fuereinander\/","title":{"rendered":"Miteinander \u2013 F\u00fcreinander"},"content":{"rendered":"\n<p>Es ist uns wichtig, dass wir respektvoll, ehrlich und tolerant miteinander umgehen.<\/p>\n\n\n\n<p>Dies erreichen wir zum Beispiel durch<\/p>\n\n\n\n<ul class=\"wp-block-list\"><li>unsere Schulvereinbarung<\/li><li>Patenklassen<\/li><li>Sch\u00fclerparlament<\/li><li>Spieleausleihe<\/li><li>Schulsanit\u00e4tsdienst (Rettungszwerge)<\/li><li>Streitschlichterausbildung<\/li><li>Trainingsprogramm zur St\u00e4rkung der sozial-und emotionalen Kompetenzen (Lubo aus dem All)<\/li><li>Eine Welt, Nachhaltigkeit<\/li><li>Runterschalten-Klima halten<\/li><\/ul>\n","protected":false},"excerpt":{"rendered":"<p>Es ist uns wichtig, dass wir respektvoll, ehrlich und tolerant miteinander umgehen. Dies erreichen wir zum Beispiel durch unsere Schulvereinbarung Patenklassen Sch\u00fclerparlament Spieleausleihe Schulsanit\u00e4tsdienst (Rettungszwerge) Streitschlichterausbildung Trainingsprogramm zur St\u00e4rkung der sozial-und emotionalen Kompetenzen (Lubo aus dem All) Eine Welt, Nachhaltigkeit Runterschalten-Klima halten<\/p>\n","protected":false},"author":9193016,"featured_media":0,"parent":0,"menu_order":0,"comment_status":"closed","ping_status":"closed","template":"","meta":{"footnotes":""},"class_list":["post-945","page","type-page","status-publish","hentry"],"_links":{"self":[{"href":"https:\/\/wordpress.nibis.de\/gsstaugustinus\/wp-json\/wp\/v2\/pages\/945","targetHints":{"allow":["GET"]}}],"collection":[{"href":"https:\/\/wordpress.nibis.de\/gsstaugustinus\/wp-json\/wp\/v2\/pages"}],"about":[{"href":"https:\/\/wordpress.nibis.de\/gsstaugustinus\/wp-json\/wp\/v2\/types\/page"}],"author":[{"embeddable":true,"href":"https:\/\/wordpress.nibis.de\/gsstaugustinus\/wp-json\/wp\/v2\/users\/9193016"}],"replies":[{"embeddable":true,"href":"https:\/\/wordpress.nibis.de\/gsstaugustinus\/wp-json\/wp\/v2\/comments?post=945"}],"version-history":[{"count":1,"href":"https:\/\/wordpress.nibis.de\/gsstaugustinus\/wp-json\/wp\/v2\/pages\/945\/revisions"}],"predecessor-version":[{"id":946,"href":"https:\/\/wordpress.nibis.de\/gsstaugustinus\/wp-json\/wp\/v2\/pages\/945\/revisions\/946"}],"wp:attachment":[{"href":"https:\/\/wordpress.nibis.de\/gsstaugustinus\/wp-json\/wp\/v2\/media?parent=945"}],"curies":[{"name":"wp","href":"https:\/\/api.w.org\/{rel}","templated":true}]}}