{"id":947,"date":"2024-04-20T20:42:40","date_gmt":"2024-04-20T18:42:40","guid":{"rendered":"https:\/\/wordpress.nibis.de\/gsstaugustinus\/?page_id=947"},"modified":"2024-04-20T20:42:40","modified_gmt":"2024-04-20T18:42:40","slug":"foerdern-vereint","status":"publish","type":"page","link":"https:\/\/wordpress.nibis.de\/gsstaugustinus\/foerdern-vereint\/","title":{"rendered":"F\u00f6rdern vereint"},"content":{"rendered":"\n<p>Alle Sch\u00fclerinnen und Sch\u00fcler sollen ihren F\u00e4higkeiten entsprechend lernen k\u00f6nnen.<\/p>\n\n\n\n<p>Dies erreichen wir zum Beispiel durch<\/p>\n\n\n\n<ul class=\"wp-block-list\"><li>unsere t\u00e4gliche F\u00f6rderzeit<\/li><li>die Zusammenarbeit mit dem Mobilen Dienst der F\u00f6rderschule<\/li><li>die Kooperation mit unserem F\u00f6rderverein<\/li><li>sonderp\u00e4dagogische Grundversorgung<\/li><li>Zusammenarbeit mit Nachhilfe-Instituten<\/li><li>Lesepatenprojekt<\/li><li>Sprachf\u00f6rderkonzept<\/li><\/ul>\n","protected":false},"excerpt":{"rendered":"<p>Alle Sch\u00fclerinnen und Sch\u00fcler sollen ihren F\u00e4higkeiten entsprechend lernen k\u00f6nnen. Dies erreichen wir zum Beispiel durch unsere t\u00e4gliche F\u00f6rderzeit die Zusammenarbeit mit dem Mobilen Dienst der F\u00f6rderschule die Kooperation mit unserem F\u00f6rderverein sonderp\u00e4dagogische Grundversorgung Zusammenarbeit mit Nachhilfe-Instituten Lesepatenprojekt Sprachf\u00f6rderkonzept<\/p>\n","protected":false},"author":9193016,"featured_media":0,"parent":0,"menu_order":0,"comment_status":"closed","ping_status":"closed","template":"","meta":{"footnotes":""},"class_list":["post-947","page","type-page","status-publish","hentry"],"_links":{"self":[{"href":"https:\/\/wordpress.nibis.de\/gsstaugustinus\/wp-json\/wp\/v2\/pages\/947","targetHints":{"allow":["GET"]}}],"collection":[{"href":"https:\/\/wordpress.nibis.de\/gsstaugustinus\/wp-json\/wp\/v2\/pages"}],"about":[{"href":"https:\/\/wordpress.nibis.de\/gsstaugustinus\/wp-json\/wp\/v2\/types\/page"}],"author":[{"embeddable":true,"href":"https:\/\/wordpress.nibis.de\/gsstaugustinus\/wp-json\/wp\/v2\/users\/9193016"}],"replies":[{"embeddable":true,"href":"https:\/\/wordpress.nibis.de\/gsstaugustinus\/wp-json\/wp\/v2\/comments?post=947"}],"version-history":[{"count":1,"href":"https:\/\/wordpress.nibis.de\/gsstaugustinus\/wp-json\/wp\/v2\/pages\/947\/revisions"}],"predecessor-version":[{"id":948,"href":"https:\/\/wordpress.nibis.de\/gsstaugustinus\/wp-json\/wp\/v2\/pages\/947\/revisions\/948"}],"wp:attachment":[{"href":"https:\/\/wordpress.nibis.de\/gsstaugustinus\/wp-json\/wp\/v2\/media?parent=947"}],"curies":[{"name":"wp","href":"https:\/\/api.w.org\/{rel}","templated":true}]}}