{"id":949,"date":"2024-04-20T20:42:29","date_gmt":"2024-04-20T18:42:29","guid":{"rendered":"https:\/\/wordpress.nibis.de\/gsstaugustinus\/?page_id=949"},"modified":"2024-04-20T20:42:29","modified_gmt":"2024-04-20T18:42:29","slug":"gesund-leben","status":"publish","type":"page","link":"https:\/\/wordpress.nibis.de\/gsstaugustinus\/gesund-leben\/","title":{"rendered":"Gesund leben"},"content":{"rendered":"\n<p>Wir verstehen uns als eine Schule, in der die Kinder gesund leben und sich bewegen.<\/p>\n\n\n\n<p>Dies f\u00f6rdern wir<\/p>\n\n\n\n<ul class=\"wp-block-list\"><li>indem wir darauf achten, dass alle in der gemeinsamen Fr\u00fchst\u00fcckspause gesund essen und trinken<\/li><li>indem wir uns daf\u00fcr einsetzen, dass alle Kinder des zweiten und dritten Jahrgangs an der Aktion \u201eZahngesundheit\u201c teilnehmen<\/li><li>Zahn-Fluoridierung<\/li><li>Zahnprophylaxe<\/li><li>durch die regelm\u00e4\u00dfige Teilnahme aller Kinder am Sport- und Schwimmunterricht<\/li><li>durch die regelm\u00e4\u00dfige und m\u00f6glichst erfolgreiche Teilnahme an schulischen und au\u00dferschulischen Sportwettk\u00e4mpfen (Lauf-\/Sportabzeichen, Bundesjugendspiele, Schwimmvergleichs-wettk\u00e4mpfe \u2026)<\/li><li>durch einen \u201ebewegten Unterricht\u201c mit regelm\u00e4\u00dfigen Bewegungspausen<\/li><li>Gesundheitsf\u00f6rderung mit dem Projekt Klasse2000<\/li><\/ul>\n\n\n\n<p><br><\/p>\n","protected":false},"excerpt":{"rendered":"<p>Wir verstehen uns als eine Schule, in der die Kinder gesund leben und sich bewegen. Dies f\u00f6rdern wir indem wir darauf achten, dass alle in der gemeinsamen Fr\u00fchst\u00fcckspause gesund essen und trinken indem wir uns daf\u00fcr einsetzen, dass alle Kinder des zweiten und dritten Jahrgangs an der Aktion \u201eZahngesundheit\u201c teilnehmen Zahn-Fluoridierung Zahnprophylaxe durch die regelm\u00e4\u00dfige [&hellip;]<\/p>\n","protected":false},"author":9193016,"featured_media":0,"parent":0,"menu_order":0,"comment_status":"closed","ping_status":"closed","template":"","meta":{"footnotes":""},"class_list":["post-949","page","type-page","status-publish","hentry"],"_links":{"self":[{"href":"https:\/\/wordpress.nibis.de\/gsstaugustinus\/wp-json\/wp\/v2\/pages\/949","targetHints":{"allow":["GET"]}}],"collection":[{"href":"https:\/\/wordpress.nibis.de\/gsstaugustinus\/wp-json\/wp\/v2\/pages"}],"about":[{"href":"https:\/\/wordpress.nibis.de\/gsstaugustinus\/wp-json\/wp\/v2\/types\/page"}],"author":[{"embeddable":true,"href":"https:\/\/wordpress.nibis.de\/gsstaugustinus\/wp-json\/wp\/v2\/users\/9193016"}],"replies":[{"embeddable":true,"href":"https:\/\/wordpress.nibis.de\/gsstaugustinus\/wp-json\/wp\/v2\/comments?post=949"}],"version-history":[{"count":1,"href":"https:\/\/wordpress.nibis.de\/gsstaugustinus\/wp-json\/wp\/v2\/pages\/949\/revisions"}],"predecessor-version":[{"id":950,"href":"https:\/\/wordpress.nibis.de\/gsstaugustinus\/wp-json\/wp\/v2\/pages\/949\/revisions\/950"}],"wp:attachment":[{"href":"https:\/\/wordpress.nibis.de\/gsstaugustinus\/wp-json\/wp\/v2\/media?parent=949"}],"curies":[{"name":"wp","href":"https:\/\/api.w.org\/{rel}","templated":true}]}}