{"id":951,"date":"2024-04-20T20:42:20","date_gmt":"2024-04-20T18:42:20","guid":{"rendered":"https:\/\/wordpress.nibis.de\/gsstaugustinus\/?page_id=951"},"modified":"2024-04-20T20:42:20","modified_gmt":"2024-04-20T18:42:20","slug":"unterwegs-zur-selbststaendigkeit","status":"publish","type":"page","link":"https:\/\/wordpress.nibis.de\/gsstaugustinus\/unterwegs-zur-selbststaendigkeit\/","title":{"rendered":"Unterwegs zur Selbstst\u00e4ndigkeit"},"content":{"rendered":"\n<p>Wir st\u00e4rken die Selbstverantwortung und Selbstst\u00e4ndigkeit unserer Sch\u00fclerinnen und Sch\u00fcler, indem wir Bedingungen schaffen, die eigenverantwortliches Lernen f\u00f6rdern<\/p>\n\n\n\n<p>Dies erreichen wir durch:<\/p>\n\n\n\n<ul class=\"wp-block-list\"><li>die F\u00f6rderung des Lernens mit allen Sinnen<\/li><li>die Anwendung unterschiedlicher Methoden<\/li><li>den Umgang mit neuen Medien<\/li><li>die Ber\u00fccksichtigung der individuellen Voraussetzungen der Kinder<\/li><li>die Ermutigung der Kinder sich frei zu \u00e4u\u00dfern und Arbeitsergebnisse selbstbewusst zu pr\u00e4sentieren<\/li><li>Rettungszwerge<\/li><li>Streitschlichterausbildung<\/li><li>Spieleausleihe in Eigenregie<\/li><\/ul>\n","protected":false},"excerpt":{"rendered":"<p>Wir st\u00e4rken die Selbstverantwortung und Selbstst\u00e4ndigkeit unserer Sch\u00fclerinnen und Sch\u00fcler, indem wir Bedingungen schaffen, die eigenverantwortliches Lernen f\u00f6rdern Dies erreichen wir durch: die F\u00f6rderung des Lernens mit allen Sinnen die Anwendung unterschiedlicher Methoden den Umgang mit neuen Medien die Ber\u00fccksichtigung der individuellen Voraussetzungen der Kinder die Ermutigung der Kinder sich frei zu \u00e4u\u00dfern und Arbeitsergebnisse [&hellip;]<\/p>\n","protected":false},"author":9193016,"featured_media":0,"parent":0,"menu_order":0,"comment_status":"closed","ping_status":"closed","template":"","meta":{"footnotes":""},"class_list":["post-951","page","type-page","status-publish","hentry"],"_links":{"self":[{"href":"https:\/\/wordpress.nibis.de\/gsstaugustinus\/wp-json\/wp\/v2\/pages\/951","targetHints":{"allow":["GET"]}}],"collection":[{"href":"https:\/\/wordpress.nibis.de\/gsstaugustinus\/wp-json\/wp\/v2\/pages"}],"about":[{"href":"https:\/\/wordpress.nibis.de\/gsstaugustinus\/wp-json\/wp\/v2\/types\/page"}],"author":[{"embeddable":true,"href":"https:\/\/wordpress.nibis.de\/gsstaugustinus\/wp-json\/wp\/v2\/users\/9193016"}],"replies":[{"embeddable":true,"href":"https:\/\/wordpress.nibis.de\/gsstaugustinus\/wp-json\/wp\/v2\/comments?post=951"}],"version-history":[{"count":1,"href":"https:\/\/wordpress.nibis.de\/gsstaugustinus\/wp-json\/wp\/v2\/pages\/951\/revisions"}],"predecessor-version":[{"id":952,"href":"https:\/\/wordpress.nibis.de\/gsstaugustinus\/wp-json\/wp\/v2\/pages\/951\/revisions\/952"}],"wp:attachment":[{"href":"https:\/\/wordpress.nibis.de\/gsstaugustinus\/wp-json\/wp\/v2\/media?parent=951"}],"curies":[{"name":"wp","href":"https:\/\/api.w.org\/{rel}","templated":true}]}}