{"id":955,"date":"2024-04-20T20:41:52","date_gmt":"2024-04-20T18:41:52","guid":{"rendered":"https:\/\/wordpress.nibis.de\/gsstaugustinus\/?page_id=955"},"modified":"2024-04-20T20:41:52","modified_gmt":"2024-04-20T18:41:52","slug":"aktionen-bewegen","status":"publish","type":"page","link":"https:\/\/wordpress.nibis.de\/gsstaugustinus\/aktionen-bewegen\/","title":{"rendered":"Aktionen bewegen"},"content":{"rendered":"\n<p>Vielf\u00e4ltige Aktionen von Sch\u00fclern, Lehrern und Eltern bewegen und bewirken viel an unserer Schule \u2013 f\u00fcr uns und andere:<\/p>\n<ul>\n<li>durch gemeinsame Veranstaltungen wie z.B. Ausfl\u00fcge, Klassen -\/ Schulfeste, Lesen\u00e4chte, Theaterauff\u00fchrungen, Projekttage, Autorenlesungen<\/li>\n<li>durch den Besuch au\u00dferschulischer Lernorte wie z.B. das nahe gelegene Museumsdorf, Klassenfahrten im dritten bzw. vierten Schuljahr, die Polizeiinspektion, die Feuerwehr, die EWE, die Kl\u00e4ranlage, die Stadtbibliothek<\/li>\n<li>durch die Zusammenarbeit mit den Eltern, z.B. innerhalb von Projekttagen, beim Einsatz von Lesem\u00fcttern, bei Schulfesten<\/li>\n<li>durch den F\u00f6rderverein, der auf vielf\u00e4ltige Art unsere Schule unterst\u00fctzt, indem er Aktionen organisiert und finanziell unterst\u00fctzt wie z.B. den Verkauf von T-Shirts und Sweatshirts mit Schullogodruck, dem Pr\u00e4ventionsprojekt zum sexuellen Missbrauch von Kindern \u201eMein K\u00f6rper geh\u00f6rt mir\u201c, die Finanzierung von Theaterfahrten, die Unterst\u00fctzung bei Schulfesten und Projekttagen und die finanzielle Unterst\u00fctzung bei besonderen Anschaffungen<\/li>\n<li>Umweltbewusste Schule,( runter schalten, Klima halten)<\/li>\n<\/ul>\n","protected":false},"excerpt":{"rendered":"<p>Vielf\u00e4ltige Aktionen von Sch\u00fclern, Lehrern und Eltern bewegen und bewirken viel an unserer Schule \u2013 f\u00fcr uns und andere: durch gemeinsame Veranstaltungen wie z.B. Ausfl\u00fcge, Klassen -\/ Schulfeste, Lesen\u00e4chte, Theaterauff\u00fchrungen, Projekttage, Autorenlesungen durch den Besuch au\u00dferschulischer Lernorte wie z.B. das nahe gelegene Museumsdorf, Klassenfahrten im dritten bzw. vierten Schuljahr, die Polizeiinspektion, die Feuerwehr, die EWE, [&hellip;]<\/p>\n","protected":false},"author":9193016,"featured_media":0,"parent":0,"menu_order":0,"comment_status":"closed","ping_status":"closed","template":"","meta":{"footnotes":""},"class_list":["post-955","page","type-page","status-publish","hentry"],"_links":{"self":[{"href":"https:\/\/wordpress.nibis.de\/gsstaugustinus\/wp-json\/wp\/v2\/pages\/955","targetHints":{"allow":["GET"]}}],"collection":[{"href":"https:\/\/wordpress.nibis.de\/gsstaugustinus\/wp-json\/wp\/v2\/pages"}],"about":[{"href":"https:\/\/wordpress.nibis.de\/gsstaugustinus\/wp-json\/wp\/v2\/types\/page"}],"author":[{"embeddable":true,"href":"https:\/\/wordpress.nibis.de\/gsstaugustinus\/wp-json\/wp\/v2\/users\/9193016"}],"replies":[{"embeddable":true,"href":"https:\/\/wordpress.nibis.de\/gsstaugustinus\/wp-json\/wp\/v2\/comments?post=955"}],"version-history":[{"count":1,"href":"https:\/\/wordpress.nibis.de\/gsstaugustinus\/wp-json\/wp\/v2\/pages\/955\/revisions"}],"predecessor-version":[{"id":956,"href":"https:\/\/wordpress.nibis.de\/gsstaugustinus\/wp-json\/wp\/v2\/pages\/955\/revisions\/956"}],"wp:attachment":[{"href":"https:\/\/wordpress.nibis.de\/gsstaugustinus\/wp-json\/wp\/v2\/media?parent=955"}],"curies":[{"name":"wp","href":"https:\/\/api.w.org\/{rel}","templated":true}]}}