{"id":961,"date":"2024-04-20T20:31:00","date_gmt":"2024-04-20T18:31:00","guid":{"rendered":"https:\/\/wordpress.nibis.de\/gsstaugustinus\/?page_id=961"},"modified":"2024-04-20T20:40:09","modified_gmt":"2024-04-20T18:40:09","slug":"medien-sinnvoll-nutzen","status":"publish","type":"page","link":"https:\/\/wordpress.nibis.de\/gsstaugustinus\/medien-sinnvoll-nutzen\/","title":{"rendered":"Medien sinnvoll nutzen"},"content":{"rendered":"\n<p>Wir begreifen Medien als Herausforderung und entwickeln uns zu einer Schule, in der Kinder Medienkompetenz erwerben durch<\/p>\n<ul>\n<li>die Schulb\u00fccherei<\/li>\n<li>die Programme Antolin oder Anton<\/li>\n<li>die sinnvolle Nutzung von IPads<\/li>\n<li>das Nutzen der Medien f\u00fcr Pr\u00e4sentationen<\/li>\n<li>Smartboardnutzung<\/li>\n<li>unterschiedliche Erfahrungen mit Musikinstrumenten<\/li>\n<\/ul>\n","protected":false},"excerpt":{"rendered":"<p>Wir begreifen Medien als Herausforderung und entwickeln uns zu einer Schule, in der Kinder Medienkompetenz erwerben durch die Schulb\u00fccherei die Programme Antolin oder Anton die sinnvolle Nutzung von IPads das Nutzen der Medien f\u00fcr Pr\u00e4sentationen Smartboardnutzung unterschiedliche Erfahrungen mit Musikinstrumenten<\/p>\n","protected":false},"author":9193016,"featured_media":0,"parent":0,"menu_order":0,"comment_status":"closed","ping_status":"closed","template":"","meta":{"footnotes":""},"class_list":["post-961","page","type-page","status-publish","hentry"],"_links":{"self":[{"href":"https:\/\/wordpress.nibis.de\/gsstaugustinus\/wp-json\/wp\/v2\/pages\/961","targetHints":{"allow":["GET"]}}],"collection":[{"href":"https:\/\/wordpress.nibis.de\/gsstaugustinus\/wp-json\/wp\/v2\/pages"}],"about":[{"href":"https:\/\/wordpress.nibis.de\/gsstaugustinus\/wp-json\/wp\/v2\/types\/page"}],"author":[{"embeddable":true,"href":"https:\/\/wordpress.nibis.de\/gsstaugustinus\/wp-json\/wp\/v2\/users\/9193016"}],"replies":[{"embeddable":true,"href":"https:\/\/wordpress.nibis.de\/gsstaugustinus\/wp-json\/wp\/v2\/comments?post=961"}],"version-history":[{"count":1,"href":"https:\/\/wordpress.nibis.de\/gsstaugustinus\/wp-json\/wp\/v2\/pages\/961\/revisions"}],"predecessor-version":[{"id":962,"href":"https:\/\/wordpress.nibis.de\/gsstaugustinus\/wp-json\/wp\/v2\/pages\/961\/revisions\/962"}],"wp:attachment":[{"href":"https:\/\/wordpress.nibis.de\/gsstaugustinus\/wp-json\/wp\/v2\/media?parent=961"}],"curies":[{"name":"wp","href":"https:\/\/api.w.org\/{rel}","templated":true}]}}