{"id":963,"date":"2024-04-20T20:32:00","date_gmt":"2024-04-20T18:32:00","guid":{"rendered":"https:\/\/wordpress.nibis.de\/gsstaugustinus\/?page_id=963"},"modified":"2024-04-20T20:38:02","modified_gmt":"2024-04-20T18:38:02","slug":"lesen-und-verstehen","status":"publish","type":"page","link":"https:\/\/wordpress.nibis.de\/gsstaugustinus\/lesen-und-verstehen\/","title":{"rendered":"Lesen und Verstehen"},"content":{"rendered":"\n<p>Wir achten darauf, dass unsere Schule als lesefreundliche Schule gestaltet wird und Anregungen zum Lesen schafft.<\/p>\n\n\n\n<p>Das erreichen wir durch die F\u00f6rderung der Lesekompetenz wie z.B.<\/p>\n\n\n\n<ul class=\"wp-block-list\"><li>Antolin Lesef\u00f6rderung<\/li><li>Lesen\u00e4chte<\/li><li>Lesem\u00fctter\/ehrenamtliche Lesepaten<\/li><li>Autorenlesungen<\/li><li>Tag des Buches<\/li><li>VIPS lesen vor<\/li><li>Schulb\u00fccherei<\/li><li>Lesep\u00e4sse<\/li><\/ul>\n","protected":false},"excerpt":{"rendered":"<p>Wir achten darauf, dass unsere Schule als lesefreundliche Schule gestaltet wird und Anregungen zum Lesen schafft. Das erreichen wir durch die F\u00f6rderung der Lesekompetenz wie z.B. Antolin Lesef\u00f6rderung Lesen\u00e4chte Lesem\u00fctter\/ehrenamtliche Lesepaten Autorenlesungen Tag des Buches VIPS lesen vor Schulb\u00fccherei Lesep\u00e4sse<\/p>\n","protected":false},"author":9193016,"featured_media":0,"parent":0,"menu_order":0,"comment_status":"closed","ping_status":"closed","template":"","meta":{"footnotes":""},"class_list":["post-963","page","type-page","status-publish","hentry"],"_links":{"self":[{"href":"https:\/\/wordpress.nibis.de\/gsstaugustinus\/wp-json\/wp\/v2\/pages\/963","targetHints":{"allow":["GET"]}}],"collection":[{"href":"https:\/\/wordpress.nibis.de\/gsstaugustinus\/wp-json\/wp\/v2\/pages"}],"about":[{"href":"https:\/\/wordpress.nibis.de\/gsstaugustinus\/wp-json\/wp\/v2\/types\/page"}],"author":[{"embeddable":true,"href":"https:\/\/wordpress.nibis.de\/gsstaugustinus\/wp-json\/wp\/v2\/users\/9193016"}],"replies":[{"embeddable":true,"href":"https:\/\/wordpress.nibis.de\/gsstaugustinus\/wp-json\/wp\/v2\/comments?post=963"}],"version-history":[{"count":1,"href":"https:\/\/wordpress.nibis.de\/gsstaugustinus\/wp-json\/wp\/v2\/pages\/963\/revisions"}],"predecessor-version":[{"id":964,"href":"https:\/\/wordpress.nibis.de\/gsstaugustinus\/wp-json\/wp\/v2\/pages\/963\/revisions\/964"}],"wp:attachment":[{"href":"https:\/\/wordpress.nibis.de\/gsstaugustinus\/wp-json\/wp\/v2\/media?parent=963"}],"curies":[{"name":"wp","href":"https:\/\/api.w.org\/{rel}","templated":true}]}}