{"id":15,"date":"2020-04-06T11:39:02","date_gmt":"2020-04-06T09:39:02","guid":{"rendered":"https:\/\/wordpress.nibis.de\/gsstroehen\/?page_id=15"},"modified":"2025-07-07T07:13:59","modified_gmt":"2025-07-07T05:13:59","slug":"willkommen","status":"publish","type":"page","link":"https:\/\/wordpress.nibis.de\/gsstroehen\/","title":{"rendered":"Herzlich Willkommen"},"content":{"rendered":"\n<div class=\"wp-block-columns has-2-columns is-layout-flex wp-container-core-columns-is-layout-abceabcf wp-block-columns-is-layout-flex\">\n<div class=\"wp-block-column is-layout-flow wp-block-column-is-layout-flow\">\n<p>auf der Homepage der Grundschule Str\u00f6hen.<\/p>\n<p><span style=\"color: #ff6600\">\u201eGemeinsam leben und lernen\u201c<\/span> das ist das Leitbild unserer Grundschule.<\/p>\n<p>82 Sch\u00fclerInnen<span style=\"color: #ff6600\"> leben und lernen<\/span> derzeit in jeweils einer ersten Klasse, einer zweiten, einer dritten und in einer vierten Klasse. Dies realisieren 4 LehrerInnen, 1 Fachlehrerin, 5 p\u00e4d. Mitarbeiterinnen, 1 Ehrenamtliche, die Schulsekret\u00e4rin sowie der Hausmeister und die Schulleiterin Kerstin Schr\u00f6der.<\/p>\n<p>Als verl\u00e4ssliche Grundschule ist uns der friedliche und respektvolle Umgang miteinander sehr wichtig. Dabei soll kein Mensch ungeachtet bleiben und im Rahmen seiner M\u00f6glichkeiten F\u00f6rder- und Forderangebote erhalten.<\/p>\n<p>Auf den folgenden Seiten finden Sie die wichtigsten Informationen.<\/p>\n<p>Viel Freude beim Durchschauen w\u00fcnscht Ihnen das Team der Grundschule Str\u00f6hen!<\/p>\n<\/div>\n\n\n\n<div class=\"wp-block-column is-layout-flow wp-block-column-is-layout-flow\">\n<h1>Schulapp &#8222;It&#8217;s learning&#8220;\u00a0<\/h1>\n<p>Seit dem Schuljahr 2022\/23 kommuniziert das Team der Grundschule Str\u00f6hen mit den Erziehungsberechtigten mit der App &#8222;It&#8217;s learning&#8220;. Alle schulischen Informationen gehen den Beteiligten haupts\u00e4chlich \u00fcber diese Plattform zu. Bei Fragen melden Sie sich bitte im Sekretariat.<\/p>\n<h1>Kontakt<\/h1>\n<div>\n<p>Das Sekretariat ist nicht durchgehend besetzt. Aus diesem Grund bitten wir Sie, bei Gespr\u00e4chsbedarf einen Termin zu vereinbaren. Entweder telefonisch unter 05774-325 oder per E-Mail <a href=\"&#109;a&#x69;l&#x74;&#111;&#x3a;&#118;&#x65;&#114;w&#x61;l&#x74;&#117;&#x6e;&#103;&#x40;&#103;&#x73;&#115;t&#x72;o&#x65;&#104;&#x65;&#110;&#x2e;&#100;e\">v&#101;&#x72;&#x77;a&#108;&#x74;&#x75;n&#103;&#x40;&#x67;s&#115;&#x74;&#x72;o&#101;&#x68;&#x65;n&#46;&#100;&#x65;<\/a>.<\/p>\n<p>DANKE!<\/p>\n<p>\u00a0<\/p>\n<\/div>\n<\/div>\n<\/div>\n\n\n\n<p class=\"has-text-align-center\"><\/p>\n","protected":false},"excerpt":{"rendered":"<p>auf der Homepage der Grundschule Str\u00f6hen. \u201eGemeinsam leben und lernen\u201c das ist das Leitbild unserer Grundschule. 82 Sch\u00fclerInnen leben und lernen derzeit in jeweils einer ersten Klasse, einer zweiten, einer dritten und in einer vierten Klasse. Dies realisieren 4 LehrerInnen, &hellip; <a href=\"https:\/\/wordpress.nibis.de\/gsstroehen\/\">Weiterlesen <span class=\"meta-nav\">&rarr;<\/span><\/a><\/p>\n","protected":false},"author":9193480,"featured_media":0,"parent":0,"menu_order":0,"comment_status":"closed","ping_status":"closed","template":"","meta":{"footnotes":""},"class_list":["post-15","page","type-page","status-publish","hentry"],"_links":{"self":[{"href":"https:\/\/wordpress.nibis.de\/gsstroehen\/wp-json\/wp\/v2\/pages\/15","targetHints":{"allow":["GET"]}}],"collection":[{"href":"https:\/\/wordpress.nibis.de\/gsstroehen\/wp-json\/wp\/v2\/pages"}],"about":[{"href":"https:\/\/wordpress.nibis.de\/gsstroehen\/wp-json\/wp\/v2\/types\/page"}],"author":[{"embeddable":true,"href":"https:\/\/wordpress.nibis.de\/gsstroehen\/wp-json\/wp\/v2\/users\/9193480"}],"replies":[{"embeddable":true,"href":"https:\/\/wordpress.nibis.de\/gsstroehen\/wp-json\/wp\/v2\/comments?post=15"}],"version-history":[{"count":72,"href":"https:\/\/wordpress.nibis.de\/gsstroehen\/wp-json\/wp\/v2\/pages\/15\/revisions"}],"predecessor-version":[{"id":487,"href":"https:\/\/wordpress.nibis.de\/gsstroehen\/wp-json\/wp\/v2\/pages\/15\/revisions\/487"}],"wp:attachment":[{"href":"https:\/\/wordpress.nibis.de\/gsstroehen\/wp-json\/wp\/v2\/media?parent=15"}],"curies":[{"name":"wp","href":"https:\/\/api.w.org\/{rel}","templated":true}]}}