{"id":17,"date":"2020-04-06T11:39:02","date_gmt":"2020-04-06T09:39:02","guid":{"rendered":"https:\/\/wordpress.nibis.de\/gsstroehen\/?page_id=17"},"modified":"2022-09-15T07:00:42","modified_gmt":"2022-09-15T05:00:42","slug":"kontakt","status":"publish","type":"page","link":"https:\/\/wordpress.nibis.de\/gsstroehen\/kontakt\/","title":{"rendered":"B\u00fcro und Kontakt"},"content":{"rendered":"\n<p>Unsere Schulsekret\u00e4rin Janina Teichert ist<\/p>\n<p style=\"text-align: left\"><span style=\"color: #ff6600\">dienstags bis donnerstags von 8.00 Uhr bis 12.00 Uhr <\/span><\/p>\n<p style=\"text-align: left\">freundlich und motiviert f\u00fcr alle Fragen ansprechbar.<\/p>\n<p>Au\u00dferhalb dieser Zeiten k\u00f6nnen Sie gerne\u00a0 anrufen, da jedoch alle MitarbeiterInnen im Unterricht sind, bitten wir Sie um Verst\u00e4ndnis, wenn Ihr Anruf nicht angenommen werden kann.\u00a0<\/p>\n<p>Gerne k\u00f6nnen Sie auch eine Email schreiben:<\/p>\n<h3 style=\"text-align: center\"><strong>Grundschule Str\u00f6hen<\/strong><\/h3>\n<p style=\"text-align: center\">Schulweg 10<br \/>49419 Wagenfeld<\/p>\n<p style=\"text-align: center\">Fon: 05774-325<\/p>\n<p style=\"text-align: center\">&#118;&#x65;&#x72;w&#97;&#x6c;t&#117;&#x6e;&#x67;&#64;&#103;&#x73;s&#116;&#x72;&#x6f;e&#104;&#x65;n&#46;&#x64;&#x65;<\/p>\n","protected":false},"excerpt":{"rendered":"<p>Unsere Schulsekret\u00e4rin Janina Teichert ist dienstags bis donnerstags von 8.00 Uhr bis 12.00 Uhr freundlich und motiviert f\u00fcr alle Fragen ansprechbar. Au\u00dferhalb dieser Zeiten k\u00f6nnen Sie gerne\u00a0 anrufen, da jedoch alle MitarbeiterInnen im Unterricht sind, bitten wir Sie um Verst\u00e4ndnis, &hellip; <a href=\"https:\/\/wordpress.nibis.de\/gsstroehen\/kontakt\/\">Weiterlesen <span class=\"meta-nav\">&rarr;<\/span><\/a><\/p>\n","protected":false},"author":9193480,"featured_media":0,"parent":0,"menu_order":0,"comment_status":"closed","ping_status":"closed","template":"","meta":{"footnotes":""},"class_list":["post-17","page","type-page","status-publish","hentry"],"_links":{"self":[{"href":"https:\/\/wordpress.nibis.de\/gsstroehen\/wp-json\/wp\/v2\/pages\/17","targetHints":{"allow":["GET"]}}],"collection":[{"href":"https:\/\/wordpress.nibis.de\/gsstroehen\/wp-json\/wp\/v2\/pages"}],"about":[{"href":"https:\/\/wordpress.nibis.de\/gsstroehen\/wp-json\/wp\/v2\/types\/page"}],"author":[{"embeddable":true,"href":"https:\/\/wordpress.nibis.de\/gsstroehen\/wp-json\/wp\/v2\/users\/9193480"}],"replies":[{"embeddable":true,"href":"https:\/\/wordpress.nibis.de\/gsstroehen\/wp-json\/wp\/v2\/comments?post=17"}],"version-history":[{"count":10,"href":"https:\/\/wordpress.nibis.de\/gsstroehen\/wp-json\/wp\/v2\/pages\/17\/revisions"}],"predecessor-version":[{"id":454,"href":"https:\/\/wordpress.nibis.de\/gsstroehen\/wp-json\/wp\/v2\/pages\/17\/revisions\/454"}],"wp:attachment":[{"href":"https:\/\/wordpress.nibis.de\/gsstroehen\/wp-json\/wp\/v2\/media?parent=17"}],"curies":[{"name":"wp","href":"https:\/\/api.w.org\/{rel}","templated":true}]}}