{"id":445,"date":"2022-07-22T08:40:54","date_gmt":"2022-07-22T06:40:54","guid":{"rendered":"https:\/\/wordpress.nibis.de\/gsstroehen\/?page_id=445"},"modified":"2024-06-25T11:41:31","modified_gmt":"2024-06-25T09:41:31","slug":"das-schul-abc-der-grundschule-stroehen","status":"publish","type":"page","link":"https:\/\/wordpress.nibis.de\/gsstroehen\/das-schul-abc-der-grundschule-stroehen\/","title":{"rendered":"Schul-ABC"},"content":{"rendered":"\n<p><strong><u>A<\/u><\/strong><\/p>\n\n\n\n<p><strong>Ansprechpartner<\/strong><\/p>\n\n\n\n<p>Ansprechpartner in schulischen Belangen ist in erster Linie unsere Schulleiterin Frau Kerstin Schr\u00f6der. Au\u00dferdem finden Sie auf unserer Homepage weitere Ansprechpartner.<\/p>\n\n\n\n<p><strong>Antolin<\/strong><\/p>\n\n\n\n<p>Das Lesef\u00f6rderungsprogramm \u201eAntolin\u201c wird in der Regel ab Klasse 3 genutzt. Die Kinder lesen in der Schule oder zu Hause B\u00fccher und Lesebuchtexte, zu denen sie anschlie\u00dfend unter <a href=\"http:\/\/www.antolin.de\/\">www.antolin.de<\/a> eigenst\u00e4ndig Fragen beantworten. Hierf\u00fcr k\u00f6nnen sie Punkte sammeln.<\/p>\n\n\n\n<p><strong>Arbeitskreis Mundhygiene<\/strong><\/p>\n\n\n\n<p>Einmal im Schuljahr kommen Mitarbeiterinnen vom Arbeitskreis Mundhygiene, die die Kinder in unseren Klassen \u00fcber Zahnprophylaxe aufkl\u00e4ren.<\/p>\n\n\n\n<p><strong>Ausfl\u00fcge<\/strong><\/p>\n\n\n\n<p>Ausfl\u00fcge und Unterrichtsg\u00e4nge werden von allen Klassen durchgef\u00fchrt. Die Ausfl\u00fcge haben zum Ziel, au\u00dferschulische Lernorte kennen zu lernen.<\/p>\n\n\n\n<p><strong><u>B<\/u><\/strong><\/p>\n\n\n\n<p><strong>Betreuung<\/strong><\/p>\n\n\n\n<p>F\u00fcr die Kinder der Klassen 1 und 2 findet in der 5. Stunde nach Bedarf eine Betreuungsstunde statt. Eine Anmeldung ist erforderlich und verbindlich.<\/p>\n\n\n\n<p><strong>Bundesjugendspiele<\/strong><\/p>\n\n\n\n<p>Jedes Jahr vor den Sommerferien finden die Bundesjugendspiele f\u00fcr alle Kinder unserer Schule statt. Alle zwei Jahre finden die Bundesjugendspiele als Schwimmwettk\u00e4mpfe statt.<\/p>\n\n\n\n<p><strong><u>C<\/u><\/strong><\/p>\n\n\n\n<p><strong>Computer<\/strong><\/p>\n\n\n\n<p>Die Kinder werden an unserer Schule schon fr\u00fch an den Umgang mit dem Computer herangef\u00fchrt. In unserem Computerraum stehen viele internetf\u00e4hige Computer bereit, an denen die Kinder arbeiten k\u00f6nnen. Auch iPads stehen zur Verf\u00fcgung.<\/p>\n\n\n\n<p><strong><u>E<\/u><\/strong><\/p>\n\n\n\n<p><strong>Elternsprechtag<\/strong>e<\/p>\n\n\n\n<p>Die Elternsprechtage finden zweimal j\u00e4hrlich (im Herbst und im Fr\u00fchling) statt.<\/p>\n\n\n\n<p><strong>Elternvertreter<\/strong><\/p>\n\n\n\n<p>Alle zwei Jahre w\u00e4hlen die Erziehungsberechtigten einer Klasse einen Vorsitzenden und einen Stellvertreter. Au\u00dferdem werden drei Mitglieder f\u00fcr die Klassenkonferenzen gew\u00e4hlt.<\/p>\n\n\n\n<p>Die Vorsitzenden der Klassenelternschaften bilden den Schulelternrat. Elternvertreter k\u00f6nnen au\u00dferdem Mitglieder der Gesamtkonferenz, der Fachkonferenzen und des Schulvorstandes sein.<\/p>\n\n\n\n<p><strong>Entschuldigungen<\/strong><\/p>\n\n\n\n<p>Wenn Ihr Kind krank sein sollte, informieren Sie uns bitte morgens vor Schulbeginn.<\/p>\n\n\n\n<p><strong><u>F<\/u><\/strong><\/p>\n\n\n\n<p><strong>Fahrradtraining<\/strong><\/p>\n\n\n\n<p>Die 4. Klassen trainieren im 2. Schulhalbjahr das sichere Fahrradfahren im Stra\u00dfenverkehr. In Zusammenarbeit mit dem Landkreis und der Polizei k\u00f6nnen die Kinder den &#8222;Fahrradf\u00fchrerschein&#8220; erwerben.<\/p>\n\n\n\n<p><strong>Fotograf<\/strong><\/p>\n\n\n\n<p>Einmal im Jahr wird ein Schulfotograf engagiert, der sowohl Klassen- als auch Einzelfots von den Kindern macht. Es besteht kein Kaufzwang.<\/p>\n\n\n\n<p><strong>F\u00f6rderverein<\/strong><\/p>\n\n\n\n<p>Eine wichtige Einrichtung ist unser F\u00f6rderverein. Durch ehrenamtliche Aktionen und Geldzuwendungen tr\u00e4gt er zu einem aktiven Schulleben bei. Er spendet z. B. Ger\u00e4te und Medien.<\/p>\n\n\n\n<p><strong>Fr\u00fchst\u00fcck<\/strong><\/p>\n\n\n\n<p>Wir fr\u00fchst\u00fccken jeden Morgen gemeinsam in der Klasse vor der gro\u00dfen Pause. Dabei achten wir auf ein gesundes Fr\u00fchst\u00fcck.<\/p>\n\n\n\n<p><strong>Fundsachen<\/strong><\/p>\n\n\n\n<p>Alle Fundsachen wie z. B. Kleidungsst\u00fccke und Gegenst\u00e4nde werden beim Hausmeister gesammelt.<\/p>\n\n\n\n<p><strong><u>G<\/u><\/strong><\/p>\n\n\n\n<p><strong>Ganztag<\/strong><\/p>\n\n\n\n<p>Wir sind eine offenen Ganztagsschule. Die Kinder k\u00f6nnen an einem bis zu drei Nachmittagen, montags bis mittwochs, bis 15.30 Uhr das Ganztagsangebot der Schule besuchen. Es wird auch ein kostenpflichtiges Mittagessen angeboten. Die Kinder k\u00f6nnen sich jedoch auch selbst etwas mitbringen.<\/p>\n\n\n\n<p><strong><span style=\"text-decoration: underline\" class=\"underline\">I<\/span><\/strong><\/p>\n\n\n\n<p><strong>&#8222;It&#8217;s Learning&#8220;<\/strong><\/p>\n\n\n\n<p>Seit dem Schuljahr 2022\/23 kommuniziert das Team der Grundschule Str\u00f6hen haupts\u00e4chlich mit der &#8222;It&#8217;s Learning&#8220; mit den Erziehungsberechtigten. Auch wichtige Dokumente sind dort bei Ressourcen zu finden.<\/p>\n\n\n\n<p><strong><u>K<\/u><\/strong><\/p>\n\n\n\n<p><strong>Klassenfahrt<\/strong><\/p>\n\n\n\n<p>In der Regel findet im 4. Schuljahr eine mehrt\u00e4gige Klassenfahrt statt. Dabei wird die Klasse von zwei Aufsichtspersonen begleitet.<\/p>\n\n\n\n<p><strong>Konferenzen<\/strong><\/p>\n\n\n\n<p>An unserer Schule finden regelm\u00e4\u00dfig Konferenzen in unterschiedlicher Besetzung statt:<br>Gesamtkonferenzen, Schulvorstandssitzungen, Fachkonferenzen, Klassenkonferenzen<\/p>\n\n\n\n<p><strong>Krankheiten<\/strong><\/p>\n\n\n\n<p>Sollte ihr Kind an einer ansteckenden Krankheit leiden oder Kopfl\u00e4use haben, sind Sie verpflichtet, das zum Schutz der anderen Personen umgehend der Schule zu melden.<\/p>\n\n\n\n<p><span style=\"text-decoration: underline\" class=\"underline\"><strong>N<\/strong><\/span><\/p>\n\n\n\n<p><strong>Naturparkschule<\/strong><\/p>\n\n\n\n<p>Als Naturparkschule sensibilisieren wir die Kinder f\u00fcr die Naturph\u00e4nomene ihrer Heimat. So gehen die Kinder &#8222;entkusseln&#8220; und lernen Tiere des Moores kennen, sie pflegen den Schulgarten, beobachten unsere Obstb\u00e4ume und Insektenhotels und vieles mehr.<\/p>\n\n\n\n<p><strong><u>O<\/u><\/strong><\/p>\n\n\n\n<p><strong>Ordnung<\/strong><\/p>\n\n\n\n<p>Schauen Sie regelm\u00e4\u00dfig gemeinsam mit ihrem Kind in den Schulranzen. Achten Sie darauf, dass alle Materialien vollst\u00e4ndig sind.<\/p>\n\n\n\n<p><strong><u>P<\/u><\/strong><\/p>\n\n\n\n<p><strong>Pausen<\/strong><\/p>\n\n\n\n<p>In den Pausen gehen die Kinder auf den Schulhof. Sie werden dort von einer Lehrkraft beaufsichtigt. Bei starkem Regen findet die Pause im jeweiligen Klassenraum statt. Dort stehen Spiele zur Verf\u00fcgung.<\/p>\n\n\n\n<p><strong>Postmappe<\/strong><\/p>\n\n\n\n<p>Jedes Kind hat von Beginn an eine gelbe Postmappe. Dort werden Elternbriefe und wichtige Mitteilungen f\u00fcr zu Hause aufbewahrt.<\/p>\n\n\n\n<p><strong>Projektwochen<\/strong><\/p>\n\n\n\n<p>Alle vier Jahre finden wechselnde Projektwochen in der Grundschule Str\u00f6hen statt.<\/p>\n\n\n\n<p><strong><u>S<\/u><\/strong><\/p>\n\n\n\n<p><strong>Schwimmunterricht<\/strong><\/p>\n\n\n\n<p>Der Schwimmunterricht findet halbj\u00e4hrlich in allen Klassen statt. Die Klassen werden dabei stets von zwei Aufsichtspersonen begleitet.<\/p>\n\n\n\n<p><strong>Schulb\u00fccherei<\/strong><\/p>\n\n\n\n<p>In unserer Schule gibt es eine Schulb\u00fccherei, die vom F\u00f6rderverein gepflegt wird. Die Kinder k\u00f6nnen sich dort in festgelegten Pausen kostenlos B\u00fccher ausleihen.<\/p>\n\n\n\n<p><strong>Sch\u00fclerrat<\/strong><\/p>\n\n\n\n<p>Der Sch\u00fclerrat der Grundschule Str\u00f6hen setzt sich aus den jeweiligen Klassensprechern der Klassen 1 bis 4 zusammen. Eine Lehrkraft begleitet den Sch\u00fclerrat und diskutiert in regelm\u00e4\u00dfigen Abst\u00e4nden Ideen, Verbesserungsvorschl\u00e4ge und Anschaffungsw\u00fcnsche f\u00fcr unsere Schule.<\/p>\n\n\n\n<p><strong>Sekret\u00e4rin<\/strong><\/p>\n\n\n\n<p>Unsere Schulsekret\u00e4rin hei\u00dft Janina Teichert. Das Schulsekretariat ist am Dienstag, Mittwoch und Donnerstag in der Zeit von 8 bis 12.00 Uhr ge\u00f6ffnet.<\/p>\n\n\n\n<p><strong><u>U<\/u><\/strong><\/p>\n\n\n\n<p><strong>Unterrichts- und Pausenzeiten<\/strong><\/p>\n\n\n\n<p>1. Stunde: 07.55 bis 08.40 Uhr<br>2. Stunde: 08.40 bis 09.15 Uhr<\/p>\n\n\n\n<p>Fr\u00fchst\u00fcckspause 09.15 bis 09.25 Uhr<br>Hofpause: 09.25 bis 09.45 Uhr<\/p>\n\n\n\n<p>3. Stunde: 09.45 bis 10.30 Uhr<br>4. Stunde: 10.35 bis 11.20 Uhr<\/p>\n\n\n\n<p>Hofpause: 11.20 bis 11.40 Uhr<\/p>\n\n\n\n<p>5. Stunde: 11.40 bis 12.25 Uhr<br>6. Stunde: 12.25 bis 13.10 Uhr<\/p>\n\n\n\n<p><strong><u>V<\/u><\/strong><\/p>\n\n\n\n<p><strong>Verl\u00e4sslichkeit<\/strong><\/p>\n\n\n\n<p>Unsere Grundschule ist verl\u00e4sslich, d. h. es f\u00e4llt i.d.R. kein Unterricht aus.<\/p>\n\n\n\n<p><strong><u>W<\/u><\/strong><\/p>\n\n\n\n<p><strong>Weihnachtstheater<\/strong><\/p>\n\n\n\n<p>Jedes Jahr in der Adventszeit besucht die ganze Schule gemeinsam ein Theaterst\u00fcck f\u00fcr Kinder in einem Theater in der Umgebung.<\/p>\n\n\n\n<p><strong><u>Z<\/u><\/strong><\/p>\n\n\n\n<p><strong>Zahnarztkartenaktion<\/strong><\/p>\n\n\n\n<p>Die Kinder unserer Schule nehmen zu Schuljahresbeginn an der Zahnarztkartenaktion teil. \u00dcber die H\u00f6he der Pr\u00e4mie f\u00fcr die Klassenkasse entscheidet die Anzahl der nach dem Zahnarztbesuch in der Schule zur\u00fcckgegebenen Karten.<\/p>\n\n\n\n<p><strong>Zeugnisse<\/strong><\/p>\n\n\n\n<p>Im 1. und 2. Schuljahr bekommt ihr Kind noch keine Zensuren, sondern schriftliche Beurteilungen. Im 3. und 4. Schuljahr werden Zensurenzeugnisse erteilt.<\/p>\n","protected":false},"excerpt":{"rendered":"<p>A Ansprechpartner Ansprechpartner in schulischen Belangen ist in erster Linie unsere Schulleiterin Frau Kerstin Schr\u00f6der. Au\u00dferdem finden Sie auf unserer Homepage weitere Ansprechpartner. Antolin Das Lesef\u00f6rderungsprogramm \u201eAntolin\u201c wird in der Regel ab Klasse 3 genutzt. Die Kinder lesen in der &hellip; <a href=\"https:\/\/wordpress.nibis.de\/gsstroehen\/das-schul-abc-der-grundschule-stroehen\/\">Weiterlesen <span class=\"meta-nav\">&rarr;<\/span><\/a><\/p>\n","protected":false},"author":9193480,"featured_media":0,"parent":0,"menu_order":0,"comment_status":"closed","ping_status":"closed","template":"","meta":{"footnotes":""},"class_list":["post-445","page","type-page","status-publish","hentry"],"_links":{"self":[{"href":"https:\/\/wordpress.nibis.de\/gsstroehen\/wp-json\/wp\/v2\/pages\/445","targetHints":{"allow":["GET"]}}],"collection":[{"href":"https:\/\/wordpress.nibis.de\/gsstroehen\/wp-json\/wp\/v2\/pages"}],"about":[{"href":"https:\/\/wordpress.nibis.de\/gsstroehen\/wp-json\/wp\/v2\/types\/page"}],"author":[{"embeddable":true,"href":"https:\/\/wordpress.nibis.de\/gsstroehen\/wp-json\/wp\/v2\/users\/9193480"}],"replies":[{"embeddable":true,"href":"https:\/\/wordpress.nibis.de\/gsstroehen\/wp-json\/wp\/v2\/comments?post=445"}],"version-history":[{"count":5,"href":"https:\/\/wordpress.nibis.de\/gsstroehen\/wp-json\/wp\/v2\/pages\/445\/revisions"}],"predecessor-version":[{"id":481,"href":"https:\/\/wordpress.nibis.de\/gsstroehen\/wp-json\/wp\/v2\/pages\/445\/revisions\/481"}],"wp:attachment":[{"href":"https:\/\/wordpress.nibis.de\/gsstroehen\/wp-json\/wp\/v2\/media?parent=445"}],"curies":[{"name":"wp","href":"https:\/\/api.w.org\/{rel}","templated":true}]}}