{"id":54,"date":"2020-04-07T08:46:17","date_gmt":"2020-04-07T06:46:17","guid":{"rendered":"https:\/\/wordpress.nibis.de\/gsstroehen\/?page_id=54"},"modified":"2025-07-07T07:20:47","modified_gmt":"2025-07-07T05:20:47","slug":"schulgemeinschaft","status":"publish","type":"page","link":"https:\/\/wordpress.nibis.de\/gsstroehen\/schulgemeinschaft\/","title":{"rendered":"Schulgemeinschaft"},"content":{"rendered":"\n<p>\u00a0<\/p>\n<p>Unsere Schulgemeinschaft besteht derzeit aus <strong>82 Sch\u00fclerInnen<\/strong>, die in<strong> 4 Klassen<\/strong> unterrichtet werden.<br \/>Diese verantwortungsvolle Aufgabe \u00fcbernimmt das Team der Grundschule Str\u00f6hen gemeinsam mit den <strong>Eltern und Erziehungsberechtigten.<\/strong><\/p>\n<p>4 Lehrkr\u00e4fte betreuen die Sch\u00fclerInnen als Klassenleitung:<br \/>Klasse 1: <strong>Sema D\u00f6nmez\u00a0<\/strong><br \/>Klasse 2:\u00a0 <strong>Christine L\u00fcbbehusen<\/strong><br \/>Klasse 3: <strong>Robert Wendt<\/strong><br \/>Klasse 4: <strong>Melanie Meyerrose<\/strong><strong>\u00a0<\/strong><br \/><br \/><br \/>Unterst\u00fctzt werden sie von der Fachlehrerin <strong>Claudia K\u00f6ster-Bohne<\/strong>.<\/p>\n<p>F\u00fcr die &#8222;Verl\u00e4ssliche Grundschule&#8220; und das &#8222;Ganztagsangebot&#8220; werden die Sch\u00fclerInnen zus\u00e4tzlich von 5 p\u00e4dagogischen Mitarbeiterinnen betreut:<br \/><strong>Astrid Kropp<\/strong>: Durchf\u00fchrung von F\u00f6rderangeboten, Betreuung der Klasse 1 t\u00e4glich in der 5. Stunde und Gestaltung von Ganztagangeboten<br \/><strong>Tanja Hermjohannes<\/strong>: Betreuung der Klasse 2\u00a0 donnerstags und freitags in der 5. Stunde<br \/><strong>Angelika Kropp<\/strong>: Aufsicht im Ganztag<br \/><strong>Claudia Kienz und Bettina Windhorst<\/strong>: Gestaltung von Ganztagsangeboten<\/p>\n<p>Ein besonderes Dankesch\u00f6n gilt <strong>Rose Miksch<\/strong>, die als ehrenamtliche Helferin unser Team im Ganztag unterst\u00fctzt.<\/p>\n<p>Die Sonderp\u00e4dagogische Grundversorgung, sowie die gezielte F\u00f6rderung von Kindern mit F\u00f6rderbedarf \u00fcbernimmt die Schulleiterin und F\u00f6rderschullehrerin <strong>Kerstin Schr\u00f6der. <br \/><\/strong>Zudem\u00a0 unterrichtet und betreut sie alle Kinder und steht den Eltern, Erziehungsberechtigten, LehrerInnen und p\u00e4dagogischen MitarbeiterInnen mit Rat und Tat zur Seite.<\/p>\n<p>Im Sekretariat ist <strong>Janina Teichert<\/strong> Dienstag bis Donnerstag von 8 Uhr bis 12 Uhr f\u00fcr Fragen und Informationen ansprechbar.<\/p>\n<p><strong>Mathias Schmetz<\/strong> ist der Mensch f\u00fcr &#8222;alles rund um Schule&#8220;: er repariert alles, was kaputt geht, h\u00e4lt das Au\u00dfengel\u00e4nde in Ordnung und hilft, wo er kann.<\/p>\n<p>So wird unser Schulmotto realisiert:<br \/>\u00a0 \u00a0 \u00a0 \u00a0 \u00a0 \u00a0 \u00a0 \u00a0 \u00a0 \u00a0 \u00a0 \u00a0 \u00a0 \u00a0 \u00a0 \u00a0 \u00a0 \u00a0 \u00a0 \u00a0 \u00a0 \u00a0 \u00a0 \u00a0 \u00a0 \u00a0 \u00a0 \u00a0 \u00a0 \u00a0 \u00a0 \u00a0 \u00a0 \u00a0 \u00a0 \u00a0 \u00a0 \u00a0 \u00a0 \u00a0 \u00a0 \u00a0 \u00a0 <img loading=\"lazy\" decoding=\"async\" class=\"alignnone  wp-image-72\" src=\"https:\/\/wordpress.nibis.de\/gsstroehen\/files\/2020\/04\/cropped-Leitbild1-2-1-300x300.jpg\" alt=\"\" width=\"170\" height=\"170\" srcset=\"https:\/\/wordpress.nibis.de\/gsstroehen\/files\/2020\/04\/cropped-Leitbild1-2-1-300x300.jpg 300w, https:\/\/wordpress.nibis.de\/gsstroehen\/files\/2020\/04\/cropped-Leitbild1-2-1-150x150.jpg 150w, https:\/\/wordpress.nibis.de\/gsstroehen\/files\/2020\/04\/cropped-Leitbild1-2-1-768x768.jpg 768w, https:\/\/wordpress.nibis.de\/gsstroehen\/files\/2020\/04\/cropped-Leitbild1-2-1.jpg 1024w\" sizes=\"auto, (max-width: 170px) 100vw, 170px\" \/><\/p>\n","protected":false},"excerpt":{"rendered":"<p>\u00a0 Unsere Schulgemeinschaft besteht derzeit aus 82 Sch\u00fclerInnen, die in 4 Klassen unterrichtet werden.Diese verantwortungsvolle Aufgabe \u00fcbernimmt das Team der Grundschule Str\u00f6hen gemeinsam mit den Eltern und Erziehungsberechtigten. 4 Lehrkr\u00e4fte betreuen die Sch\u00fclerInnen als Klassenleitung:Klasse 1: Sema D\u00f6nmez\u00a0Klasse 2:\u00a0 Christine &hellip; <a href=\"https:\/\/wordpress.nibis.de\/gsstroehen\/schulgemeinschaft\/\">Weiterlesen <span class=\"meta-nav\">&rarr;<\/span><\/a><\/p>\n","protected":false},"author":9193480,"featured_media":0,"parent":0,"menu_order":0,"comment_status":"closed","ping_status":"closed","template":"","meta":{"footnotes":""},"class_list":["post-54","page","type-page","status-publish","hentry"],"_links":{"self":[{"href":"https:\/\/wordpress.nibis.de\/gsstroehen\/wp-json\/wp\/v2\/pages\/54","targetHints":{"allow":["GET"]}}],"collection":[{"href":"https:\/\/wordpress.nibis.de\/gsstroehen\/wp-json\/wp\/v2\/pages"}],"about":[{"href":"https:\/\/wordpress.nibis.de\/gsstroehen\/wp-json\/wp\/v2\/types\/page"}],"author":[{"embeddable":true,"href":"https:\/\/wordpress.nibis.de\/gsstroehen\/wp-json\/wp\/v2\/users\/9193480"}],"replies":[{"embeddable":true,"href":"https:\/\/wordpress.nibis.de\/gsstroehen\/wp-json\/wp\/v2\/comments?post=54"}],"version-history":[{"count":10,"href":"https:\/\/wordpress.nibis.de\/gsstroehen\/wp-json\/wp\/v2\/pages\/54\/revisions"}],"predecessor-version":[{"id":489,"href":"https:\/\/wordpress.nibis.de\/gsstroehen\/wp-json\/wp\/v2\/pages\/54\/revisions\/489"}],"wp:attachment":[{"href":"https:\/\/wordpress.nibis.de\/gsstroehen\/wp-json\/wp\/v2\/media?parent=54"}],"curies":[{"name":"wp","href":"https:\/\/api.w.org\/{rel}","templated":true}]}}