{"id":56,"date":"2020-04-14T13:26:43","date_gmt":"2020-04-14T11:26:43","guid":{"rendered":"https:\/\/wordpress.nibis.de\/gsstroehen\/?page_id=56"},"modified":"2020-04-14T13:26:43","modified_gmt":"2020-04-14T11:26:43","slug":"schulkonzept","status":"publish","type":"page","link":"https:\/\/wordpress.nibis.de\/gsstroehen\/schulkonzept\/","title":{"rendered":"Schulkonzept"},"content":{"rendered":"\n<p>Alle Mitarbeiter arbeiten motiviert an der Weiterentwicklung und Realisierung unseres Schulkonzeptes und der Konzepte f\u00fcr<\/p>\n<ul>\n<li>Gesundheitserziehung<\/li>\n<li>die spezielle F\u00f6rderung und Forderung der Sch\u00fcler<\/li>\n<li>die Sprachf\u00f6rderung<\/li>\n<li>Medienbildung<\/li>\n<li>Sicherheit<\/li>\n<li>die Zusammenarbeit mit KiTas und den weiterf\u00fchrenden Schulen\u00a0<\/li>\n<li>und f\u00fcr viele mehr<\/li>\n<\/ul>\n<p>Als Naturparkschule realisieren wir den Grundgedanken, Kindern und Jugendlichen auf bildungsplanorientierter Basis Themen aus den Bereichen Natur, Kultur und Heimat im Umfeld ihrer Schule mit au\u00dferschulischen Partnern intensiv nahezubringen.<\/p>\n<p>Weitere Informationen finden Sie bald hier.<\/p>\n","protected":false},"excerpt":{"rendered":"<p>Alle Mitarbeiter arbeiten motiviert an der Weiterentwicklung und Realisierung unseres Schulkonzeptes und der Konzepte f\u00fcr Gesundheitserziehung die spezielle F\u00f6rderung und Forderung der Sch\u00fcler die Sprachf\u00f6rderung Medienbildung Sicherheit die Zusammenarbeit mit KiTas und den weiterf\u00fchrenden Schulen\u00a0 und f\u00fcr viele mehr Als &hellip; <a href=\"https:\/\/wordpress.nibis.de\/gsstroehen\/schulkonzept\/\">Weiterlesen <span class=\"meta-nav\">&rarr;<\/span><\/a><\/p>\n","protected":false},"author":9193480,"featured_media":0,"parent":0,"menu_order":0,"comment_status":"closed","ping_status":"closed","template":"","meta":{"footnotes":""},"class_list":["post-56","page","type-page","status-publish","hentry"],"_links":{"self":[{"href":"https:\/\/wordpress.nibis.de\/gsstroehen\/wp-json\/wp\/v2\/pages\/56","targetHints":{"allow":["GET"]}}],"collection":[{"href":"https:\/\/wordpress.nibis.de\/gsstroehen\/wp-json\/wp\/v2\/pages"}],"about":[{"href":"https:\/\/wordpress.nibis.de\/gsstroehen\/wp-json\/wp\/v2\/types\/page"}],"author":[{"embeddable":true,"href":"https:\/\/wordpress.nibis.de\/gsstroehen\/wp-json\/wp\/v2\/users\/9193480"}],"replies":[{"embeddable":true,"href":"https:\/\/wordpress.nibis.de\/gsstroehen\/wp-json\/wp\/v2\/comments?post=56"}],"version-history":[{"count":4,"href":"https:\/\/wordpress.nibis.de\/gsstroehen\/wp-json\/wp\/v2\/pages\/56\/revisions"}],"predecessor-version":[{"id":215,"href":"https:\/\/wordpress.nibis.de\/gsstroehen\/wp-json\/wp\/v2\/pages\/56\/revisions\/215"}],"wp:attachment":[{"href":"https:\/\/wordpress.nibis.de\/gsstroehen\/wp-json\/wp\/v2\/media?parent=56"}],"curies":[{"name":"wp","href":"https:\/\/api.w.org\/{rel}","templated":true}]}}