{"id":62,"date":"2020-04-21T12:13:53","date_gmt":"2020-04-21T10:13:53","guid":{"rendered":"https:\/\/wordpress.nibis.de\/gsstroehen\/?page_id=62"},"modified":"2025-07-07T07:39:37","modified_gmt":"2025-07-07T05:39:37","slug":"ideenkiste","status":"publish","type":"page","link":"https:\/\/wordpress.nibis.de\/gsstroehen\/ideenkiste\/","title":{"rendered":"Verl\u00e4ssliche Grundschule"},"content":{"rendered":"\n<p>Die erste Klasse hat an vier Tagen der Woche 4 Stunden Unterricht. Das bedeutet: von 7.55 Uhr bis 11.20 Uhr. Danach ist Unterrichtsschluss. Im Anschluss an den Unterricht findet eine Betreuungsstunde (von 11.40 Uhr bis 12.25 Uhr) statt, f\u00fcr deren Teilnahme Sie ihr Kind verbindlich anmelden.\u00a0<\/p>\n\n\n\n<p>Die zweite Klasse hat an zwei Tagen in der Woche: <strong>&nbsp;donnerstags und freitags<\/strong> 4 Stunden Unterricht (von 7.55 Uhr bis 11.20 Uhr). Danach ist Unterrichtsschluss. Im Anschluss daran findet an diesen zwei Tagen bis 12.25 Uhr eine Betreuungsstunde statt.&nbsp;<\/p>\n\n\n\n<p>Die Betreuungsstunden werden nicht von Lehrkr\u00e4ften, sondern von p\u00e4dagogischen Mitarbeitern der Schule durchgef\u00fchrt.<\/p>\n<p>Wenn Sie sich f\u00fcr das Angebot entscheiden, nimmt Ihr Kind an allen angebotenen Betreuungstagen teil.\u00a0<\/p>\n<p>Bei Wahl des Ganztagsschulangebotes, findet die Betreuung an diesem Tag automatisch in der f\u00fcnften Stunde f\u00fcr Ihr Kind statt.<\/p>\n\n\n\n<p><\/p>\n","protected":false},"excerpt":{"rendered":"<p>Die erste Klasse hat an vier Tagen der Woche 4 Stunden Unterricht. Das bedeutet: von 7.55 Uhr bis 11.20 Uhr. Danach ist Unterrichtsschluss. Im Anschluss an den Unterricht findet eine Betreuungsstunde (von 11.40 Uhr bis 12.25 Uhr) statt, f\u00fcr deren &hellip; <a href=\"https:\/\/wordpress.nibis.de\/gsstroehen\/ideenkiste\/\">Weiterlesen <span class=\"meta-nav\">&rarr;<\/span><\/a><\/p>\n","protected":false},"author":9193480,"featured_media":0,"parent":0,"menu_order":0,"comment_status":"closed","ping_status":"closed","template":"","meta":{"footnotes":""},"class_list":["post-62","page","type-page","status-publish","hentry"],"_links":{"self":[{"href":"https:\/\/wordpress.nibis.de\/gsstroehen\/wp-json\/wp\/v2\/pages\/62","targetHints":{"allow":["GET"]}}],"collection":[{"href":"https:\/\/wordpress.nibis.de\/gsstroehen\/wp-json\/wp\/v2\/pages"}],"about":[{"href":"https:\/\/wordpress.nibis.de\/gsstroehen\/wp-json\/wp\/v2\/types\/page"}],"author":[{"embeddable":true,"href":"https:\/\/wordpress.nibis.de\/gsstroehen\/wp-json\/wp\/v2\/users\/9193480"}],"replies":[{"embeddable":true,"href":"https:\/\/wordpress.nibis.de\/gsstroehen\/wp-json\/wp\/v2\/comments?post=62"}],"version-history":[{"count":14,"href":"https:\/\/wordpress.nibis.de\/gsstroehen\/wp-json\/wp\/v2\/pages\/62\/revisions"}],"predecessor-version":[{"id":499,"href":"https:\/\/wordpress.nibis.de\/gsstroehen\/wp-json\/wp\/v2\/pages\/62\/revisions\/499"}],"wp:attachment":[{"href":"https:\/\/wordpress.nibis.de\/gsstroehen\/wp-json\/wp\/v2\/media?parent=62"}],"curies":[{"name":"wp","href":"https:\/\/api.w.org\/{rel}","templated":true}]}}