{"id":64,"date":"2020-04-14T13:32:02","date_gmt":"2020-04-14T11:32:02","guid":{"rendered":"https:\/\/wordpress.nibis.de\/gsstroehen\/?page_id=64"},"modified":"2021-07-27T15:03:54","modified_gmt":"2021-07-27T13:03:54","slug":"foerderverein","status":"publish","type":"page","link":"https:\/\/wordpress.nibis.de\/gsstroehen\/foerderverein\/","title":{"rendered":"F\u00f6rderverein"},"content":{"rendered":"\n<div class=\"wp-block-image\"><figure class=\"aligncenter size-large is-resized\"><img loading=\"lazy\" decoding=\"async\" src=\"https:\/\/wordpress.nibis.de\/gsstroehen\/files\/2021\/07\/F\u00f6rderverwin-Bild-2-1024x761.jpg\" alt=\"\" class=\"wp-image-304\" width=\"763\" height=\"565\" \/><\/figure><\/div>\n\n\n\n<p>Hierf\u00fcr danken wir allen Unterst\u00fctzern ganz herzlich.<\/p>\n\n\n\n<p>M\u00f6chten Sie auch Teil der Gemeinschaft werden? Dann werden Sie Mitglied!<\/p>\n\n\n","protected":false},"excerpt":{"rendered":"<p>Hierf\u00fcr danken wir allen Unterst\u00fctzern ganz herzlich. M\u00f6chten Sie auch Teil der Gemeinschaft werden? Dann werden Sie Mitglied!<\/p>\n","protected":false},"author":9193480,"featured_media":0,"parent":0,"menu_order":0,"comment_status":"closed","ping_status":"closed","template":"","meta":{"footnotes":""},"class_list":["post-64","page","type-page","status-publish","hentry"],"_links":{"self":[{"href":"https:\/\/wordpress.nibis.de\/gsstroehen\/wp-json\/wp\/v2\/pages\/64","targetHints":{"allow":["GET"]}}],"collection":[{"href":"https:\/\/wordpress.nibis.de\/gsstroehen\/wp-json\/wp\/v2\/pages"}],"about":[{"href":"https:\/\/wordpress.nibis.de\/gsstroehen\/wp-json\/wp\/v2\/types\/page"}],"author":[{"embeddable":true,"href":"https:\/\/wordpress.nibis.de\/gsstroehen\/wp-json\/wp\/v2\/users\/9193480"}],"replies":[{"embeddable":true,"href":"https:\/\/wordpress.nibis.de\/gsstroehen\/wp-json\/wp\/v2\/comments?post=64"}],"version-history":[{"count":5,"href":"https:\/\/wordpress.nibis.de\/gsstroehen\/wp-json\/wp\/v2\/pages\/64\/revisions"}],"predecessor-version":[{"id":307,"href":"https:\/\/wordpress.nibis.de\/gsstroehen\/wp-json\/wp\/v2\/pages\/64\/revisions\/307"}],"wp:attachment":[{"href":"https:\/\/wordpress.nibis.de\/gsstroehen\/wp-json\/wp\/v2\/media?parent=64"}],"curies":[{"name":"wp","href":"https:\/\/api.w.org\/{rel}","templated":true}]}}