{"id":10041,"date":"2025-08-06T08:05:51","date_gmt":"2025-08-06T06:05:51","guid":{"rendered":"https:\/\/wordpress.nibis.de\/gssuederberg\/?page_id=10041"},"modified":"2025-08-06T08:07:28","modified_gmt":"2025-08-06T06:07:28","slug":"klasse-1a","status":"publish","type":"page","link":"https:\/\/wordpress.nibis.de\/gssuederberg\/klasse-1a\/","title":{"rendered":"Klasse 1a"},"content":{"rendered":"\n<p>Die Klasse 1a wird von Frau Eckholt unterrichtet.<\/p>\n<p>Am Samstag, dem 16. August findet die Einschulung statt. Der Einschulungsgottesdienst beginnt um 8 Uhr in der ev. Johannes-der-T\u00e4ufer-Kirche. Im Anschluss werden die neuen Schulkinder in der gro\u00dfen Turnhalle von ihren Patinnen und Paten der vierten Klassen begr\u00fc\u00dft. Anschlie\u00dfend haben die Kinder der Klasse 1a ihre erste Schulstunde mit Frau Eckholt.<\/p>\n","protected":false},"excerpt":{"rendered":"<p>Die Klasse 1a wird von Frau Eckholt unterrichtet. Am Samstag, dem 16. August findet die Einschulung statt. Der Einschulungsgottesdienst beginnt um 8 Uhr in der ev. Johannes-der-T\u00e4ufer-Kirche. Im Anschluss werden die neuen Schulkinder in der gro\u00dfen Turnhalle von ihren Patinnen &hellip; <a href=\"https:\/\/wordpress.nibis.de\/gssuederberg\/klasse-1a\/\">Weiterlesen <span class=\"meta-nav\">&rarr;<\/span><\/a><\/p>\n","protected":false},"author":292,"featured_media":0,"parent":0,"menu_order":0,"comment_status":"closed","ping_status":"closed","template":"","meta":{"footnotes":""},"class_list":["post-10041","page","type-page","status-publish","hentry"],"_links":{"self":[{"href":"https:\/\/wordpress.nibis.de\/gssuederberg\/wp-json\/wp\/v2\/pages\/10041","targetHints":{"allow":["GET"]}}],"collection":[{"href":"https:\/\/wordpress.nibis.de\/gssuederberg\/wp-json\/wp\/v2\/pages"}],"about":[{"href":"https:\/\/wordpress.nibis.de\/gssuederberg\/wp-json\/wp\/v2\/types\/page"}],"author":[{"embeddable":true,"href":"https:\/\/wordpress.nibis.de\/gssuederberg\/wp-json\/wp\/v2\/users\/292"}],"replies":[{"embeddable":true,"href":"https:\/\/wordpress.nibis.de\/gssuederberg\/wp-json\/wp\/v2\/comments?post=10041"}],"version-history":[{"count":2,"href":"https:\/\/wordpress.nibis.de\/gssuederberg\/wp-json\/wp\/v2\/pages\/10041\/revisions"}],"predecessor-version":[{"id":10047,"href":"https:\/\/wordpress.nibis.de\/gssuederberg\/wp-json\/wp\/v2\/pages\/10041\/revisions\/10047"}],"wp:attachment":[{"href":"https:\/\/wordpress.nibis.de\/gssuederberg\/wp-json\/wp\/v2\/media?parent=10041"}],"curies":[{"name":"wp","href":"https:\/\/api.w.org\/{rel}","templated":true}]}}