{"id":10045,"date":"2025-08-06T08:07:03","date_gmt":"2025-08-06T06:07:03","guid":{"rendered":"https:\/\/wordpress.nibis.de\/gssuederberg\/?page_id=10045"},"modified":"2025-08-06T08:07:03","modified_gmt":"2025-08-06T06:07:03","slug":"klasse-1c","status":"publish","type":"page","link":"https:\/\/wordpress.nibis.de\/gssuederberg\/klasse-1c\/","title":{"rendered":"Klasse 1c"},"content":{"rendered":"\n<p>Die Klasse 1c wird von Frau Fla\u00dfp\u00f6hler unterrichtet.<\/p>\n<p>Am Samstag, dem 16. August findet die Einschulung statt. Der Einschulungsgottesdienst beginnt um 8 Uhr in der ev. Johannes-der-T\u00e4ufer-Kirche. Im Anschluss werden die neuen Schulkinder in der gro\u00dfen Turnhalle von ihren Patinnen und Paten der vierten Klassen begr\u00fc\u00dft. Anschlie\u00dfend haben die Kinder der Klasse 1c ihre erste Schulstunde mit Frau Fla\u00dfp\u00f6hler.<\/p>\n","protected":false},"excerpt":{"rendered":"<p>Die Klasse 1c wird von Frau Fla\u00dfp\u00f6hler unterrichtet. Am Samstag, dem 16. August findet die Einschulung statt. Der Einschulungsgottesdienst beginnt um 8 Uhr in der ev. Johannes-der-T\u00e4ufer-Kirche. Im Anschluss werden die neuen Schulkinder in der gro\u00dfen Turnhalle von ihren Patinnen &hellip; <a href=\"https:\/\/wordpress.nibis.de\/gssuederberg\/klasse-1c\/\">Weiterlesen <span class=\"meta-nav\">&rarr;<\/span><\/a><\/p>\n","protected":false},"author":292,"featured_media":0,"parent":0,"menu_order":0,"comment_status":"closed","ping_status":"closed","template":"","meta":{"footnotes":""},"class_list":["post-10045","page","type-page","status-publish","hentry"],"_links":{"self":[{"href":"https:\/\/wordpress.nibis.de\/gssuederberg\/wp-json\/wp\/v2\/pages\/10045","targetHints":{"allow":["GET"]}}],"collection":[{"href":"https:\/\/wordpress.nibis.de\/gssuederberg\/wp-json\/wp\/v2\/pages"}],"about":[{"href":"https:\/\/wordpress.nibis.de\/gssuederberg\/wp-json\/wp\/v2\/types\/page"}],"author":[{"embeddable":true,"href":"https:\/\/wordpress.nibis.de\/gssuederberg\/wp-json\/wp\/v2\/users\/292"}],"replies":[{"embeddable":true,"href":"https:\/\/wordpress.nibis.de\/gssuederberg\/wp-json\/wp\/v2\/comments?post=10045"}],"version-history":[{"count":1,"href":"https:\/\/wordpress.nibis.de\/gssuederberg\/wp-json\/wp\/v2\/pages\/10045\/revisions"}],"predecessor-version":[{"id":10046,"href":"https:\/\/wordpress.nibis.de\/gssuederberg\/wp-json\/wp\/v2\/pages\/10045\/revisions\/10046"}],"wp:attachment":[{"href":"https:\/\/wordpress.nibis.de\/gssuederberg\/wp-json\/wp\/v2\/media?parent=10045"}],"curies":[{"name":"wp","href":"https:\/\/api.w.org\/{rel}","templated":true}]}}