{"id":132,"date":"2013-10-24T09:36:40","date_gmt":"2013-10-24T07:36:40","guid":{"rendered":"http:\/\/wordpress.nibis.de\/gssuederberg\/?page_id=132"},"modified":"2025-12-08T19:31:29","modified_gmt":"2025-12-08T18:31:29","slug":"schulsozialarbeit","status":"publish","type":"page","link":"https:\/\/wordpress.nibis.de\/gssuederberg\/schulsozialarbeit\/","title":{"rendered":"Schulsozialarbeit"},"content":{"rendered":"<p><strong>Schulsozialarbeiterin Anke Helbrecht<\/strong><\/p>\n<ul>\n<li>Raum 210 (1. Etage neben der kleinen K\u00fcche gegen\u00fcber der Klasse 3a):<\/li>\n<\/ul>\n<p>Mo. &#8211; Do. 9:30 bis 14:00 Uhr\u00a0 (und nach Vereinbarung) \u00a0 Tel. &amp; Fax: 05424 &#8211; 2219730<\/p>\n<p>E-Mail : <a href=\"&#x6d;a&#x69;&#108;&#x74;&#111;:&#x61;n&#x6b;&#101;&#x2e;&#104;e&#x6c;&#98;&#x72;&#101;c&#x68;t&#x40;&#115;&#x75;&#101;d&#x65;r&#x62;&#101;&#x72;&#x67;s&#x63;&#104;&#x75;&#108;e&#x2e;n&#x65;&#116;\">&#97;n&#x6b;e&#x2e;h&#x65;l&#x62;&#114;&#x65;&#99;&#x68;&#116;&#x40;&#115;u&#101;d&#x65;r&#x62;e&#x72;&#103;&#x73;&#99;&#x68;&#117;&#x6c;&#101;&#x2e;&#110;e&#116;<\/a><\/p>\n<p>oder einfach in meinem B\u00fcro vorbeischauen<\/p>\n<p>\u00a0<\/p>\n<p><b>Angebote f\u00fcr Sch\u00fclerinnen und Sch\u00fcler<\/b><\/p>\n<ul>\n<li>\n<p><b>Ansprechpartnerin<\/b> bei Fragen, W\u00fcnschen, Sorgen und Konflikten<\/p>\n<\/li>\n<li>\n<p><b>Unterst\u00fctzung<\/b> der individuellen und sozialen Entwicklung der Kinder<\/p>\n<\/li>\n<li>\n<p><b>Gewaltpr\u00e4vention<\/b> und Streitschlichtung unter Sch\u00fclerinnen und Sch\u00fclern<\/p>\n<\/li>\n<li>\n<p><b>Lubo Stunden in\u00a0<\/b>Jahrgang 1<\/p>\n<\/li>\n<li>\n<p><b>Koordination des Ganztags und AG- Angebote<\/b><\/p>\n<\/li>\n<li>\n<p><b>Krisenmanagement<\/b><\/p>\n<\/li>\n<li>\n<p><b>Projekte<\/b><\/p>\n<\/li>\n<\/ul>\n\n\n<p><strong>Angebote f\u00fcr Eltern<\/strong>  (kostenlos\nund unter Wahrung der Schweigepflicht)<\/p>\n\n\n\n<ul class=\"wp-block-list\">\n<li><strong>Beratung<\/strong> und Unterst\u00fctzung<br>\t bei famili\u00e4ren Problemen <br>\t<br>\t<\/li>\n\n\n\n<li><strong>Begleitung<\/strong> bei Gespr\u00e4chen <br>\t<br>\t<\/li>\n\n\n\n<li><strong>Vermittlung <\/strong>von<br>\tweiterf\u00fchrenden Hilfsangeboten<br><\/li>\n<\/ul>\n","protected":false},"excerpt":{"rendered":"<p>Schulsozialarbeiterin Anke Helbrecht Raum 210 (1. Etage neben der kleinen K\u00fcche gegen\u00fcber der Klasse 3a): Mo. &#8211; Do. 9:30 bis 14:00 Uhr\u00a0 (und nach Vereinbarung) \u00a0 Tel. &amp; Fax: 05424 &#8211; 2219730 E-Mail : &#x61;&#x6e;&#107;e&#x2e;&#x68;&#x65;&#108;b&#x72;&#x65;&#x63;&#104;t&#x40;&#x73;&#x75;&#101;d&#x65;&#x72;&#x62;&#101;r&#x67;&#x73;&#x63;&#104;u&#x6c;&#x65;&#x2e;&#110;e&#x74; oder einfach in meinem B\u00fcro &hellip; <a href=\"https:\/\/wordpress.nibis.de\/gssuederberg\/schulsozialarbeit\/\">Weiterlesen <span class=\"meta-nav\">&rarr;<\/span><\/a><\/p>\n","protected":false},"author":289,"featured_media":0,"parent":0,"menu_order":0,"comment_status":"closed","ping_status":"closed","template":"","meta":{"footnotes":""},"class_list":["post-132","page","type-page","status-publish","hentry"],"_links":{"self":[{"href":"https:\/\/wordpress.nibis.de\/gssuederberg\/wp-json\/wp\/v2\/pages\/132","targetHints":{"allow":["GET"]}}],"collection":[{"href":"https:\/\/wordpress.nibis.de\/gssuederberg\/wp-json\/wp\/v2\/pages"}],"about":[{"href":"https:\/\/wordpress.nibis.de\/gssuederberg\/wp-json\/wp\/v2\/types\/page"}],"author":[{"embeddable":true,"href":"https:\/\/wordpress.nibis.de\/gssuederberg\/wp-json\/wp\/v2\/users\/289"}],"replies":[{"embeddable":true,"href":"https:\/\/wordpress.nibis.de\/gssuederberg\/wp-json\/wp\/v2\/comments?post=132"}],"version-history":[{"count":22,"href":"https:\/\/wordpress.nibis.de\/gssuederberg\/wp-json\/wp\/v2\/pages\/132\/revisions"}],"predecessor-version":[{"id":10298,"href":"https:\/\/wordpress.nibis.de\/gssuederberg\/wp-json\/wp\/v2\/pages\/132\/revisions\/10298"}],"wp:attachment":[{"href":"https:\/\/wordpress.nibis.de\/gssuederberg\/wp-json\/wp\/v2\/media?parent=132"}],"curies":[{"name":"wp","href":"https:\/\/api.w.org\/{rel}","templated":true}]}}