{"id":2331,"date":"2015-06-17T17:21:29","date_gmt":"2015-06-17T15:21:29","guid":{"rendered":"http:\/\/wordpress.nibis.de\/gssuederberg\/?page_id=2331"},"modified":"2016-09-19T18:09:24","modified_gmt":"2016-09-19T16:09:24","slug":"foerderschwerpunkte","status":"publish","type":"page","link":"https:\/\/wordpress.nibis.de\/gssuederberg\/foerderschwerpunkte\/","title":{"rendered":"F\u00f6rderschwerpunkte"},"content":{"rendered":"<h2><span style=\"text-decoration: underline\"><strong>F\u00f6rderschwerpunkte<\/strong><\/span><\/h2>\n<p>Die <span style=\"text-decoration: underline\"><strong>Ziele<\/strong> <\/span>unseres F\u00f6rdervereins sind<\/p>\n<p>&#8211; die <strong>Anschaffungen<\/strong> von Lernmitteln, Lehrmitteln,\u00a0 Musikinstrumenten, Sport- und Spielger\u00e4ten<\/p>\n<p>&#8211; die <strong>Versch\u00f6nerung<\/strong> des Schulgeb\u00e4udes und der Au\u00dfenanlagen<\/p>\n<p>&#8211; die S<strong>t\u00e4rkung des Miteinanders<\/strong> von Sch\u00fclern, Lehrern und Eltern<\/p>\n<p>&#8211; <strong>Zusch\u00fcsse<\/strong> f\u00fcr Bed\u00fcrftige zur Teilnahme von Sch\u00fclern an Klassenfahrten<\/p>\n<p>&#8211; die aktive <strong>Mitarbeit<\/strong> von Eltern<\/p>\n<p>&nbsp;<\/p>\n<p>Folgende <span style=\"text-decoration: underline\"><strong>Aktivit\u00e4ten<\/strong> <\/span>unterst\u00fctzt der F\u00f6rderverein regelm\u00e4\u00dfig:<\/p>\n<p>&#8211; Getr\u00e4nke- und Kuchenbar bei der j\u00e4hrlichen <strong>Einschulungsfeier<\/strong><\/p>\n<p>&#8211; Kuchenbuffet beim <strong>Frauenflohmarkt<\/strong> des TUS Hilter f\u00fcr Projektfinanzierungen<\/p>\n<p>&#8211; das <strong>Zirkusprojekt<\/strong> mit dem p\u00e4dagogischen Mitmachzirkus (alle 4 Jahre)<\/p>\n<p>&#8211; den j\u00e4hrlichen <strong>Vorlesewettbewerb<\/strong><\/p>\n","protected":false},"excerpt":{"rendered":"<p>F\u00f6rderschwerpunkte Die Ziele unseres F\u00f6rdervereins sind &#8211; die Anschaffungen von Lernmitteln, Lehrmitteln,\u00a0 Musikinstrumenten, Sport- und Spielger\u00e4ten &#8211; die Versch\u00f6nerung des Schulgeb\u00e4udes und der Au\u00dfenanlagen &#8211; die St\u00e4rkung des Miteinanders von Sch\u00fclern, Lehrern und Eltern &#8211; Zusch\u00fcsse f\u00fcr Bed\u00fcrftige zur Teilnahme &hellip; <a href=\"https:\/\/wordpress.nibis.de\/gssuederberg\/foerderschwerpunkte\/\">Weiterlesen <span class=\"meta-nav\">&rarr;<\/span><\/a><\/p>\n","protected":false},"author":292,"featured_media":0,"parent":0,"menu_order":0,"comment_status":"closed","ping_status":"closed","template":"","meta":{"footnotes":""},"class_list":["post-2331","page","type-page","status-publish","hentry"],"_links":{"self":[{"href":"https:\/\/wordpress.nibis.de\/gssuederberg\/wp-json\/wp\/v2\/pages\/2331","targetHints":{"allow":["GET"]}}],"collection":[{"href":"https:\/\/wordpress.nibis.de\/gssuederberg\/wp-json\/wp\/v2\/pages"}],"about":[{"href":"https:\/\/wordpress.nibis.de\/gssuederberg\/wp-json\/wp\/v2\/types\/page"}],"author":[{"embeddable":true,"href":"https:\/\/wordpress.nibis.de\/gssuederberg\/wp-json\/wp\/v2\/users\/292"}],"replies":[{"embeddable":true,"href":"https:\/\/wordpress.nibis.de\/gssuederberg\/wp-json\/wp\/v2\/comments?post=2331"}],"version-history":[{"count":4,"href":"https:\/\/wordpress.nibis.de\/gssuederberg\/wp-json\/wp\/v2\/pages\/2331\/revisions"}],"predecessor-version":[{"id":3498,"href":"https:\/\/wordpress.nibis.de\/gssuederberg\/wp-json\/wp\/v2\/pages\/2331\/revisions\/3498"}],"wp:attachment":[{"href":"https:\/\/wordpress.nibis.de\/gssuederberg\/wp-json\/wp\/v2\/media?parent=2331"}],"curies":[{"name":"wp","href":"https:\/\/api.w.org\/{rel}","templated":true}]}}