{"id":2337,"date":"2015-06-17T17:31:44","date_gmt":"2015-06-17T15:31:44","guid":{"rendered":"http:\/\/wordpress.nibis.de\/gssuederberg\/?page_id=2337"},"modified":"2026-03-30T15:44:39","modified_gmt":"2026-03-30T13:44:39","slug":"satzung-und-mitgliedschaft","status":"publish","type":"page","link":"https:\/\/wordpress.nibis.de\/gssuederberg\/satzung-und-mitgliedschaft\/","title":{"rendered":"Satzung und Mitgliedschaft"},"content":{"rendered":"<p><a href=\"http:\/\/wordpress.nibis.de\/gssuederberg\/files\/foerderschwein_1.jpg\"><img loading=\"lazy\" decoding=\"async\" class=\"alignnone  wp-image-2267\" src=\"http:\/\/wordpress.nibis.de\/gssuederberg\/files\/foerderschwein_1-300x229.jpg\" alt=\"foerderschwein_1\" width=\"244\" height=\"186\" srcset=\"https:\/\/wordpress.nibis.de\/gssuederberg\/files\/foerderschwein_1-300x229.jpg 300w, https:\/\/wordpress.nibis.de\/gssuederberg\/files\/foerderschwein_1-629x480.jpg 629w, https:\/\/wordpress.nibis.de\/gssuederberg\/files\/foerderschwein_1.jpg 700w\" sizes=\"auto, (max-width: 244px) 100vw, 244px\" \/><\/a>\u00a0\u00a0\u00a0\u00a0 <a href=\"http:\/\/wordpress.nibis.de\/gssuederberg\/files\/foerderschwein01_1.jpg\"><img loading=\"lazy\" decoding=\"async\" class=\"alignnone  wp-image-2277\" src=\"http:\/\/wordpress.nibis.de\/gssuederberg\/files\/foerderschwein01_1-300x231.jpg\" alt=\"foerderschwein01_1\" width=\"243\" height=\"187\" srcset=\"https:\/\/wordpress.nibis.de\/gssuederberg\/files\/foerderschwein01_1-300x231.jpg 300w, https:\/\/wordpress.nibis.de\/gssuederberg\/files\/foerderschwein01_1-622x480.jpg 622w, https:\/\/wordpress.nibis.de\/gssuederberg\/files\/foerderschwein01_1.jpg 700w\" sizes=\"auto, (max-width: 243px) 100vw, 243px\" \/><\/a><\/p>\n<p>Sie m\u00f6chten\u00a0Mitglied im F\u00f6rderverein der S\u00fcderbergschule werden?<\/p>\n<p>Das freut uns sehr! F\u00fcllen Sie bitte die Beitrittserkl\u00e4rung aus (Link, s. unten) und werfen diese in den <strong>Briefkasten des F\u00f6rdervereins in der Aula der Grundschule<\/strong> oder schreiben Sie uns eine E-Mail an <a href=\"&#109;&#x61;&#105;&#x6c;&#116;&#x6f;:&#x66;v&#x73;u&#101;&#x64;&#101;&#x72;&#98;&#x65;&#114;&#x67;s&#x63;h&#x75;l&#101;&#x40;&#103;&#x6d;&#97;&#x69;&#108;&#x2e;c&#x6f;m\" target=\"_blank\" rel=\"noopener\">f&#118;&#x73;&#x75;&#x65;d&#101;&#x72;&#x62;&#x65;r&#103;&#x73;&#x63;&#x68;u&#108;&#x65;&#x40;&#x67;m&#97;&#x69;&#x6c;&#x2e;c&#111;&#x6d;<\/a><\/p>\n<p>Vielen Dank!<\/p>\n<p><a href=\"http:\/\/wordpress.nibis.de\/gssuederberg\/files\/nadel4.gif\"><img loading=\"lazy\" decoding=\"async\" class=\"alignnone size-medium wp-image-358\" src=\"http:\/\/wordpress.nibis.de\/gssuederberg\/files\/nadel4.gif\" alt=\"nadel4\" width=\"31\" height=\"38\" \/><\/a> <a href=\"https:\/\/wordpress.nibis.de\/gssuederberg\/files\/foerdersatzung.pdf\">Satzung des F\u00f6rdervereins<\/a><\/p>\n<p><a href=\"http:\/\/wordpress.nibis.de\/gssuederberg\/files\/nadel5.gif\"><img loading=\"lazy\" decoding=\"async\" class=\"alignnone size-medium wp-image-359\" src=\"http:\/\/wordpress.nibis.de\/gssuederberg\/files\/nadel5.gif\" alt=\"nadel5\" width=\"31\" height=\"38\" \/><\/a> <a href=\"https:\/\/wordpress.nibis.de\/gssuederberg\/files\/foerderflyer.pdf\">Beitrittserkl\u00e4rung zum Download<\/a><\/p>\n\n\n\n\n\n","protected":false},"excerpt":{"rendered":"<p>\u00a0\u00a0\u00a0\u00a0 Sie m\u00f6chten\u00a0Mitglied im F\u00f6rderverein der S\u00fcderbergschule werden? Das freut uns sehr! F\u00fcllen Sie bitte die Beitrittserkl\u00e4rung aus (Link, s. unten) und werfen diese in den Briefkasten des F\u00f6rdervereins in der Aula der Grundschule oder schreiben Sie uns eine E-Mail &hellip; <a href=\"https:\/\/wordpress.nibis.de\/gssuederberg\/satzung-und-mitgliedschaft\/\">Weiterlesen <span class=\"meta-nav\">&rarr;<\/span><\/a><\/p>\n","protected":false},"author":292,"featured_media":0,"parent":0,"menu_order":0,"comment_status":"closed","ping_status":"closed","template":"","meta":{"footnotes":""},"class_list":["post-2337","page","type-page","status-publish","hentry"],"_links":{"self":[{"href":"https:\/\/wordpress.nibis.de\/gssuederberg\/wp-json\/wp\/v2\/pages\/2337","targetHints":{"allow":["GET"]}}],"collection":[{"href":"https:\/\/wordpress.nibis.de\/gssuederberg\/wp-json\/wp\/v2\/pages"}],"about":[{"href":"https:\/\/wordpress.nibis.de\/gssuederberg\/wp-json\/wp\/v2\/types\/page"}],"author":[{"embeddable":true,"href":"https:\/\/wordpress.nibis.de\/gssuederberg\/wp-json\/wp\/v2\/users\/292"}],"replies":[{"embeddable":true,"href":"https:\/\/wordpress.nibis.de\/gssuederberg\/wp-json\/wp\/v2\/comments?post=2337"}],"version-history":[{"count":7,"href":"https:\/\/wordpress.nibis.de\/gssuederberg\/wp-json\/wp\/v2\/pages\/2337\/revisions"}],"predecessor-version":[{"id":11127,"href":"https:\/\/wordpress.nibis.de\/gssuederberg\/wp-json\/wp\/v2\/pages\/2337\/revisions\/11127"}],"wp:attachment":[{"href":"https:\/\/wordpress.nibis.de\/gssuederberg\/wp-json\/wp\/v2\/media?parent=2337"}],"curies":[{"name":"wp","href":"https:\/\/api.w.org\/{rel}","templated":true}]}}