{"id":2345,"date":"2015-06-17T17:38:17","date_gmt":"2015-06-17T15:38:17","guid":{"rendered":"http:\/\/wordpress.nibis.de\/gssuederberg\/?page_id=2345"},"modified":"2026-03-30T15:30:55","modified_gmt":"2026-03-30T13:30:55","slug":"vorstand","status":"publish","type":"page","link":"https:\/\/wordpress.nibis.de\/gssuederberg\/vorstand\/","title":{"rendered":"Der Vorstand des F\u00f6rdervereins"},"content":{"rendered":"<p>In diesem Jahr hat sich vieles im F\u00f6rderverein der S\u00fcderbergschule ver\u00e4ndert. Die Mitglieder wurden neu gemischt (siehe Foto) und spr\u00fchen nur so vor Ideen.<\/p>\n<p>Wer m\u00f6chte die Arbeit des F\u00f6rdervereins durch eine Mitgliedschaft unterst\u00fctzen?<\/p>\n<p><span style=\"font-size: large\">Hier geht es zum <a href=\"https:\/\/wordpress.nibis.de\/gssuederberg\/files\/foerderflyer.pdf\">Mitgliedsantrag<\/a>&#8230;.<\/span><\/p>\n<p>Wer hat einen guten Vorschlag oder eine Idee? &#8211;&gt; &#x66;&#111;e&#x72;&#100;e&#x72;&#118;e&#x72;&#x65;&#105;&#x6e;&#x2e;&#115;u&#x65;&#100;e&#x72;&#98;e&#x72;&#x67;&#115;&#x63;&#x68;&#117;l&#x65;&#64;w&#x65;&#98;&#46;&#x64;&#101;<\/p>\n<p>1.Vorsitzende:\u00a0\u00a0\u00a0\u00a0\u00a0\u00a0\u00a0\u00a0 Frau Schemel<\/p>\n<p>2.Vorsitzende:\u00a0\u00a0\u00a0\u00a0\u00a0\u00a0\u00a0\u00a0 Frau Heckmann<\/p>\n<p>Kassenwartin:\u00a0\u00a0\u00a0\u00a0\u00a0\u00a0\u00a0\u00a0 Frau Behrenswerth<\/p>\n<p>Schriftf\u00fchrerin: \u00a0 \u00a0 \u00a0 Frau Diekmann<\/p>\n<p>2. Schriftf\u00fchrer: \u00a0 \u00a0 \u00a0Herr Engler<\/p>\n<p>Beisitzerin: \u00a0\u00a0 \u00a0\u00a0\u00a0\u00a0\u00a0\u00a0\u00a0\u00a0\u00a0\u00a0 Frau Gross<\/p>\n<p>Beisitzerin: \u00a0 \u00a0 \u00a0 \u00a0 \u00a0 \u00a0 \u00a0 Frau R\u00fcter<\/p>\n<p>Beisitzer: \u00a0 \u00a0 \u00a0 \u00a0 \u00a0 \u00a0 \u00a0 \u00a0 \u00a0 Herr Weinberger<\/p>\n<p>Kassenpr\u00fcfer: \u00a0 \u00a0 \u00a0 \u00a0 \u00a0Frau Prinz<\/p>\n","protected":false},"excerpt":{"rendered":"<p>In diesem Jahr hat sich vieles im F\u00f6rderverein der S\u00fcderbergschule ver\u00e4ndert. Die Mitglieder wurden neu gemischt (siehe Foto) und spr\u00fchen nur so vor Ideen. Wer m\u00f6chte die Arbeit des F\u00f6rdervereins durch eine Mitgliedschaft unterst\u00fctzen? Hier geht es zum Mitgliedsantrag&#8230;. Wer &hellip; <a href=\"https:\/\/wordpress.nibis.de\/gssuederberg\/vorstand\/\">Weiterlesen <span class=\"meta-nav\">&rarr;<\/span><\/a><\/p>\n","protected":false},"author":292,"featured_media":0,"parent":0,"menu_order":0,"comment_status":"closed","ping_status":"closed","template":"","meta":{"footnotes":""},"class_list":["post-2345","page","type-page","status-publish","hentry"],"_links":{"self":[{"href":"https:\/\/wordpress.nibis.de\/gssuederberg\/wp-json\/wp\/v2\/pages\/2345","targetHints":{"allow":["GET"]}}],"collection":[{"href":"https:\/\/wordpress.nibis.de\/gssuederberg\/wp-json\/wp\/v2\/pages"}],"about":[{"href":"https:\/\/wordpress.nibis.de\/gssuederberg\/wp-json\/wp\/v2\/types\/page"}],"author":[{"embeddable":true,"href":"https:\/\/wordpress.nibis.de\/gssuederberg\/wp-json\/wp\/v2\/users\/292"}],"replies":[{"embeddable":true,"href":"https:\/\/wordpress.nibis.de\/gssuederberg\/wp-json\/wp\/v2\/comments?post=2345"}],"version-history":[{"count":27,"href":"https:\/\/wordpress.nibis.de\/gssuederberg\/wp-json\/wp\/v2\/pages\/2345\/revisions"}],"predecessor-version":[{"id":11119,"href":"https:\/\/wordpress.nibis.de\/gssuederberg\/wp-json\/wp\/v2\/pages\/2345\/revisions\/11119"}],"wp:attachment":[{"href":"https:\/\/wordpress.nibis.de\/gssuederberg\/wp-json\/wp\/v2\/media?parent=2345"}],"curies":[{"name":"wp","href":"https:\/\/api.w.org\/{rel}","templated":true}]}}