{"id":280,"date":"2013-11-23T11:55:10","date_gmt":"2013-11-23T10:55:10","guid":{"rendered":"http:\/\/wordpress.nibis.de\/gssuederberg\/?page_id=280"},"modified":"2025-12-08T19:45:18","modified_gmt":"2025-12-08T18:45:18","slug":"ags-2","status":"publish","type":"page","link":"https:\/\/wordpress.nibis.de\/gssuederberg\/ags-2\/","title":{"rendered":"AGs"},"content":{"rendered":"<p>In der Grundschule haben alle Kinder der 3. und 4. Klasse eine AG von 55 Minuten an jedem Donnerstag. In diesem Schuljahr im Angebot:<\/p>\n<ul>\n<li>Theater-AG:\u00a0 Hier \u00fcben die Kinder f\u00fcr die Musicals, die in jedem Halbjahr aufgef\u00fchrt werden.<\/li>\n<li>AG &#8222;Papier\/Holzwerkstatt&#8220;:\u00a0 Viele verschiedene Werkeleien mit Holz oder Papier<\/li>\n<li>\u00a0T\u00f6pfern und Basteln, Kreatives und Spielen<\/li>\n<li>1001 Nacht bzw. M\u00e4rchen und Fantasy<\/li>\n<li>Ballspiele<\/li>\n<li>\u00a0Schach-AG: Schach lernen und mit K\u00f6pfchen gegen andere &#8222;k\u00e4mpfen&#8220;<\/li>\n<\/ul>\n<p>Au\u00dferdem trifft sich jeden Mittwoch der <a href=\"https:\/\/wordpress.nibis.de\/gssuederberg\/schulchor\/\">Schulchor <\/a>und einige Kinder der 3. und 4. Klassen machen donnerstags eine Lego-Wedo-AG im Rahmen der Begabtenf\u00f6rderung.<\/p>\n<p>&#8212;&#8212;&#8212;&#8212;&#8212;&#8212;&#8212;&#8212;&#8212;&#8212;&#8212;&#8212;&#8212;&#8212;&#8212;&#8212;&#8212;&#8211;<\/p>\n<p>Die folgenden AG&#8217;s fanden in der j\u00fcngeren Vergangenheit auch statt:<\/p>\n<ul>\n<li>H\u00fchner-AG<\/li>\n<li>Plattdeutsch-AG<\/li>\n<li>Feuerwehr-AG: Grundlagen \u00fcber die Arbeit der Feuerwehr, die Fahrzeuge, die Ausr\u00fcstung &#8211; Probefahrten und Ger\u00e4tebenutzung inclusive!<\/li>\n<li>\u00a0Blechblasinstrumente: mit Unterst\u00fctzung des Posaunenchores Hilter<\/li>\n<li>Conga-AG:\u00a0 Afrikanische und lateinamerikanische Rhythmen und Spieltechniken auf Congas, Cajones und vielen anderen Instrumenten<\/li>\n<li>Zirkus-AG<strong>:<\/strong>\u00a0 Jonglieren, Akrobatik, Zaubern, Clownerie&#8230;<\/li>\n<\/ul>\n","protected":false},"excerpt":{"rendered":"<p>In der Grundschule haben alle Kinder der 3. und 4. Klasse eine AG von 55 Minuten an jedem Donnerstag. In diesem Schuljahr im Angebot: Theater-AG:\u00a0 Hier \u00fcben die Kinder f\u00fcr die Musicals, die in jedem Halbjahr aufgef\u00fchrt werden. AG &#8222;Papier\/Holzwerkstatt&#8220;:\u00a0 &hellip; <a href=\"https:\/\/wordpress.nibis.de\/gssuederberg\/ags-2\/\">Weiterlesen <span class=\"meta-nav\">&rarr;<\/span><\/a><\/p>\n","protected":false},"author":292,"featured_media":0,"parent":0,"menu_order":0,"comment_status":"closed","ping_status":"closed","template":"","meta":{"footnotes":""},"class_list":["post-280","page","type-page","status-publish","hentry"],"_links":{"self":[{"href":"https:\/\/wordpress.nibis.de\/gssuederberg\/wp-json\/wp\/v2\/pages\/280","targetHints":{"allow":["GET"]}}],"collection":[{"href":"https:\/\/wordpress.nibis.de\/gssuederberg\/wp-json\/wp\/v2\/pages"}],"about":[{"href":"https:\/\/wordpress.nibis.de\/gssuederberg\/wp-json\/wp\/v2\/types\/page"}],"author":[{"embeddable":true,"href":"https:\/\/wordpress.nibis.de\/gssuederberg\/wp-json\/wp\/v2\/users\/292"}],"replies":[{"embeddable":true,"href":"https:\/\/wordpress.nibis.de\/gssuederberg\/wp-json\/wp\/v2\/comments?post=280"}],"version-history":[{"count":30,"href":"https:\/\/wordpress.nibis.de\/gssuederberg\/wp-json\/wp\/v2\/pages\/280\/revisions"}],"predecessor-version":[{"id":10312,"href":"https:\/\/wordpress.nibis.de\/gssuederberg\/wp-json\/wp\/v2\/pages\/280\/revisions\/10312"}],"wp:attachment":[{"href":"https:\/\/wordpress.nibis.de\/gssuederberg\/wp-json\/wp\/v2\/media?parent=280"}],"curies":[{"name":"wp","href":"https:\/\/api.w.org\/{rel}","templated":true}]}}