{"id":84,"date":"2013-10-23T19:49:40","date_gmt":"2013-10-23T17:49:40","guid":{"rendered":"http:\/\/wordpress.nibis.de\/gssuederberg\/?page_id=84"},"modified":"2026-02-26T20:16:07","modified_gmt":"2026-02-26T19:16:07","slug":"schulelternrat","status":"publish","type":"page","link":"https:\/\/wordpress.nibis.de\/gssuederberg\/schulelternrat\/","title":{"rendered":"Schulelternrat"},"content":{"rendered":"<p>Der Schulelternrat besteht aus <strong>zwei Elternvertretern jeder Klasse<\/strong>. Diese sind f\u00fcr einen Zeitraum von 2 Jahren gew\u00e4hlt. Aus deren Mitte wird dann ein\/e Vorsitzende\/r und ein\/e Stellvertreter\/in gew\u00e4hlt. Der Schulelternrat ist ein Organ der Schulverwaltung und entsendet Vertreter u.a. in die Gesamtkonferenz, die Fachkonferenzen und die Zeugniskonferenzen. Zudem werden Mitglieder in den Gemeindeelternrat und den Kreiselternrat abgestellt. Damit stellt der Schulternrat ein Bindeglied zwischen Schulleitung, Eltern und Sch\u00fclern dar. Es werden eigene Projekte entwickelt wie z.B. die Durchf\u00fchrung des Sch\u00fclerlotsendienstes. Es ist wichtig sich als Elternteil zu engagieren und mitzubekommen, wie die Schullandschaft der eigenen Kinder gepr\u00e4gt ist. Macht mit und werdet Teil des Schulternrates.<\/p>\n<p><a href=\"http:\/\/wordpress.nibis.de\/gssuederberg\/files\/nadel3.gif\"><img loading=\"lazy\" decoding=\"async\" class=\"alignnone size-full wp-image-357\" src=\"http:\/\/wordpress.nibis.de\/gssuederberg\/files\/nadel3.gif\" alt=\"nadel3\" width=\"31\" height=\"38\" \/><\/a>\u00a0\u00a0 <a href=\"https:\/\/wordpress.nibis.de\/gssuederberg\/files\/schulelternrat.pdf\">Mitglieder der Schulgremien<\/a>\u00a0 <img loading=\"lazy\" decoding=\"async\" class=\"alignnone size-full wp-image-358\" src=\"http:\/\/wordpress.nibis.de\/gssuederberg\/files\/nadel4.gif\" alt=\"nadel4\" width=\"31\" height=\"38\" \/> <a href=\"https:\/\/www.ker-os.de\/\">Link zum Kreiselternrat<\/a><\/p>\n<p><img loading=\"lazy\" decoding=\"async\" class=\"alignnone size-full wp-image-356\" src=\"http:\/\/wordpress.nibis.de\/gssuederberg\/files\/nadel2.gif\" alt=\"nadel2\" width=\"31\" height=\"38\" \/>\u00a0<a title=\"Beitrittserkl\u00e4rung zum Download\" href=\"http:\/\/www.suederbergschule.de\/foerderverein\/foerderbeitritt.htm\"> Sind Sie noch nicht Mitglied im F\u00f6rderverein?<\/a><\/p>\n<p><a href=\"https:\/\/wordpress.nibis.de\/gssuederberg\/files\/nadel1.gif\"><img loading=\"lazy\" decoding=\"async\" class=\"alignnone size-full wp-image-355\" src=\"https:\/\/wordpress.nibis.de\/gssuederberg\/files\/nadel1.gif\" alt=\"\" width=\"31\" height=\"38\" \/><\/a> Alles Wichtige auf einen Blick: \u00a0 <a title=\"Informationen f\u00fcr Eltern der S\u00fcderbergschule\" href=\"http:\/\/www.suederbergschule.de\/eltern\/elternschwarte.pdf\">Die Eltern-Schwarte<\/a><\/p>\n\n\n\n","protected":false},"excerpt":{"rendered":"<p>Der Schulelternrat besteht aus zwei Elternvertretern jeder Klasse. Diese sind f\u00fcr einen Zeitraum von 2 Jahren gew\u00e4hlt. Aus deren Mitte wird dann ein\/e Vorsitzende\/r und ein\/e Stellvertreter\/in gew\u00e4hlt. Der Schulelternrat ist ein Organ der Schulverwaltung und entsendet Vertreter u.a. in &hellip; <a href=\"https:\/\/wordpress.nibis.de\/gssuederberg\/schulelternrat\/\">Weiterlesen <span class=\"meta-nav\">&rarr;<\/span><\/a><\/p>\n","protected":false},"author":289,"featured_media":0,"parent":0,"menu_order":0,"comment_status":"closed","ping_status":"closed","template":"","meta":{"footnotes":""},"class_list":["post-84","page","type-page","status-publish","hentry"],"_links":{"self":[{"href":"https:\/\/wordpress.nibis.de\/gssuederberg\/wp-json\/wp\/v2\/pages\/84","targetHints":{"allow":["GET"]}}],"collection":[{"href":"https:\/\/wordpress.nibis.de\/gssuederberg\/wp-json\/wp\/v2\/pages"}],"about":[{"href":"https:\/\/wordpress.nibis.de\/gssuederberg\/wp-json\/wp\/v2\/types\/page"}],"author":[{"embeddable":true,"href":"https:\/\/wordpress.nibis.de\/gssuederberg\/wp-json\/wp\/v2\/users\/289"}],"replies":[{"embeddable":true,"href":"https:\/\/wordpress.nibis.de\/gssuederberg\/wp-json\/wp\/v2\/comments?post=84"}],"version-history":[{"count":26,"href":"https:\/\/wordpress.nibis.de\/gssuederberg\/wp-json\/wp\/v2\/pages\/84\/revisions"}],"predecessor-version":[{"id":10683,"href":"https:\/\/wordpress.nibis.de\/gssuederberg\/wp-json\/wp\/v2\/pages\/84\/revisions\/10683"}],"wp:attachment":[{"href":"https:\/\/wordpress.nibis.de\/gssuederberg\/wp-json\/wp\/v2\/media?parent=84"}],"curies":[{"name":"wp","href":"https:\/\/api.w.org\/{rel}","templated":true}]}}