{"id":844,"date":"2014-02-18T20:01:00","date_gmt":"2014-02-18T19:01:00","guid":{"rendered":"http:\/\/wordpress.nibis.de\/gssuederberg\/?page_id=844"},"modified":"2025-12-08T19:43:55","modified_gmt":"2025-12-08T18:43:55","slug":"ag-holzwerkstatt","status":"publish","type":"page","link":"https:\/\/wordpress.nibis.de\/gssuederberg\/ag-holzwerkstatt\/","title":{"rendered":"AG Holzwerkstatt"},"content":{"rendered":"<p>In der AG &#8222;Holzwerkstatt&#8220; wird ges\u00e4gt, geraspelt und gebohrt.<\/p>\n<p>Im M\u00e4rz 2025 haben die Kinder kleine Puzzletiere ges\u00e4gt und gestaltet:<\/p>\n<p><a href=\"https:\/\/wordpress.nibis.de\/gssuederberg\/files\/holzwerkstatt25_5-e1765214515973.jpg\"><img loading=\"lazy\" decoding=\"async\" class=\"alignnone size-medium wp-image-9816\" src=\"https:\/\/wordpress.nibis.de\/gssuederberg\/files\/holzwerkstatt25_5-e1765214515973-300x217.jpg\" alt=\"\" width=\"300\" height=\"217\" srcset=\"https:\/\/wordpress.nibis.de\/gssuederberg\/files\/holzwerkstatt25_5-e1765214515973-300x217.jpg 300w, https:\/\/wordpress.nibis.de\/gssuederberg\/files\/holzwerkstatt25_5-e1765214515973.jpg 525w\" sizes=\"auto, (max-width: 300px) 100vw, 300px\" \/><\/a> <a href=\"https:\/\/wordpress.nibis.de\/gssuederberg\/files\/holzwerkstatt25_4-e1765214531488.jpg\"><img loading=\"lazy\" decoding=\"async\" class=\"alignnone size-medium wp-image-9815\" src=\"https:\/\/wordpress.nibis.de\/gssuederberg\/files\/holzwerkstatt25_4-e1765214531488-300x210.jpg\" alt=\"\" width=\"300\" height=\"210\" srcset=\"https:\/\/wordpress.nibis.de\/gssuederberg\/files\/holzwerkstatt25_4-e1765214531488-300x210.jpg 300w, https:\/\/wordpress.nibis.de\/gssuederberg\/files\/holzwerkstatt25_4-e1765214531488.jpg 525w\" sizes=\"auto, (max-width: 300px) 100vw, 300px\" \/><\/a> <a href=\"https:\/\/wordpress.nibis.de\/gssuederberg\/files\/holzwerkstatt25_3-e1765214546742.jpg\"><img loading=\"lazy\" decoding=\"async\" class=\"alignnone size-medium wp-image-9814\" src=\"https:\/\/wordpress.nibis.de\/gssuederberg\/files\/holzwerkstatt25_3-e1765214546742-300x227.jpg\" alt=\"\" width=\"300\" height=\"227\" srcset=\"https:\/\/wordpress.nibis.de\/gssuederberg\/files\/holzwerkstatt25_3-e1765214546742-300x227.jpg 300w, https:\/\/wordpress.nibis.de\/gssuederberg\/files\/holzwerkstatt25_3-e1765214546742.jpg 525w\" sizes=\"auto, (max-width: 300px) 100vw, 300px\" \/><\/a> <a href=\"https:\/\/wordpress.nibis.de\/gssuederberg\/files\/holzwerkstatt25_2-e1765214564130.jpg\"><img loading=\"lazy\" decoding=\"async\" class=\"alignnone size-medium wp-image-9813\" src=\"https:\/\/wordpress.nibis.de\/gssuederberg\/files\/holzwerkstatt25_2-e1765214564130-300x205.jpg\" alt=\"\" width=\"300\" height=\"205\" srcset=\"https:\/\/wordpress.nibis.de\/gssuederberg\/files\/holzwerkstatt25_2-e1765214564130-300x205.jpg 300w, https:\/\/wordpress.nibis.de\/gssuederberg\/files\/holzwerkstatt25_2-e1765214564130.jpg 471w\" sizes=\"auto, (max-width: 300px) 100vw, 300px\" \/><\/a><\/p>\n<p><a href=\"https:\/\/wordpress.nibis.de\/gssuederberg\/files\/holzwerkstatt25_6.jpg\"><img loading=\"lazy\" decoding=\"async\" class=\"alignnone size-thumbnail wp-image-9817\" src=\"https:\/\/wordpress.nibis.de\/gssuederberg\/files\/holzwerkstatt25_6-150x150.jpg\" alt=\"\" width=\"150\" height=\"150\" \/><\/a><\/p>\n","protected":false},"excerpt":{"rendered":"<p>In der AG &#8222;Holzwerkstatt&#8220; wird ges\u00e4gt, geraspelt und gebohrt. Im M\u00e4rz 2025 haben die Kinder kleine Puzzletiere ges\u00e4gt und gestaltet:<\/p>\n","protected":false},"author":292,"featured_media":0,"parent":0,"menu_order":0,"comment_status":"closed","ping_status":"closed","template":"","meta":{"footnotes":""},"class_list":["post-844","page","type-page","status-publish","hentry"],"_links":{"self":[{"href":"https:\/\/wordpress.nibis.de\/gssuederberg\/wp-json\/wp\/v2\/pages\/844","targetHints":{"allow":["GET"]}}],"collection":[{"href":"https:\/\/wordpress.nibis.de\/gssuederberg\/wp-json\/wp\/v2\/pages"}],"about":[{"href":"https:\/\/wordpress.nibis.de\/gssuederberg\/wp-json\/wp\/v2\/types\/page"}],"author":[{"embeddable":true,"href":"https:\/\/wordpress.nibis.de\/gssuederberg\/wp-json\/wp\/v2\/users\/292"}],"replies":[{"embeddable":true,"href":"https:\/\/wordpress.nibis.de\/gssuederberg\/wp-json\/wp\/v2\/comments?post=844"}],"version-history":[{"count":8,"href":"https:\/\/wordpress.nibis.de\/gssuederberg\/wp-json\/wp\/v2\/pages\/844\/revisions"}],"predecessor-version":[{"id":10311,"href":"https:\/\/wordpress.nibis.de\/gssuederberg\/wp-json\/wp\/v2\/pages\/844\/revisions\/10311"}],"wp:attachment":[{"href":"https:\/\/wordpress.nibis.de\/gssuederberg\/wp-json\/wp\/v2\/media?parent=844"}],"curies":[{"name":"wp","href":"https:\/\/api.w.org\/{rel}","templated":true}]}}