{"id":8541,"date":"2023-08-02T15:04:44","date_gmt":"2023-08-02T13:04:44","guid":{"rendered":"https:\/\/wordpress.nibis.de\/gssuederberg\/?page_id=8541"},"modified":"2025-08-06T07:55:39","modified_gmt":"2025-08-06T05:55:39","slug":"klasse-3a","status":"publish","type":"page","link":"https:\/\/wordpress.nibis.de\/gssuederberg\/klasse-3a\/","title":{"rendered":"Klasse 3a"},"content":{"rendered":"\n<p>Die Klasse 3a wird von Frau Brockmeyer als Klassenlehrerin unterrichtet. Sie hat die Klasse im Verlauf des zweiten Schuljahres von Frau Fla\u00dfp\u00f6hler \u00fcbernommen.<\/p>\n<p>Fotos aus den ersten beiden Schuljahren:<\/p>\n<p><a href=\"https:\/\/wordpress.nibis.de\/gssuederberg\/files\/flaklasse24_1.jpg\"><img loading=\"lazy\" decoding=\"async\" class=\"alignnone size-full wp-image-9566\" src=\"https:\/\/wordpress.nibis.de\/gssuederberg\/files\/flaklasse24_1.jpg\" alt=\"\" width=\"800\" height=\"580\" \/><\/a><\/p>\n<p><a href=\"https:\/\/wordpress.nibis.de\/gssuederberg\/files\/flaklasse23-2.jpg\"><img loading=\"lazy\" decoding=\"async\" class=\"alignnone size-full wp-image-8792\" src=\"https:\/\/wordpress.nibis.de\/gssuederberg\/files\/flaklasse23-2.jpg\" alt=\"\" width=\"1000\" height=\"666\" \/><\/a><\/p>\n<p>Karneval 2024<\/p>\n<p><a href=\"https:\/\/wordpress.nibis.de\/gssuederberg\/files\/karneval202427.jpg\"><img loading=\"lazy\" decoding=\"async\" class=\"alignnone size-full wp-image-8925\" src=\"https:\/\/wordpress.nibis.de\/gssuederberg\/files\/karneval202427.jpg\" alt=\"\" width=\"800\" height=\"600\" \/><\/a><\/p>\n<p><a href=\"https:\/\/wordpress.nibis.de\/gssuederberg\/category\/klasse-2a\/\">Beitr\u00e4ge <\/a>der Klasse 3a<\/p>\n","protected":false},"excerpt":{"rendered":"<p>Die Klasse 3a wird von Frau Brockmeyer als Klassenlehrerin unterrichtet. Sie hat die Klasse im Verlauf des zweiten Schuljahres von Frau Fla\u00dfp\u00f6hler \u00fcbernommen. Fotos aus den ersten beiden Schuljahren: Karneval 2024 Beitr\u00e4ge der Klasse 3a<\/p>\n","protected":false},"author":292,"featured_media":0,"parent":0,"menu_order":0,"comment_status":"closed","ping_status":"closed","template":"","meta":{"footnotes":""},"class_list":["post-8541","page","type-page","status-publish","hentry"],"_links":{"self":[{"href":"https:\/\/wordpress.nibis.de\/gssuederberg\/wp-json\/wp\/v2\/pages\/8541","targetHints":{"allow":["GET"]}}],"collection":[{"href":"https:\/\/wordpress.nibis.de\/gssuederberg\/wp-json\/wp\/v2\/pages"}],"about":[{"href":"https:\/\/wordpress.nibis.de\/gssuederberg\/wp-json\/wp\/v2\/types\/page"}],"author":[{"embeddable":true,"href":"https:\/\/wordpress.nibis.de\/gssuederberg\/wp-json\/wp\/v2\/users\/292"}],"replies":[{"embeddable":true,"href":"https:\/\/wordpress.nibis.de\/gssuederberg\/wp-json\/wp\/v2\/comments?post=8541"}],"version-history":[{"count":9,"href":"https:\/\/wordpress.nibis.de\/gssuederberg\/wp-json\/wp\/v2\/pages\/8541\/revisions"}],"predecessor-version":[{"id":10037,"href":"https:\/\/wordpress.nibis.de\/gssuederberg\/wp-json\/wp\/v2\/pages\/8541\/revisions\/10037"}],"wp:attachment":[{"href":"https:\/\/wordpress.nibis.de\/gssuederberg\/wp-json\/wp\/v2\/media?parent=8541"}],"curies":[{"name":"wp","href":"https:\/\/api.w.org\/{rel}","templated":true}]}}