{"id":88,"date":"2013-10-23T19:50:12","date_gmt":"2013-10-23T17:50:12","guid":{"rendered":"http:\/\/wordpress.nibis.de\/gssuederberg\/?page_id=88"},"modified":"2026-03-30T15:42:51","modified_gmt":"2026-03-30T13:42:51","slug":"foerderverein","status":"publish","type":"page","link":"https:\/\/wordpress.nibis.de\/gssuederberg\/foerderverein\/","title":{"rendered":"F\u00f6rderverein der S\u00fcderbergschule"},"content":{"rendered":"<p><img loading=\"lazy\" decoding=\"async\" class=\"alignnone size-full wp-image-2360\" src=\"http:\/\/wordpress.nibis.de\/gssuederberg\/files\/Logo-FV.jpg\" alt=\"Logo FV\" width=\"220\" height=\"132\" \/>\u00a0 \u00a0 \u00a0 <a href=\"https:\/\/wordpress.nibis.de\/gssuederberg\/files\/schulpulli22.jpg\"><img loading=\"lazy\" decoding=\"async\" class=\"alignnone size-thumbnail wp-image-7539\" src=\"https:\/\/wordpress.nibis.de\/gssuederberg\/files\/schulpulli22-150x150.jpg\" alt=\"\" width=\"150\" height=\"150\" \/> Unsere Schulpullis<\/a><\/p>\n<p align=\"JUSTIFY\">\u00a0<span style=\"font-size: xx-large\">Wir f\u00fcr unsere Kinder!<\/span><\/p>\n<p><span style=\"font-size: large\">Im F\u00f6rderverein der S\u00fcderbergschule engagieren wir Eltern uns seit \u00fcber 35 Jahren f\u00fcr unsere Kinder:<\/span><\/p>\n<p><span style=\"font-size: large\">In diesem Jahr hat sich vieles im F\u00f6rderverein der S\u00fcderbergschule ver\u00e4ndert. Der <a href=\"https:\/\/wordpress.nibis.de\/gssuederberg\/vorstand\/\">Vorstand<\/a> wurde neu gew\u00e4hlt und dessen Mitglieder spr\u00fchen nur so vor <a href=\"https:\/\/wordpress.nibis.de\/gssuederberg\/ktuelles-vom-foerderverein\/\">Ideen<\/a>.<\/span><\/p>\n<p><span style=\"font-size: large\">Mit jedem Mitgliedsbeitrag, jeder Spende, jeder Aktivit\u00e4t unterst\u00fctzen Sie das Schulleben Ihres Kindes. <\/span><span style=\"font-size: large\">Wir freuen uns auf Sie!<\/span><\/p>\n<ul>\n<li><a href=\"https:\/\/wordpress.nibis.de\/gssuederberg\/ktuelles-vom-foerderverein\/\">Aktuelles<\/a><\/li>\n<li><a href=\"https:\/\/wordpress.nibis.de\/gssuederberg\/files\/foerdersatzung.pdf\">Satzung des F\u00f6rdervereins<\/a><\/li>\n<li>\u00a0<a href=\"https:\/\/wordpress.nibis.de\/gssuederberg\/files\/foerderflyer.pdf\">Informations-Flyer<\/a><\/li>\n<li>\u00a0<a href=\"http:\/\/wordpress.nibis.de\/gssuederberg\/vorstand\/\">Der Vorstand<\/a><\/li>\n<\/ul>\n<p>Ihr F\u00f6rderverein der S\u00fcderbergschule Hilter<\/p>\n\n\n<p><a href=\"https:\/\/wordpress.nibis.de\/gssuederberg\/files\/fruehlingsfest22_2.jpg\"><img loading=\"lazy\" decoding=\"async\" class=\"alignnone size-thumbnail wp-image-7534\" src=\"https:\/\/wordpress.nibis.de\/gssuederberg\/files\/fruehlingsfest22_2-150x150.jpg\" alt=\"\" width=\"150\" height=\"150\" \/><\/a> \u00a0\u00a0 \u00a0<a href=\"https:\/\/wordpress.nibis.de\/gssuederberg\/files\/schulpulli22.jpg\"><img loading=\"lazy\" decoding=\"async\" class=\"alignnone size-thumbnail wp-image-7539\" src=\"https:\/\/wordpress.nibis.de\/gssuederberg\/files\/schulpulli22-150x150.jpg\" alt=\"\" width=\"150\" height=\"150\" \/> Unsere Schulpullis<\/a><\/p>\n","protected":false},"excerpt":{"rendered":"<p>\u00a0 \u00a0 \u00a0 Unsere Schulpullis \u00a0Wir f\u00fcr unsere Kinder! Im F\u00f6rderverein der S\u00fcderbergschule engagieren wir Eltern uns seit \u00fcber 35 Jahren f\u00fcr unsere Kinder: In diesem Jahr hat sich vieles im F\u00f6rderverein der S\u00fcderbergschule ver\u00e4ndert. Der Vorstand wurde neu gew\u00e4hlt &hellip; <a href=\"https:\/\/wordpress.nibis.de\/gssuederberg\/foerderverein\/\">Weiterlesen <span class=\"meta-nav\">&rarr;<\/span><\/a><\/p>\n","protected":false},"author":289,"featured_media":0,"parent":0,"menu_order":0,"comment_status":"closed","ping_status":"closed","template":"","meta":{"footnotes":""},"class_list":["post-88","page","type-page","status-publish","hentry"],"_links":{"self":[{"href":"https:\/\/wordpress.nibis.de\/gssuederberg\/wp-json\/wp\/v2\/pages\/88","targetHints":{"allow":["GET"]}}],"collection":[{"href":"https:\/\/wordpress.nibis.de\/gssuederberg\/wp-json\/wp\/v2\/pages"}],"about":[{"href":"https:\/\/wordpress.nibis.de\/gssuederberg\/wp-json\/wp\/v2\/types\/page"}],"author":[{"embeddable":true,"href":"https:\/\/wordpress.nibis.de\/gssuederberg\/wp-json\/wp\/v2\/users\/289"}],"replies":[{"embeddable":true,"href":"https:\/\/wordpress.nibis.de\/gssuederberg\/wp-json\/wp\/v2\/comments?post=88"}],"version-history":[{"count":37,"href":"https:\/\/wordpress.nibis.de\/gssuederberg\/wp-json\/wp\/v2\/pages\/88\/revisions"}],"predecessor-version":[{"id":11126,"href":"https:\/\/wordpress.nibis.de\/gssuederberg\/wp-json\/wp\/v2\/pages\/88\/revisions\/11126"}],"wp:attachment":[{"href":"https:\/\/wordpress.nibis.de\/gssuederberg\/wp-json\/wp\/v2\/media?parent=88"}],"curies":[{"name":"wp","href":"https:\/\/api.w.org\/{rel}","templated":true}]}}