{"id":99,"date":"2013-10-23T19:54:50","date_gmt":"2013-10-23T17:54:50","guid":{"rendered":"http:\/\/wordpress.nibis.de\/gssuederberg\/?page_id=99"},"modified":"2018-11-24T06:52:05","modified_gmt":"2018-11-24T05:52:05","slug":"brueckenjahr","status":"publish","type":"page","link":"https:\/\/wordpress.nibis.de\/gssuederberg\/brueckenjahr\/","title":{"rendered":"Br\u00fcckenjahr"},"content":{"rendered":"<p>Im letzten Kindergartenjahr bauen die Vorschulkinder aus den beiden Hilteraner Kinderg\u00e4rten schon langsam ein paar Br\u00fccken in die Grundschule.<\/p>\n<p><a title=\"Aktionen im Br\u00fcckenjahr\" href=\"http:\/\/wordpress.nibis.de\/gssuederberg\/category\/brueckenjahr\/\">Einige Beitr\u00e4ge zum Br\u00fcckenjahr<\/a><\/p>\n","protected":false},"excerpt":{"rendered":"<p>Im letzten Kindergartenjahr bauen die Vorschulkinder aus den beiden Hilteraner Kinderg\u00e4rten schon langsam ein paar Br\u00fccken in die Grundschule. Einige Beitr\u00e4ge zum Br\u00fcckenjahr<\/p>\n","protected":false},"author":289,"featured_media":0,"parent":0,"menu_order":0,"comment_status":"closed","ping_status":"closed","template":"","meta":{"footnotes":""},"class_list":["post-99","page","type-page","status-publish","hentry"],"_links":{"self":[{"href":"https:\/\/wordpress.nibis.de\/gssuederberg\/wp-json\/wp\/v2\/pages\/99","targetHints":{"allow":["GET"]}}],"collection":[{"href":"https:\/\/wordpress.nibis.de\/gssuederberg\/wp-json\/wp\/v2\/pages"}],"about":[{"href":"https:\/\/wordpress.nibis.de\/gssuederberg\/wp-json\/wp\/v2\/types\/page"}],"author":[{"embeddable":true,"href":"https:\/\/wordpress.nibis.de\/gssuederberg\/wp-json\/wp\/v2\/users\/289"}],"replies":[{"embeddable":true,"href":"https:\/\/wordpress.nibis.de\/gssuederberg\/wp-json\/wp\/v2\/comments?post=99"}],"version-history":[{"count":4,"href":"https:\/\/wordpress.nibis.de\/gssuederberg\/wp-json\/wp\/v2\/pages\/99\/revisions"}],"predecessor-version":[{"id":5026,"href":"https:\/\/wordpress.nibis.de\/gssuederberg\/wp-json\/wp\/v2\/pages\/99\/revisions\/5026"}],"wp:attachment":[{"href":"https:\/\/wordpress.nibis.de\/gssuederberg\/wp-json\/wp\/v2\/media?parent=99"}],"curies":[{"name":"wp","href":"https:\/\/api.w.org\/{rel}","templated":true}]}}