{"id":11,"date":"2018-04-12T11:31:58","date_gmt":"2018-04-12T09:31:58","guid":{"rendered":"http:\/\/wordpress.nibis.de\/gsszthiede\/?page_id=11"},"modified":"2018-04-13T14:08:27","modified_gmt":"2018-04-13T12:08:27","slug":"elternverein","status":"publish","type":"page","link":"https:\/\/wordpress.nibis.de\/gsszthiede\/elternverein\/","title":{"rendered":"Elternverein"},"content":{"rendered":"<p><span class=\"xr_tl\">Der Elternverein der Grundschule Thiede blickt auf eine rund 50j\u00e4hrige Tradition <\/span> <span class=\"xr_tl\">zur\u00fcck. Er hat sich die F\u00f6rderung von Bildung und Erziehung zur Hauptaufgabe <\/span> <span class=\"xr_tl\">gemacht. Dazu werden Dinge beschafft, die der Gemeinschaftsbildung und der <\/span> <span class=\"xr_tl\">Leistungsf\u00f6rderung unserer Kinder dienen. Die Anschaffungen decken Bereiche ab, die <\/span> <span class=\"xr_tl\">von dem Schultr\u00e4ger nicht bereitgestellt werden. So werden <\/span> <span class=\"xr_tl\">aus den Beitr\u00e4gen der Eltern Spielger\u00e4te f\u00fcr die Betreuungsstunden und anderes <\/span> <span class=\"xr_tl\">Material, z. B. B\u00fccher f\u00fcr die Schulbibliothek gekauft. Auch gr\u00f6\u00dfere Projekte wurden <\/span> <span class=\"xr_tl\">durch Vereinsbeitr\u00e4ge der Mitglieder m\u00f6glich (Neugestaltung des Schulhofgel\u00e4ndes, <\/span> <span class=\"xr_tl\">Villa Kunterbunt im Au\u00dfengel\u00e4nde).<\/span> <span class=\"xr_tl\">Da wir jedes Jahr mit dem Abgang der vierten Klassen Mitglieder verlieren, ist eine <\/span> <span class=\"xr_tl\">unserer Daueraufgaben die Gewinnung von neuen Mitgliedern aus dem Kreise der <\/span> <span class=\"xr_tl\">Elternschaft. Nur durch die Gewinnung von neuen Mitgliedern k\u00f6nnen wir auch <\/span> <span class=\"xr_tl\">weiterhin in der gewohnten Form unseren Kindern w\u00e4hrend ihrer Schulzeit in der <\/span> <span class=\"xr_tl xr_s4\"><span class=\"xr_s2\">Grundschule Thiede beste Unterst\u00fctzung zukommen lassen.<\/span><\/span> <span class=\"xr_tl\">Die Mitglieder, und das ist eine Besonderheit, <span class=\"xr_s5\">w\u00e4hlen ihren Beitrag selbst<\/span>. Der <\/span> <span class=\"xr_tl\">Beitrag kann in der H\u00f6he jederzeit ge\u00e4ndert werden. Eine schriftliche Notiz an den <\/span> <span class=\"xr_tl\">Vorstand reicht aus. Mitgliedsantr\u00e4ge schicken wir Ihnen gerne per Mail zu. Das <\/span> <span class=\"xr_tl\">ausgef\u00fcllte Formular kann Ihr Kind bei der Klassenlehrerin \/ dem Klassenlehrer <\/span> <span class=\"xr_tl\">abgeben oder Sie \u00fcbersenden es an ein Vorstandsmitglied. Sollten Sie sich f\u00fcr eine <\/span> <span class=\"xr_tl\">Mitgliedschaft im Elternverein entscheiden, w\u00fcrden wir uns sehr freuen. Auch die <\/span> <span class=\"xr_tl xr_s4\"><span class=\"xr_s2\">Kinder werden es Ihnen danken.<\/span><\/span><\/p>\n<p><span class=\"xr_tl\">Falls Sie nun noch Fragen zum Elternverein haben, wenden Sie sich bitte an eines der <\/span> <span class=\"xr_tl\">drei Vorstandsmitglieder, oder senden Sie Ihre Anfrage an: <\/span><\/p>\n<p><span class=\"xr_tl xr_s5\">eMail: elternverein_thiede(at)gmx.de<\/span><\/p>\n<p><a href=\"http:\/\/wordpress.nibis.de\/gsszthiede\/files\/2018\/04\/Elternverein-GS-Thiede-Eintrittserkl\u00e4rung.pdf\">Formular Eintrittserkl\u00e4rung<\/a><\/p>\n<p><a href=\"http:\/\/wordpress.nibis.de\/gsszthiede\/files\/2018\/04\/Elternverein-GS-Thiede-Satzung.pdf\">Satzung<\/a><\/p>\n","protected":false},"excerpt":{"rendered":"<p>Der Elternverein der Grundschule Thiede blickt auf eine rund 50j\u00e4hrige Tradition zur\u00fcck. Er hat sich die F\u00f6rderung von Bildung und Erziehung zur Hauptaufgabe gemacht. Dazu werden Dinge beschafft, die der Gemeinschaftsbildung und der Leistungsf\u00f6rderung unserer Kinder dienen. Die Anschaffungen decken Bereiche ab, die von dem Schultr\u00e4ger nicht bereitgestellt werden. So werden aus den Beitr\u00e4gen der &hellip; <a href=\"https:\/\/wordpress.nibis.de\/gsszthiede\/elternverein\/\" class=\"more-link\"><span class=\"screen-reader-text\">Elternverein<\/span> weiterlesen <span class=\"meta-nav\">&rarr;<\/span><\/a><\/p>\n","protected":false},"author":9192546,"featured_media":0,"parent":0,"menu_order":0,"comment_status":"closed","ping_status":"closed","template":"","meta":{"footnotes":""},"class_list":["post-11","page","type-page","status-publish","hentry"],"_links":{"self":[{"href":"https:\/\/wordpress.nibis.de\/gsszthiede\/wp-json\/wp\/v2\/pages\/11","targetHints":{"allow":["GET"]}}],"collection":[{"href":"https:\/\/wordpress.nibis.de\/gsszthiede\/wp-json\/wp\/v2\/pages"}],"about":[{"href":"https:\/\/wordpress.nibis.de\/gsszthiede\/wp-json\/wp\/v2\/types\/page"}],"author":[{"embeddable":true,"href":"https:\/\/wordpress.nibis.de\/gsszthiede\/wp-json\/wp\/v2\/users\/9192546"}],"replies":[{"embeddable":true,"href":"https:\/\/wordpress.nibis.de\/gsszthiede\/wp-json\/wp\/v2\/comments?post=11"}],"version-history":[{"count":6,"href":"https:\/\/wordpress.nibis.de\/gsszthiede\/wp-json\/wp\/v2\/pages\/11\/revisions"}],"predecessor-version":[{"id":294,"href":"https:\/\/wordpress.nibis.de\/gsszthiede\/wp-json\/wp\/v2\/pages\/11\/revisions\/294"}],"wp:attachment":[{"href":"https:\/\/wordpress.nibis.de\/gsszthiede\/wp-json\/wp\/v2\/media?parent=11"}],"curies":[{"name":"wp","href":"https:\/\/api.w.org\/{rel}","templated":true}]}}