{"id":1179,"date":"2020-06-27T10:39:31","date_gmt":"2020-06-27T08:39:31","guid":{"rendered":"https:\/\/wordpress.nibis.de\/gsszthiede\/?page_id=1179"},"modified":"2020-06-28T19:44:31","modified_gmt":"2020-06-28T17:44:31","slug":"unsere-turmfalken","status":"publish","type":"page","link":"https:\/\/wordpress.nibis.de\/gsszthiede\/unsere-turmfalken\/","title":{"rendered":"Unsere Turmfalken"},"content":{"rendered":"<h2 id=\"mce_1\" class=\"editor-rich-text__tinymce mce-content-body\" role=\"textbox\" aria-label=\"Schreibe \u00dcberschrift\u2026\" data-is-placeholder-visible=\"false\">Auch in diesem Jahr d\u00fcrfen wir uns an der Grundschule-Thiede daran erfreuen, einem Turmfalkenp\u00e4rchen bei der Aufzucht seiner Jungen zuschauen zu k\u00f6nnen.<\/h2>\n\n\n<ul class=\"wp-block-gallery columns-1 is-cropped wp-block-gallery-1 is-layout-flex wp-block-gallery-is-layout-flex\"><li class=\"blocks-gallery-item\"><figure><img loading=\"lazy\" decoding=\"async\" width=\"337\" height=\"600\" src=\"https:\/\/wordpress.nibis.de\/gsszthiede\/files\/2020\/06\/26.06.2020.jpg\" alt=\"\" data-id=\"1188\" data-link=\"https:\/\/wordpress.nibis.de\/gsszthiede\/26-06-2020\/\" class=\"wp-image-1188\" \/><figcaption>26.06.2020<\/figcaption><\/figure><\/li><li class=\"blocks-gallery-item\"><figure><img loading=\"lazy\" decoding=\"async\" width=\"800\" height=\"600\" src=\"https:\/\/wordpress.nibis.de\/gsszthiede\/files\/2020\/06\/26.06.2020-4.jpg\" alt=\"\" data-id=\"1187\" data-link=\"https:\/\/wordpress.nibis.de\/gsszthiede\/26-06-2020-4\/\" class=\"wp-image-1187\" srcset=\"https:\/\/wordpress.nibis.de\/gsszthiede\/files\/2020\/06\/26.06.2020-4.jpg 800w, https:\/\/wordpress.nibis.de\/gsszthiede\/files\/2020\/06\/26.06.2020-4-768x576.jpg 768w\" sizes=\"auto, (max-width: 800px) 100vw, 800px\" \/><figcaption>26.06.2020 (4)<\/figcaption><\/figure><\/li><li class=\"blocks-gallery-item\"><figure><img loading=\"lazy\" decoding=\"async\" width=\"800\" height=\"600\" src=\"https:\/\/wordpress.nibis.de\/gsszthiede\/files\/2020\/06\/26.06.2020-3.jpg\" alt=\"\" data-id=\"1186\" data-link=\"https:\/\/wordpress.nibis.de\/gsszthiede\/26-06-2020-3\/\" class=\"wp-image-1186\" srcset=\"https:\/\/wordpress.nibis.de\/gsszthiede\/files\/2020\/06\/26.06.2020-3.jpg 800w, https:\/\/wordpress.nibis.de\/gsszthiede\/files\/2020\/06\/26.06.2020-3-768x576.jpg 768w\" sizes=\"auto, (max-width: 800px) 100vw, 800px\" \/><figcaption>26.06.2020 (3)<\/figcaption><\/figure><\/li><li class=\"blocks-gallery-item\"><figure><img loading=\"lazy\" decoding=\"async\" width=\"450\" height=\"600\" src=\"https:\/\/wordpress.nibis.de\/gsszthiede\/files\/2020\/06\/26.06.2020-2.jpg\" alt=\"\" data-id=\"1185\" data-link=\"https:\/\/wordpress.nibis.de\/gsszthiede\/26-06-2020-2\/\" class=\"wp-image-1185\" \/><figcaption>26.06.2020 (2)<\/figcaption><\/figure><\/li><li class=\"blocks-gallery-item\"><figure><img loading=\"lazy\" decoding=\"async\" width=\"277\" height=\"600\" src=\"https:\/\/wordpress.nibis.de\/gsszthiede\/files\/2020\/06\/25.06.2020.jpg\" alt=\"\" data-id=\"1184\" data-link=\"https:\/\/wordpress.nibis.de\/gsszthiede\/25-06-2020\/\" class=\"wp-image-1184\" \/><figcaption>25.06.2020<\/figcaption><\/figure><\/li><li class=\"blocks-gallery-item\"><figure><img loading=\"lazy\" decoding=\"async\" width=\"277\" height=\"600\" src=\"https:\/\/wordpress.nibis.de\/gsszthiede\/files\/2020\/06\/25.06.2020-3.jpg\" alt=\"\" data-id=\"1183\" data-link=\"https:\/\/wordpress.nibis.de\/gsszthiede\/25-06-2020-3\/\" class=\"wp-image-1183\" \/><figcaption>25.06.2020 (3)<\/figcaption><\/figure><\/li><li class=\"blocks-gallery-item\"><figure><img loading=\"lazy\" decoding=\"async\" width=\"277\" height=\"600\" src=\"https:\/\/wordpress.nibis.de\/gsszthiede\/files\/2020\/06\/25.06.2020-2.jpg\" alt=\"\" data-id=\"1182\" data-link=\"https:\/\/wordpress.nibis.de\/gsszthiede\/25-06-2020-2\/\" class=\"wp-image-1182\" \/><figcaption>25.06.2020 (2)<\/figcaption><\/figure><\/li><li class=\"blocks-gallery-item\"><figure><img loading=\"lazy\" decoding=\"async\" width=\"769\" height=\"600\" src=\"https:\/\/wordpress.nibis.de\/gsszthiede\/files\/2020\/06\/20.06.2020.jpg\" alt=\"\" data-id=\"1181\" data-link=\"https:\/\/wordpress.nibis.de\/gsszthiede\/20-06-2020\/\" class=\"wp-image-1181\" srcset=\"https:\/\/wordpress.nibis.de\/gsszthiede\/files\/2020\/06\/20.06.2020.jpg 769w, https:\/\/wordpress.nibis.de\/gsszthiede\/files\/2020\/06\/20.06.2020-768x599.jpg 768w\" sizes=\"auto, (max-width: 769px) 100vw, 769px\" \/><figcaption>20.06.2020<\/figcaption><\/figure><\/li><li class=\"blocks-gallery-item\"><figure><img loading=\"lazy\" decoding=\"async\" width=\"800\" height=\"533\" src=\"https:\/\/wordpress.nibis.de\/gsszthiede\/files\/2020\/06\/20.06.2020-2.jpg\" alt=\"\" data-id=\"1180\" data-link=\"https:\/\/wordpress.nibis.de\/gsszthiede\/20-06-2020-2\/\" class=\"wp-image-1180\" srcset=\"https:\/\/wordpress.nibis.de\/gsszthiede\/files\/2020\/06\/20.06.2020-2.jpg 800w, https:\/\/wordpress.nibis.de\/gsszthiede\/files\/2020\/06\/20.06.2020-2-768x512.jpg 768w\" sizes=\"auto, (max-width: 800px) 100vw, 800px\" \/><figcaption>20.06.2020 (2)<\/figcaption><\/figure><\/li><\/ul>\n","protected":false},"excerpt":{"rendered":"<p>Auch in diesem Jahr d\u00fcrfen wir uns an der Grundschule-Thiede daran erfreuen, einem Turmfalkenp\u00e4rchen bei der Aufzucht seiner Jungen zuschauen zu k\u00f6nnen.<\/p>\n","protected":false},"author":9192581,"featured_media":0,"parent":0,"menu_order":0,"comment_status":"closed","ping_status":"closed","template":"","meta":{"footnotes":""},"class_list":["post-1179","page","type-page","status-publish","hentry"],"_links":{"self":[{"href":"https:\/\/wordpress.nibis.de\/gsszthiede\/wp-json\/wp\/v2\/pages\/1179","targetHints":{"allow":["GET"]}}],"collection":[{"href":"https:\/\/wordpress.nibis.de\/gsszthiede\/wp-json\/wp\/v2\/pages"}],"about":[{"href":"https:\/\/wordpress.nibis.de\/gsszthiede\/wp-json\/wp\/v2\/types\/page"}],"author":[{"embeddable":true,"href":"https:\/\/wordpress.nibis.de\/gsszthiede\/wp-json\/wp\/v2\/users\/9192581"}],"replies":[{"embeddable":true,"href":"https:\/\/wordpress.nibis.de\/gsszthiede\/wp-json\/wp\/v2\/comments?post=1179"}],"version-history":[{"count":2,"href":"https:\/\/wordpress.nibis.de\/gsszthiede\/wp-json\/wp\/v2\/pages\/1179\/revisions"}],"predecessor-version":[{"id":1191,"href":"https:\/\/wordpress.nibis.de\/gsszthiede\/wp-json\/wp\/v2\/pages\/1179\/revisions\/1191"}],"wp:attachment":[{"href":"https:\/\/wordpress.nibis.de\/gsszthiede\/wp-json\/wp\/v2\/media?parent=1179"}],"curies":[{"name":"wp","href":"https:\/\/api.w.org\/{rel}","templated":true}]}}