{"id":119,"date":"2018-04-12T13:54:17","date_gmt":"2018-04-12T11:54:17","guid":{"rendered":"http:\/\/wordpress.nibis.de\/gsszthiede\/?page_id=119"},"modified":"2025-08-14T14:56:30","modified_gmt":"2025-08-14T12:56:30","slug":"kollegium","status":"publish","type":"page","link":"https:\/\/wordpress.nibis.de\/gsszthiede\/kollegium\/","title":{"rendered":"Das Team"},"content":{"rendered":"\n\n<h5 class=\"wp-block wp-block-post-title block-editor-block-list__block editor-post-title editor-post-title__input rich-text is-selected\" role=\"textbox\" aria-label=\"Titel hier eingeben\">(Schuljahr 2025\/2026)<\/h5>\n<p><img loading=\"lazy\" decoding=\"async\" class=\"alignnone size-medium wp-image-1463\" src=\"https:\/\/wordpress.nibis.de\/gsszthiede\/files\/2022\/08\/Kollegium-850x478.jpg\" alt=\"\" width=\"850\" height=\"478\" srcset=\"https:\/\/wordpress.nibis.de\/gsszthiede\/files\/2022\/08\/Kollegium-850x478.jpg 850w, https:\/\/wordpress.nibis.de\/gsszthiede\/files\/2022\/08\/Kollegium-1200x675.jpg 1200w, https:\/\/wordpress.nibis.de\/gsszthiede\/files\/2022\/08\/Kollegium-250x141.jpg 250w, https:\/\/wordpress.nibis.de\/gsszthiede\/files\/2022\/08\/Kollegium-768x432.jpg 768w, https:\/\/wordpress.nibis.de\/gsszthiede\/files\/2022\/08\/Kollegium-1536x865.jpg 1536w, https:\/\/wordpress.nibis.de\/gsszthiede\/files\/2022\/08\/Kollegium-2048x1153.jpg 2048w\" sizes=\"auto, (max-width: 850px) 100vw, 850px\" \/><\/p>\n<p>Foto: Kollegium (2022)<\/p>\n<h1>Lehrkr\u00e4fte<\/h1>\n<p>Albrecht, Petra<\/p>\n<p>Bail, Melanie<\/p>\n<p>Frerichs, Kerstin<\/p>\n<p>Gei\u00dfelbrecht, Astrid<\/p>\n<p>Haertel, Hans J\u00fcrgen<\/p>\n<p>Maury, Katrin<\/p>\n<p>May, Jessica<\/p>\n<p>M\u00fcller, Vivien<\/p>\n<p>\u00d6zt\u00fcrk, Fatma<\/p>\n<p>P\u00e4tsch, Sabine<\/p>\n<p>Schaper, Ronja<\/p>\n<p>St\u00fcbig, Stefanie<\/p>\n<p>Strathmann, Melina<\/p>\n<p>Thiede, Jil<\/p>\n<h1>Sozialp\u00e4dagog:innen \/ Schulsozialarbeiter:innen<\/h1>\n<p>Foritarcyk, Sandra<\/p>\n<h1>P\u00e4dagogische Mitarbeiter:innen<\/h1>\n<p>Bauscher, Janika<\/p>\n<p>Herthum, Britta<\/p>\n<p>Homann, Melanie<\/p>\n<p>Mei\u00dfner, Regina<\/p>\n<p>Raffel, Stefanie<\/p>\n<p>Tschersich, Nadine<\/p>\n<h1>Schulleitung<\/h1>\n<p>Born, Silke (stellvertretende Schulleiterin)<\/p>\n<p>Rummert, Jan (Schulleiter)<\/p>\n<h1>Verwaltung\/Sekretariat<\/h1>\n<p>Franke, Anica<\/p>\n\n","protected":false},"excerpt":{"rendered":"<p>(Schuljahr 2025\/2026) Foto: Kollegium (2022) Lehrkr\u00e4fte Albrecht, Petra Bail, Melanie Frerichs, Kerstin Gei\u00dfelbrecht, Astrid Haertel, Hans J\u00fcrgen Maury, Katrin May, Jessica M\u00fcller, Vivien \u00d6zt\u00fcrk, Fatma P\u00e4tsch, Sabine Schaper, Ronja St\u00fcbig, Stefanie Strathmann, Melina Thiede, Jil Sozialp\u00e4dagog:innen \/ Schulsozialarbeiter:innen Foritarcyk, Sandra P\u00e4dagogische Mitarbeiter:innen Bauscher, Janika Herthum, Britta Homann, Melanie Mei\u00dfner, Regina Raffel, Stefanie Tschersich, Nadine Schulleitung &hellip; <a href=\"https:\/\/wordpress.nibis.de\/gsszthiede\/kollegium\/\" class=\"more-link\"><span class=\"screen-reader-text\">Das Team<\/span> weiterlesen <span class=\"meta-nav\">&rarr;<\/span><\/a><\/p>\n","protected":false},"author":9192581,"featured_media":0,"parent":0,"menu_order":0,"comment_status":"closed","ping_status":"closed","template":"","meta":{"footnotes":""},"class_list":["post-119","page","type-page","status-publish","hentry"],"_links":{"self":[{"href":"https:\/\/wordpress.nibis.de\/gsszthiede\/wp-json\/wp\/v2\/pages\/119","targetHints":{"allow":["GET"]}}],"collection":[{"href":"https:\/\/wordpress.nibis.de\/gsszthiede\/wp-json\/wp\/v2\/pages"}],"about":[{"href":"https:\/\/wordpress.nibis.de\/gsszthiede\/wp-json\/wp\/v2\/types\/page"}],"author":[{"embeddable":true,"href":"https:\/\/wordpress.nibis.de\/gsszthiede\/wp-json\/wp\/v2\/users\/9192581"}],"replies":[{"embeddable":true,"href":"https:\/\/wordpress.nibis.de\/gsszthiede\/wp-json\/wp\/v2\/comments?post=119"}],"version-history":[{"count":18,"href":"https:\/\/wordpress.nibis.de\/gsszthiede\/wp-json\/wp\/v2\/pages\/119\/revisions"}],"predecessor-version":[{"id":1966,"href":"https:\/\/wordpress.nibis.de\/gsszthiede\/wp-json\/wp\/v2\/pages\/119\/revisions\/1966"}],"wp:attachment":[{"href":"https:\/\/wordpress.nibis.de\/gsszthiede\/wp-json\/wp\/v2\/media?parent=119"}],"curies":[{"name":"wp","href":"https:\/\/api.w.org\/{rel}","templated":true}]}}