{"id":136,"date":"2018-04-12T14:32:51","date_gmt":"2018-04-12T12:32:51","guid":{"rendered":"http:\/\/wordpress.nibis.de\/gsszthiede\/?page_id=136"},"modified":"2023-07-21T14:33:06","modified_gmt":"2023-07-21T12:33:06","slug":"sportfreundliche-schule","status":"publish","type":"page","link":"https:\/\/wordpress.nibis.de\/gsszthiede\/sportfreundliche-schule\/","title":{"rendered":"Sportfreundliche Schule"},"content":{"rendered":"<p><span style=\"font-family: arial,helvetica,sans-serif\"><span class=\"xr_tc\"><span class=\"xr_s11\">Seit dem Schuljahr 2008\/09 tr\u00e4gt unsere Schule den Titel <\/span><\/span> <span class=\"xr_tc\"><span class=\"xr_s12\">\u201eSportfreundliche Schule\u201c<\/span><\/span> <span class=\"xr_tl xr_s11\">und hat im Juli 2008 von der Landesschulbeh\u00f6rde Braunschweig erstmalig ein entsprechendes <\/span> <span class=\"xr_tl xr_s11\">Zertifikat erhalten. Das Land Niedersachsen zeichnet im Rahmen des Aktionsplanes \u201eLernen <\/span> <span class=\"xr_tl xr_s11\">braucht Bewegung\u201c Schulen aus, die sich besonders f\u00fcr die Bewegungsf\u00f6rderung von Kindern <\/span> <span class=\"xr_tl xr_s11\">engagieren. In Salzgitter erhielten insgesamt drei Schulen diese Auszeichnung. Wir erhielten <\/span> <span class=\"xr_tl\"><span class=\"xr_s11\">in diesem Schuljahr eine erneute Folgezertifizierung.<\/span><\/span><\/span><\/p>\n<p><span style=\"font-family: arial,helvetica,sans-serif\"><span class=\"xr_tl\"><span class=\"xr_s11\">An der GS Thiede gibt es regelm\u00e4\u00dfig sportliche Projekte, Angebote und Wettk\u00e4mpfe:<\/span><\/span><\/span><\/p>\n<ul>\n<li><span style=\"font-family: arial,helvetica,sans-serif\"><span class=\"xr_tl\"><span class=\"xr_s11\">regelm\u00e4\u00dfige Durchf\u00fchrung von Sportfesten mit Auszeichnungen f\u00fcr die Schulsieger<\/span><\/span><\/span><\/li>\n<li><span style=\"font-family: arial,helvetica,sans-serif\"><span class=\"xr_tl xr_s11\">regelm\u00e4\u00dfige Teilnahme an Schulvergleichswettk\u00e4mpfen (Handball, Fu\u00dfball<\/span><span class=\"xr_tl\"><span class=\"xr_s11\">)<\/span><\/span><\/span><\/li>\n<li><span style=\"font-family: arial,helvetica,sans-serif\"><span class=\"xr_tl\"><span class=\"xr_s11\">Arbeitsgemeinschaften im Sportbereich (z.Bsp.: Tischtennis, Laufen, Handball)<\/span><\/span><\/span><\/li>\n<li><span style=\"font-family: arial,helvetica,sans-serif\"><span class=\"xr_tl\"><span class=\"xr_s11\">Schwimmunterricht wird bei uns bereits in Klasse 2 durchgef\u00fchrt<\/span><\/span><\/span><\/li>\n<li><span style=\"font-family: arial,helvetica,sans-serif\">M\u00f6glichkeit des Ablegens von weiteren Schwimmpr\u00fcfungen in Klasse 3 und 4<\/span><\/li>\n<li><span style=\"font-family: arial,helvetica,sans-serif\"><span class=\"xr_tl xr_s11\">Projekttage zum Thema \u201eGesunde Ern\u00e4hrung\u201c mit Durchf\u00fchrung von <\/span> <span class=\"xr_tl\"><span class=\"xr_s11\">Kochkursen in unserer Schulk\u00fcche (Klasse 3 und 4)<\/span><\/span><\/span><\/li>\n<li><span style=\"font-family: arial,helvetica,sans-serif\"><span class=\"xr_tl\"><span class=\"xr_s11\">Teilnahme an der Initiative \u201eFit 4 Future\u201c<\/span><\/span><\/span><\/li>\n<li><span style=\"font-family: arial,helvetica,sans-serif\"><span class=\"xr_tl\"><span class=\"xr_s11\">Kooperation mit ortsans\u00e4ssigem Sportverein TSV Thiede<\/span><\/span><\/span><\/li>\n<li><span style=\"font-family: arial,helvetica,sans-serif\"><span class=\"xr_tl\"><span class=\"xr_s11\">Teilnahme am Workshop &#8222;Skipping hearts&#8220; in Klasse 3 und 4<\/span><\/span><\/span><\/li>\n<li><span style=\"font-family: arial,helvetica,sans-serif\"><span class=\"xr_tl\"><span class=\"xr_s11\">Teilnahme am Handballtag der Grundschulen in Kooperation mit dem Sportverein FC Viktoria Thiede<\/span><\/span><\/span><\/li>\n<li><span style=\"font-family: arial,helvetica,sans-serif\"><span class=\"xr_tl\"><span class=\"xr_s11\">Besuch des Eintrachtstadions in Braunschweig als Zuschauer bei einem Fu\u00dfballspiel der Profis von Eintracht Braunschweig<\/span><\/span><\/span><\/li>\n<li><span style=\"font-family: arial,helvetica,sans-serif\"><span class=\"xr_tl\"><span class=\"xr_s11\">Teilnahme am &#8222;L\u00f6wenbanden-Turnier&#8220; bei Eintracht Braunschweig<\/span><\/span><\/span><\/li>\n<\/ul>\n<p><span style=\"font-family: arial,helvetica,sans-serif\"><span class=\"xr_tl xr_s11\">Die Kollegen des Fachbereichs Sport nehmen regelm\u00e4\u00dfig an Fortbildungsveranstaltungen teil <\/span> <span class=\"xr_tl xr_s11\">und nutzen die zahlreichen M\u00f6glichkeiten unseres Schulgel\u00e4ndes, um abwechslungsreiche <\/span> <span class=\"xr_tl xr_s11\">Bewegungsf\u00f6rderung zu erreichen. <\/span><\/span><\/p>\n<p><span style=\"font-family: arial,helvetica,sans-serif\"><span class=\"xr_tl xr_s11\">Die Grundschule Thiede verf\u00fcgt \u00fcber folgende Sport- und <\/span> <span class=\"xr_tl\"><span class=\"xr_s11\">Bewegungsanlagen:<\/span><\/span><\/span><\/p>\n<ul>\n<li><span style=\"font-family: arial,helvetica,sans-serif\"><span class=\"xr_tl\"><span class=\"xr_s11\">schuleigene Turnhalle<\/span><\/span><\/span><\/li>\n<li><span style=\"font-family: arial,helvetica,sans-serif\"><span class=\"xr_tl\"><span class=\"xr_s11\">Sportplatz mit Rundbahn (225m)<\/span><\/span><\/span><\/li>\n<li><span style=\"font-family: arial,helvetica,sans-serif\"><span class=\"xr_tl\"><span class=\"xr_s11\">Sprunggrube f\u00fcr 2 Riegen<\/span><\/span><\/span><\/li>\n<li><span style=\"font-family: arial,helvetica,sans-serif\"><span class=\"xr_tl\"><span class=\"xr_s11\">kleines Volleyballfeld<\/span><\/span><\/span><\/li>\n<li><span style=\"font-family: arial,helvetica,sans-serif\"><span class=\"xr_tl\"><span class=\"xr_s11\">Fu\u00dfballfeld (Rasen) mit zwei Toren<\/span><\/span><\/span><\/li>\n<li><span style=\"font-family: arial,helvetica,sans-serif\"><span class=\"xr_tl\"><span class=\"xr_s11\">2 Basketballk\u00f6rbe<\/span><\/span><\/span><\/li>\n<li><span style=\"font-family: arial,helvetica,sans-serif\"><span class=\"xr_tl\"><span class=\"xr_s11\">2 Tischtennisplatten<\/span><\/span><\/span><\/li>\n<li><span style=\"font-family: arial,helvetica,sans-serif\"><span class=\"xr_tl\"><span class=\"xr_s11\">Kletterger\u00e4te, Seilzirkus, Rutsche, Sprungpfosten<\/span><\/span><\/span><\/li>\n<li><span style=\"font-family: arial,helvetica,sans-serif\"><span class=\"xr_tl\"><span class=\"xr_s11\">Ausleihangebote f\u00fcr Kleinger\u00e4te in Betreuungszeiten und Pausen<\/span><\/span><\/span><\/li>\n<\/ul>\n<p><span style=\"font-family: arial,helvetica,sans-serif\"><span class=\"xr_tl xr_s11\">Vielen Dank f\u00fcr das Engagement in den vergangenen Jahren an alle Kollegen und die <\/span> <span class=\"xr_tl\"><span class=\"xr_s11\">Kooperationspartner.<\/span><\/span><\/span><\/p>\n\n","protected":false},"excerpt":{"rendered":"<p>Seit dem Schuljahr 2008\/09 tr\u00e4gt unsere Schule den Titel \u201eSportfreundliche Schule\u201c und hat im Juli 2008 von der Landesschulbeh\u00f6rde Braunschweig erstmalig ein entsprechendes Zertifikat erhalten. Das Land Niedersachsen zeichnet im Rahmen des Aktionsplanes \u201eLernen braucht Bewegung\u201c Schulen aus, die sich besonders f\u00fcr die Bewegungsf\u00f6rderung von Kindern engagieren. In Salzgitter erhielten insgesamt drei Schulen diese Auszeichnung. &hellip; <a href=\"https:\/\/wordpress.nibis.de\/gsszthiede\/sportfreundliche-schule\/\" class=\"more-link\"><span class=\"screen-reader-text\">Sportfreundliche Schule<\/span> weiterlesen <span class=\"meta-nav\">&rarr;<\/span><\/a><\/p>\n","protected":false},"author":9192581,"featured_media":0,"parent":0,"menu_order":0,"comment_status":"closed","ping_status":"closed","template":"","meta":{"footnotes":""},"class_list":["post-136","page","type-page","status-publish","hentry"],"_links":{"self":[{"href":"https:\/\/wordpress.nibis.de\/gsszthiede\/wp-json\/wp\/v2\/pages\/136","targetHints":{"allow":["GET"]}}],"collection":[{"href":"https:\/\/wordpress.nibis.de\/gsszthiede\/wp-json\/wp\/v2\/pages"}],"about":[{"href":"https:\/\/wordpress.nibis.de\/gsszthiede\/wp-json\/wp\/v2\/types\/page"}],"author":[{"embeddable":true,"href":"https:\/\/wordpress.nibis.de\/gsszthiede\/wp-json\/wp\/v2\/users\/9192581"}],"replies":[{"embeddable":true,"href":"https:\/\/wordpress.nibis.de\/gsszthiede\/wp-json\/wp\/v2\/comments?post=136"}],"version-history":[{"count":4,"href":"https:\/\/wordpress.nibis.de\/gsszthiede\/wp-json\/wp\/v2\/pages\/136\/revisions"}],"predecessor-version":[{"id":1601,"href":"https:\/\/wordpress.nibis.de\/gsszthiede\/wp-json\/wp\/v2\/pages\/136\/revisions\/1601"}],"wp:attachment":[{"href":"https:\/\/wordpress.nibis.de\/gsszthiede\/wp-json\/wp\/v2\/media?parent=136"}],"curies":[{"name":"wp","href":"https:\/\/api.w.org\/{rel}","templated":true}]}}