{"id":1471,"date":"2022-09-18T13:06:25","date_gmt":"2022-09-18T11:06:25","guid":{"rendered":"https:\/\/wordpress.nibis.de\/gsszthiede\/?page_id=1471"},"modified":"2022-09-18T13:06:25","modified_gmt":"2022-09-18T11:06:25","slug":"stadionbesuch-loewenbande","status":"publish","type":"page","link":"https:\/\/wordpress.nibis.de\/gsszthiede\/stadionbesuch-loewenbande\/","title":{"rendered":"Stadionbesuch L\u00f6wenbande"},"content":{"rendered":"\n<p>Am 16.9. konnten wir mit 50 Kindern der Grundschule Thiede und einigen Lehrkr\u00e4ften und p\u00e4dagogischen Mitarbeitern den Sieg der Eintracht Braunschweig gegen den Karlsruher SC live im Stadion verfolgen. Am Ende gewann die Eintracht mit 2:1 durch die Tore von Anthony Ujah. Die Mannschaft lie\u00df es sich nicht nehmen den tollen Erfolg gemeinsam mit den Kindern zu feiern und kam zum &#8222;Abklatschen&#8220;\u00a0 in die Kurve der L\u00f6wenbande. Ein sch\u00f6ner Moment nicht nur f\u00fcr die Spieler der Eintracht, die bestimmt ein paar neue Fans an diesem Abend gewonnen haben.<\/p>\n<p><img loading=\"lazy\" decoding=\"async\" class=\"alignnone size-medium wp-image-1472\" src=\"https:\/\/wordpress.nibis.de\/gsszthiede\/files\/2022\/09\/20220916_202916-800x478.jpg\" alt=\"\" width=\"800\" height=\"478\" \/>Danke Eintracht!<\/p>\n","protected":false},"excerpt":{"rendered":"<p>Am 16.9. konnten wir mit 50 Kindern der Grundschule Thiede und einigen Lehrkr\u00e4ften und p\u00e4dagogischen Mitarbeitern den Sieg der Eintracht Braunschweig gegen den Karlsruher SC live im Stadion verfolgen. Am Ende gewann die Eintracht mit 2:1 durch die Tore von Anthony Ujah. Die Mannschaft lie\u00df es sich nicht nehmen den tollen Erfolg gemeinsam mit den &hellip; <a href=\"https:\/\/wordpress.nibis.de\/gsszthiede\/stadionbesuch-loewenbande\/\" class=\"more-link\"><span class=\"screen-reader-text\">Stadionbesuch L\u00f6wenbande<\/span> weiterlesen <span class=\"meta-nav\">&rarr;<\/span><\/a><\/p>\n","protected":false},"author":9192581,"featured_media":0,"parent":0,"menu_order":0,"comment_status":"closed","ping_status":"closed","template":"","meta":{"footnotes":""},"class_list":["post-1471","page","type-page","status-publish","hentry"],"_links":{"self":[{"href":"https:\/\/wordpress.nibis.de\/gsszthiede\/wp-json\/wp\/v2\/pages\/1471","targetHints":{"allow":["GET"]}}],"collection":[{"href":"https:\/\/wordpress.nibis.de\/gsszthiede\/wp-json\/wp\/v2\/pages"}],"about":[{"href":"https:\/\/wordpress.nibis.de\/gsszthiede\/wp-json\/wp\/v2\/types\/page"}],"author":[{"embeddable":true,"href":"https:\/\/wordpress.nibis.de\/gsszthiede\/wp-json\/wp\/v2\/users\/9192581"}],"replies":[{"embeddable":true,"href":"https:\/\/wordpress.nibis.de\/gsszthiede\/wp-json\/wp\/v2\/comments?post=1471"}],"version-history":[{"count":1,"href":"https:\/\/wordpress.nibis.de\/gsszthiede\/wp-json\/wp\/v2\/pages\/1471\/revisions"}],"predecessor-version":[{"id":1473,"href":"https:\/\/wordpress.nibis.de\/gsszthiede\/wp-json\/wp\/v2\/pages\/1471\/revisions\/1473"}],"wp:attachment":[{"href":"https:\/\/wordpress.nibis.de\/gsszthiede\/wp-json\/wp\/v2\/media?parent=1471"}],"curies":[{"name":"wp","href":"https:\/\/api.w.org\/{rel}","templated":true}]}}