{"id":1486,"date":"2022-12-19T11:37:20","date_gmt":"2022-12-19T10:37:20","guid":{"rendered":"https:\/\/wordpress.nibis.de\/gsszthiede\/?page_id=1486"},"modified":"2022-12-19T11:37:20","modified_gmt":"2022-12-19T10:37:20","slug":"wetterbedingte-schulausfaelle","status":"publish","type":"page","link":"https:\/\/wordpress.nibis.de\/gsszthiede\/wetterbedingte-schulausfaelle\/","title":{"rendered":"Wetterbedingte Schulausf\u00e4lle"},"content":{"rendered":"\n<p><\/p>\n<p>Damit Sie sich zu den wetterbedingten Schulausf\u00e4llen \u00fcber den aktuellen Stand informieren k\u00f6nnen, verweisen wir hier auf die offiziellen Meldestellen:<\/p>\n<p> <\/p>\n<p><a href=\"https:\/\/www.vmz-niedersachsen.de\/schulausfall\">Schulausf\u00e4lle | VMZNDS (vmz-niedersachsen.de)<\/a><\/p>\n<p> <\/p>\n<p><a href=\"https:\/\/www.salzgitter.de\/pressemeldungen\/2022\/\">Pressemitteilungen 2022 | Salzgitter<\/a><\/p>\n<p> <\/p>\n<p>Bitte weisen Sie auch weiterhin regelm\u00e4\u00dfig Ihre Kinder auf die zus\u00e4tzlichen Gefahren (z.B. beim Betreten von Eisfl\u00e4chen, Rutschgefahr, nicht rechtzeitig stoppende Fahrzeuge usw.) hin.<\/p>\n<p> <\/p>\n<p>Vielen Dank. Bleiben Sie gesund!<\/p>\n<p><\/p>\n","protected":false},"excerpt":{"rendered":"<p>Damit Sie sich zu den wetterbedingten Schulausf\u00e4llen \u00fcber den aktuellen Stand informieren k\u00f6nnen, verweisen wir hier auf die offiziellen Meldestellen: Schulausf\u00e4lle | VMZNDS (vmz-niedersachsen.de) Pressemitteilungen 2022 | Salzgitter Bitte weisen Sie auch weiterhin regelm\u00e4\u00dfig Ihre Kinder auf die zus\u00e4tzlichen Gefahren (z.B. beim Betreten von Eisfl\u00e4chen, Rutschgefahr, nicht rechtzeitig stoppende Fahrzeuge usw.) hin. Vielen Dank. Bleiben &hellip; <a href=\"https:\/\/wordpress.nibis.de\/gsszthiede\/wetterbedingte-schulausfaelle\/\" class=\"more-link\"><span class=\"screen-reader-text\">Wetterbedingte Schulausf\u00e4lle<\/span> weiterlesen <span class=\"meta-nav\">&rarr;<\/span><\/a><\/p>\n","protected":false},"author":9192581,"featured_media":0,"parent":0,"menu_order":0,"comment_status":"closed","ping_status":"closed","template":"","meta":{"footnotes":""},"class_list":["post-1486","page","type-page","status-publish","hentry"],"_links":{"self":[{"href":"https:\/\/wordpress.nibis.de\/gsszthiede\/wp-json\/wp\/v2\/pages\/1486","targetHints":{"allow":["GET"]}}],"collection":[{"href":"https:\/\/wordpress.nibis.de\/gsszthiede\/wp-json\/wp\/v2\/pages"}],"about":[{"href":"https:\/\/wordpress.nibis.de\/gsszthiede\/wp-json\/wp\/v2\/types\/page"}],"author":[{"embeddable":true,"href":"https:\/\/wordpress.nibis.de\/gsszthiede\/wp-json\/wp\/v2\/users\/9192581"}],"replies":[{"embeddable":true,"href":"https:\/\/wordpress.nibis.de\/gsszthiede\/wp-json\/wp\/v2\/comments?post=1486"}],"version-history":[{"count":2,"href":"https:\/\/wordpress.nibis.de\/gsszthiede\/wp-json\/wp\/v2\/pages\/1486\/revisions"}],"predecessor-version":[{"id":1596,"href":"https:\/\/wordpress.nibis.de\/gsszthiede\/wp-json\/wp\/v2\/pages\/1486\/revisions\/1596"}],"wp:attachment":[{"href":"https:\/\/wordpress.nibis.de\/gsszthiede\/wp-json\/wp\/v2\/media?parent=1486"}],"curies":[{"name":"wp","href":"https:\/\/api.w.org\/{rel}","templated":true}]}}