{"id":1524,"date":"2023-03-24T18:05:40","date_gmt":"2023-03-24T17:05:40","guid":{"rendered":"https:\/\/wordpress.nibis.de\/gsszthiede\/?page_id=1524"},"modified":"2023-03-24T18:05:40","modified_gmt":"2023-03-24T17:05:40","slug":"stadtputzwoche-wir-waren-dabei","status":"publish","type":"page","link":"https:\/\/wordpress.nibis.de\/gsszthiede\/stadtputzwoche-wir-waren-dabei\/","title":{"rendered":"Stadtputzwoche &#8211; Wir waren dabei"},"content":{"rendered":"\n<p><img loading=\"lazy\" decoding=\"async\" class=\"alignnone size-medium wp-image-1528\" src=\"https:\/\/wordpress.nibis.de\/gsszthiede\/files\/2023\/03\/2023-03-15-Mllsammeln-1-850x478.jpeg\" alt=\"\" width=\"850\" height=\"478\" srcset=\"https:\/\/wordpress.nibis.de\/gsszthiede\/files\/2023\/03\/2023-03-15-Mllsammeln-1-850x478.jpeg 850w, https:\/\/wordpress.nibis.de\/gsszthiede\/files\/2023\/03\/2023-03-15-Mllsammeln-1-250x141.jpeg 250w\" sizes=\"auto, (max-width: 850px) 100vw, 850px\" \/><\/p>\n\n\n\n<p>Am 16.03.2023 besuchte die Klasse 3a der Grundschule Thiede anl\u00e4sslich der Stadtputzwoche den B\u00fcrgerwald. Dort sammelten die Sch\u00fclerinnen und Sch\u00fcler achtlos weggeworfenen M\u00fcll in die mitgebrachten wei\u00dfen S\u00e4cke.<\/p>\n<p>\u00a0<\/p>\n\n\n\n<p><img loading=\"lazy\" decoding=\"async\" class=\"alignnone size-medium wp-image-1526\" src=\"https:\/\/wordpress.nibis.de\/gsszthiede\/files\/2023\/03\/homepage-800x478.jpg\" alt=\"\" width=\"800\" height=\"478\" \/><\/p>\n","protected":false},"excerpt":{"rendered":"<p>Am 16.03.2023 besuchte die Klasse 3a der Grundschule Thiede anl\u00e4sslich der Stadtputzwoche den B\u00fcrgerwald. Dort sammelten die Sch\u00fclerinnen und Sch\u00fcler achtlos weggeworfenen M\u00fcll in die mitgebrachten wei\u00dfen S\u00e4cke. \u00a0<\/p>\n","protected":false},"author":9192581,"featured_media":0,"parent":0,"menu_order":0,"comment_status":"closed","ping_status":"closed","template":"","meta":{"footnotes":""},"class_list":["post-1524","page","type-page","status-publish","hentry"],"_links":{"self":[{"href":"https:\/\/wordpress.nibis.de\/gsszthiede\/wp-json\/wp\/v2\/pages\/1524","targetHints":{"allow":["GET"]}}],"collection":[{"href":"https:\/\/wordpress.nibis.de\/gsszthiede\/wp-json\/wp\/v2\/pages"}],"about":[{"href":"https:\/\/wordpress.nibis.de\/gsszthiede\/wp-json\/wp\/v2\/types\/page"}],"author":[{"embeddable":true,"href":"https:\/\/wordpress.nibis.de\/gsszthiede\/wp-json\/wp\/v2\/users\/9192581"}],"replies":[{"embeddable":true,"href":"https:\/\/wordpress.nibis.de\/gsszthiede\/wp-json\/wp\/v2\/comments?post=1524"}],"version-history":[{"count":3,"href":"https:\/\/wordpress.nibis.de\/gsszthiede\/wp-json\/wp\/v2\/pages\/1524\/revisions"}],"predecessor-version":[{"id":1532,"href":"https:\/\/wordpress.nibis.de\/gsszthiede\/wp-json\/wp\/v2\/pages\/1524\/revisions\/1532"}],"wp:attachment":[{"href":"https:\/\/wordpress.nibis.de\/gsszthiede\/wp-json\/wp\/v2\/media?parent=1524"}],"curies":[{"name":"wp","href":"https:\/\/api.w.org\/{rel}","templated":true}]}}