{"id":1572,"date":"2023-07-04T18:54:35","date_gmt":"2023-07-04T16:54:35","guid":{"rendered":"https:\/\/wordpress.nibis.de\/gsszthiede\/?page_id=1572"},"modified":"2023-07-31T14:45:17","modified_gmt":"2023-07-31T12:45:17","slug":"2-platz-beim-jungenfussballturnier","status":"publish","type":"page","link":"https:\/\/wordpress.nibis.de\/gsszthiede\/2-platz-beim-jungenfussballturnier\/","title":{"rendered":"2. Platz beim (Jungen)fu\u00dfballturnier"},"content":{"rendered":"\n<p><img loading=\"lazy\" decoding=\"async\" class=\"alignnone size-medium\" src=\"https:\/\/wordpress.nibis.de\/gsszthiede\/files\/2023\/07\/IMG_0762-2.jpg\" alt=\"Unsere Schulmannschaft 2023\" width=\"800\" height=\"600\" \/>Am 27.6.2023 konnte unsere Schulmannschaft einen tollen 2. Platz beim Schulfu\u00dfballturnier in Fredenberg erreichen. Nachdem das Turnier in den letzten Jahren mehrfach abgesagt werden musste, konnten sich nun wieder zehn tolle Teams aus der Region Salzgitter miteinander messen. Vorab: Es war ein tolles und vor allem sehr faires Turnier, an dem alle ihren Spa\u00df und Anteil hatten und das wirklich toll organisiert worden war. Daf\u00fcr besten Dank!<\/p>\n<p>Unser Team konnte sich ohne Gegentor ins Finale spielen. Das Finale gegen die Grundschule D\u00fcrerring war an Spannung nicht zu \u00fcberbieten und war auch spielerisch auf einem tollen Niveau. Letztlich mussten wir uns im Neun-Meter-Schie\u00dfen dem Gegner mit 3 zu 4 geschlagen geben, nachdem das Spiel zuvor auf Augenh\u00f6he verlief und Chancen auf beiden Seiten bot. Am Ende ist ein Neun-Meter-Schie\u00dfen aber immer auch etwas Gl\u00fcckssache&#8230; Dennoch sind wir stolz und mit einem gewonnenen Pokal und Ball in die Schule zur\u00fcckgekehrt!\u00a0<\/p>\n<p>Einen weiterer ausf\u00fchrlicher Bericht zum Turnier ist <a href=\"https:\/\/www.nfv-nordharz.de\/nfv-kreis\/news\/news-detail\/gs-duerrerring-gewinnt-schulfussballturnier\">hier<\/a> auf der Seite des NFV Nordharz zu finden.<\/p>\n<p>\u00a0<\/p>\n","protected":false},"excerpt":{"rendered":"<p>Am 27.6.2023 konnte unsere Schulmannschaft einen tollen 2. Platz beim Schulfu\u00dfballturnier in Fredenberg erreichen. Nachdem das Turnier in den letzten Jahren mehrfach abgesagt werden musste, konnten sich nun wieder zehn tolle Teams aus der Region Salzgitter miteinander messen. Vorab: Es war ein tolles und vor allem sehr faires Turnier, an dem alle ihren Spa\u00df und &hellip; <a href=\"https:\/\/wordpress.nibis.de\/gsszthiede\/2-platz-beim-jungenfussballturnier\/\" class=\"more-link\"><span class=\"screen-reader-text\">2. Platz beim (Jungen)fu\u00dfballturnier<\/span> weiterlesen <span class=\"meta-nav\">&rarr;<\/span><\/a><\/p>\n","protected":false},"author":9192581,"featured_media":0,"parent":0,"menu_order":0,"comment_status":"closed","ping_status":"closed","template":"","meta":{"footnotes":""},"class_list":["post-1572","page","type-page","status-publish","hentry"],"_links":{"self":[{"href":"https:\/\/wordpress.nibis.de\/gsszthiede\/wp-json\/wp\/v2\/pages\/1572","targetHints":{"allow":["GET"]}}],"collection":[{"href":"https:\/\/wordpress.nibis.de\/gsszthiede\/wp-json\/wp\/v2\/pages"}],"about":[{"href":"https:\/\/wordpress.nibis.de\/gsszthiede\/wp-json\/wp\/v2\/types\/page"}],"author":[{"embeddable":true,"href":"https:\/\/wordpress.nibis.de\/gsszthiede\/wp-json\/wp\/v2\/users\/9192581"}],"replies":[{"embeddable":true,"href":"https:\/\/wordpress.nibis.de\/gsszthiede\/wp-json\/wp\/v2\/comments?post=1572"}],"version-history":[{"count":4,"href":"https:\/\/wordpress.nibis.de\/gsszthiede\/wp-json\/wp\/v2\/pages\/1572\/revisions"}],"predecessor-version":[{"id":1781,"href":"https:\/\/wordpress.nibis.de\/gsszthiede\/wp-json\/wp\/v2\/pages\/1572\/revisions\/1781"}],"wp:attachment":[{"href":"https:\/\/wordpress.nibis.de\/gsszthiede\/wp-json\/wp\/v2\/media?parent=1572"}],"curies":[{"name":"wp","href":"https:\/\/api.w.org\/{rel}","templated":true}]}}