{"id":1586,"date":"2023-07-06T20:33:08","date_gmt":"2023-07-06T18:33:08","guid":{"rendered":"https:\/\/wordpress.nibis.de\/gsszthiede\/?page_id=1586"},"modified":"2023-07-24T17:01:44","modified_gmt":"2023-07-24T15:01:44","slug":"wir-feierten-unser-50-jaehriges-jubilaeum-mit-einem-grossen-fest","status":"publish","type":"page","link":"https:\/\/wordpress.nibis.de\/gsszthiede\/wir-feierten-unser-50-jaehriges-jubilaeum-mit-einem-grossen-fest\/","title":{"rendered":"Wir feierten unser 50-j\u00e4hriges Jubil\u00e4um mit einem gro\u00dfen Fest"},"content":{"rendered":"\n<p><img loading=\"lazy\" decoding=\"async\" class=\"alignnone size-medium wp-image-1610\" src=\"https:\/\/wordpress.nibis.de\/gsszthiede\/files\/2023\/07\/Luftbild-50-800x478.jpg\" alt=\"\" width=\"800\" height=\"478\" \/><\/p>\n\n\n\n<p>Nach anf\u00e4nglichen Sorgen wegen der ung\u00fcnstigen Wettervorhersage wurde das Schulfest am 30.06.2023 doch ein gro\u00dfer Erfolg.<\/p>\n<p>Die Vorbereitungen begannen schon vor einigen Wochen, in den letzten Tagen vor dem endg\u00fcltigen Termin gab es in der Schule kaum noch ein anderes Thema als das bevorstehende Fest. Das gesamte Schulpersonal und alle Sch\u00fclerinnen und Sch\u00fcler arbeiteten flei\u00dfig auf den Freitag hin. Am gro\u00dfen Tag kam noch kr\u00e4ftige Unterst\u00fctzung der Eltern dazu, die durch Kuchenspenden und aktive Unterst\u00fctzung bei den vielen Stationen zum Gelingen des Schulfestes beitrugen.<\/p>\n<p>Um 15 Uhr begr\u00fc\u00dfte Herr Rummert die G\u00e4steschar auf dem Sportplatz hinter der Schule. Alle Sch\u00fclerinnen und Sch\u00fcler hatten in den letzten Wochen ein Lied einge\u00fcbt und pr\u00e4sentierten es nun vor allen G\u00e4sten. Die Begr\u00fc\u00dfung endete mit der feierlichen Einweihung des neu entstehenden Schulgartens im \u201eGel\u00e4ndezipfel\u201c. Der Ortsb\u00fcrgermeister von Thiede, Herr Christian Striese, schnitt zusammen mit Herrn Rummert feierlich und unter Beifall der gro\u00dfen G\u00e4stemenge das Band durch.<\/p>\n<p><img loading=\"lazy\" decoding=\"async\" class=\"alignnone size-medium wp-image-1588\" src=\"https:\/\/wordpress.nibis.de\/gsszthiede\/files\/2023\/07\/Gartenzipfeleroefnnung-800x478.jpg\" alt=\"\" width=\"800\" height=\"478\"><\/p>\n<p>Bis 18 Uhr feierten alle das 50-j\u00e4hrige Jubil\u00e4um und hatten viel Spa\u00df an einer gro\u00dfen Auswahl an unterschiedlichen St\u00e4nden. F\u00fcr alle war etwas dabei: Die Aktionen waren kreativ, lecker, sportlich, lustig, \u00fcberraschend und informativ. Zwischendurch sorgte Hironimus (Georg Morgenthal) mit Artistik, Jonglage und Comedy f\u00fcr Unterhaltung. Und auch die gro\u00dfe Tombola sorgte mit vielen tollen Preisen f\u00fcr Spannung. An dieser Stelle einen gro\u00dfen Dank an die zahlreichen Sponsoren, die dieses m\u00f6glich gemacht haben.<\/p>\n<figure id=\"attachment_1597\" aria-describedby=\"caption-attachment-1597\" style=\"width: 800px\" class=\"wp-caption alignnone\"><img loading=\"lazy\" decoding=\"async\" class=\"size-full wp-image-1597\" src=\"https:\/\/wordpress.nibis.de\/gsszthiede\/files\/2023\/07\/20230707_142913.jpg\" alt=\"Unsere zahlreichen Sponsoren der Tombola\" width=\"800\" height=\"339\" srcset=\"https:\/\/wordpress.nibis.de\/gsszthiede\/files\/2023\/07\/20230707_142913.jpg 800w, https:\/\/wordpress.nibis.de\/gsszthiede\/files\/2023\/07\/20230707_142913-768x325.jpg 768w\" sizes=\"auto, (max-width: 800px) 100vw, 800px\" \/><figcaption id=\"caption-attachment-1597\" class=\"wp-caption-text\">Unsere zahlreichen Sponsoren<\/figcaption><\/figure>\n<p>Am Ende war es f\u00fcr alle Beteiligten und G\u00e4ste ein tolles Event zum Abschluss des Schuljahres.<\/p>\n\n\n","protected":false},"excerpt":{"rendered":"<p>Nach anf\u00e4nglichen Sorgen wegen der ung\u00fcnstigen Wettervorhersage wurde das Schulfest am 30.06.2023 doch ein gro\u00dfer Erfolg. Die Vorbereitungen begannen schon vor einigen Wochen, in den letzten Tagen vor dem endg\u00fcltigen Termin gab es in der Schule kaum noch ein anderes Thema als das bevorstehende Fest. Das gesamte Schulpersonal und alle Sch\u00fclerinnen und Sch\u00fcler arbeiteten flei\u00dfig &hellip; <a href=\"https:\/\/wordpress.nibis.de\/gsszthiede\/wir-feierten-unser-50-jaehriges-jubilaeum-mit-einem-grossen-fest\/\" class=\"more-link\"><span class=\"screen-reader-text\">Wir feierten unser 50-j\u00e4hriges Jubil\u00e4um mit einem gro\u00dfen Fest<\/span> weiterlesen <span class=\"meta-nav\">&rarr;<\/span><\/a><\/p>\n","protected":false},"author":9192581,"featured_media":0,"parent":0,"menu_order":0,"comment_status":"closed","ping_status":"closed","template":"","meta":{"footnotes":""},"class_list":["post-1586","page","type-page","status-publish","hentry"],"_links":{"self":[{"href":"https:\/\/wordpress.nibis.de\/gsszthiede\/wp-json\/wp\/v2\/pages\/1586","targetHints":{"allow":["GET"]}}],"collection":[{"href":"https:\/\/wordpress.nibis.de\/gsszthiede\/wp-json\/wp\/v2\/pages"}],"about":[{"href":"https:\/\/wordpress.nibis.de\/gsszthiede\/wp-json\/wp\/v2\/types\/page"}],"author":[{"embeddable":true,"href":"https:\/\/wordpress.nibis.de\/gsszthiede\/wp-json\/wp\/v2\/users\/9192581"}],"replies":[{"embeddable":true,"href":"https:\/\/wordpress.nibis.de\/gsszthiede\/wp-json\/wp\/v2\/comments?post=1586"}],"version-history":[{"count":5,"href":"https:\/\/wordpress.nibis.de\/gsszthiede\/wp-json\/wp\/v2\/pages\/1586\/revisions"}],"predecessor-version":[{"id":1611,"href":"https:\/\/wordpress.nibis.de\/gsszthiede\/wp-json\/wp\/v2\/pages\/1586\/revisions\/1611"}],"wp:attachment":[{"href":"https:\/\/wordpress.nibis.de\/gsszthiede\/wp-json\/wp\/v2\/media?parent=1586"}],"curies":[{"name":"wp","href":"https:\/\/api.w.org\/{rel}","templated":true}]}}