{"id":1602,"date":"2023-07-21T14:38:11","date_gmt":"2023-07-21T12:38:11","guid":{"rendered":"https:\/\/wordpress.nibis.de\/gsszthiede\/?page_id=1602"},"modified":"2023-07-21T14:42:34","modified_gmt":"2023-07-21T12:42:34","slug":"schuelerversammlungen","status":"publish","type":"page","link":"https:\/\/wordpress.nibis.de\/gsszthiede\/schuelerversammlungen\/","title":{"rendered":"Sch\u00fclerversammlungen"},"content":{"rendered":"\n<p>Seit einiger Zeit finden nun wieder an unserer Schule die Sch\u00fclerversammlungen statt, nachdem diese zu Coronabedingungen nicht m\u00f6glich waren. Zu dieser Gelegenheit versammeln sich alle Beteiligten der GS Thiede in der Turnhalle und es werden viele Neuigkeiten verk\u00fcndet. Zudem haben die Kinder die M\u00f6glichkeit interessantes und ihr K\u00f6nnen zu pr\u00e4sentieren (z.B. eine Ballettauff\u00fchrung, s. Foto). Vorschl\u00e4ge f\u00fcr Darbietungen oder Ausstellungen k\u00f6nnen immer im Vorfeld bei Herrn Rummert abgegeben werden. <img loading=\"lazy\" decoding=\"async\" class=\"alignnone size-medium wp-image-1547\" src=\"https:\/\/wordpress.nibis.de\/gsszthiede\/files\/2023\/06\/20230605_083006-850x478.jpg\" alt=\"\" width=\"850\" height=\"478\" srcset=\"https:\/\/wordpress.nibis.de\/gsszthiede\/files\/2023\/06\/20230605_083006-850x478.jpg 850w, https:\/\/wordpress.nibis.de\/gsszthiede\/files\/2023\/06\/20230605_083006-1200x675.jpg 1200w, https:\/\/wordpress.nibis.de\/gsszthiede\/files\/2023\/06\/20230605_083006-250x141.jpg 250w\" sizes=\"auto, (max-width: 850px) 100vw, 850px\" \/><\/p>\n<p>\u00a0<\/p>\n","protected":false},"excerpt":{"rendered":"<p>Seit einiger Zeit finden nun wieder an unserer Schule die Sch\u00fclerversammlungen statt, nachdem diese zu Coronabedingungen nicht m\u00f6glich waren. Zu dieser Gelegenheit versammeln sich alle Beteiligten der GS Thiede in der Turnhalle und es werden viele Neuigkeiten verk\u00fcndet. Zudem haben die Kinder die M\u00f6glichkeit interessantes und ihr K\u00f6nnen zu pr\u00e4sentieren (z.B. eine Ballettauff\u00fchrung, s. Foto). &hellip; <a href=\"https:\/\/wordpress.nibis.de\/gsszthiede\/schuelerversammlungen\/\" class=\"more-link\"><span class=\"screen-reader-text\">Sch\u00fclerversammlungen<\/span> weiterlesen <span class=\"meta-nav\">&rarr;<\/span><\/a><\/p>\n","protected":false},"author":9192581,"featured_media":0,"parent":0,"menu_order":0,"comment_status":"closed","ping_status":"closed","template":"","meta":{"footnotes":""},"class_list":["post-1602","page","type-page","status-publish","hentry"],"_links":{"self":[{"href":"https:\/\/wordpress.nibis.de\/gsszthiede\/wp-json\/wp\/v2\/pages\/1602","targetHints":{"allow":["GET"]}}],"collection":[{"href":"https:\/\/wordpress.nibis.de\/gsszthiede\/wp-json\/wp\/v2\/pages"}],"about":[{"href":"https:\/\/wordpress.nibis.de\/gsszthiede\/wp-json\/wp\/v2\/types\/page"}],"author":[{"embeddable":true,"href":"https:\/\/wordpress.nibis.de\/gsszthiede\/wp-json\/wp\/v2\/users\/9192581"}],"replies":[{"embeddable":true,"href":"https:\/\/wordpress.nibis.de\/gsszthiede\/wp-json\/wp\/v2\/comments?post=1602"}],"version-history":[{"count":2,"href":"https:\/\/wordpress.nibis.de\/gsszthiede\/wp-json\/wp\/v2\/pages\/1602\/revisions"}],"predecessor-version":[{"id":1605,"href":"https:\/\/wordpress.nibis.de\/gsszthiede\/wp-json\/wp\/v2\/pages\/1602\/revisions\/1605"}],"wp:attachment":[{"href":"https:\/\/wordpress.nibis.de\/gsszthiede\/wp-json\/wp\/v2\/media?parent=1602"}],"curies":[{"name":"wp","href":"https:\/\/api.w.org\/{rel}","templated":true}]}}