{"id":1665,"date":"2023-11-08T19:29:23","date_gmt":"2023-11-08T18:29:23","guid":{"rendered":"https:\/\/wordpress.nibis.de\/gsszthiede\/?page_id=1665"},"modified":"2023-11-08T19:29:23","modified_gmt":"2023-11-08T18:29:23","slug":"stadionbesuch-bei-der-eintracht-25-9-2023","status":"publish","type":"page","link":"https:\/\/wordpress.nibis.de\/gsszthiede\/stadionbesuch-bei-der-eintracht-25-9-2023\/","title":{"rendered":"Stadionbesuch bei der Eintracht 25.9.2023"},"content":{"rendered":"<p>Auch dieses Jahr haben wir wieder Freikarten f\u00fcr ein Fu\u00dfballspiel von Eintracht Braunschweig bekommen. Mit fast 40 Kindern des 3. und 4. Jahrgangs trafen wir uns am Samstag um 12 Uhr beim Eintracht Stadion um das Spiel Eintracht Braunschweig gegen N\u00fcrnberg zu schauen. Ein spannendes Spiel mit insgesamt vier sch\u00f6nen Toren, wobei 2 Tore leider ins falsche Tor geschossen wurden. Somit ging das Spiel 2:2 aus. Auf der Trib\u00fcne wurde geklatscht, blau gelbe Fahnen geschwungen und flei\u00dfig angefeuert.<\/p>\n<p><b>Hier ein paar Stimmen zum Spiel:<\/b><\/p>\n<p>Ich war das erste Mal im Eintracht Stadion und fand es mega cool! (Jayden 3b)<\/p>\n<p>Das Spiel ist 2:2 unentschieden ausgegangen, das fand ich nicht so toll, weil zwei Tore von den Gegnern waren. (Anton 3b)<\/p>\n<p><img loading=\"lazy\" decoding=\"async\" class=\"alignnone size-full wp-image-1671\" src=\"https:\/\/wordpress.nibis.de\/gsszthiede\/files\/2023\/11\/image019.jpg\" alt=\"\" width=\"800\" height=\"360\" srcset=\"https:\/\/wordpress.nibis.de\/gsszthiede\/files\/2023\/11\/image019.jpg 800w, https:\/\/wordpress.nibis.de\/gsszthiede\/files\/2023\/11\/image019-768x346.jpg 768w\" sizes=\"auto, (max-width: 800px) 100vw, 800px\" \/><\/p>\n<p>Ich war das erste Mal im Stadion und fand das Spiel spannend. Ich w\u00fcrde auf jeden Fall nochmal ins Stadion gehen. (Jonte 3b)<\/p>\n<p>Die Kinder hatten viel Spa\u00df und haben sich nicht nur \u00fcber das Spiel erfreut, sondern auch \u00fcber Pommes und Bratwurst!<\/p>\n<p><img loading=\"lazy\" decoding=\"async\" class=\"alignnone size-full wp-image-1668\" src=\"https:\/\/wordpress.nibis.de\/gsszthiede\/files\/2023\/11\/image018.jpg\" alt=\"\" width=\"800\" height=\"360\" srcset=\"https:\/\/wordpress.nibis.de\/gsszthiede\/files\/2023\/11\/image018.jpg 800w, https:\/\/wordpress.nibis.de\/gsszthiede\/files\/2023\/11\/image018-768x346.jpg 768w\" sizes=\"auto, (max-width: 800px) 100vw, 800px\" \/><\/p>\n<p>Leider nur ein Unentschieden. Den Punkt nehmen wir mit und dr\u00fccken die Daumen f\u00fcr das n\u00e4chste Spiel mit hoffentlich 3 Punkten. (Frau Born)<\/p>\n<p>Eine tolle Aktion bei sch\u00f6nem Wetter mit begeisterten Kindern in blau-gelb gekleidet. (Frau Herthum PM)<\/p>\n<p>Im Stadion war es cool! Wir haben gegen N\u00fcrnberg gespielt. Leider ist das Spiel mit 2:2 unentschieden ausgegangen. (Sheri 4a)<\/p>\n<p>Im Stadion war es witzig und ich hatte viel Spa\u00df mit meinen Freundinnen. (Dila 4a)<\/p>\n<p align=\"left\">Im Stadion war es sehr cool. Wir haben gegen N\u00fcrnberg gespielt. Leider haben wir nicht gewonnen, aber es stand am Ende 2:2. (Paulina 4a)<\/p>\n<p align=\"left\">Es hat mir im Stadion gefallen, weil das Spiel spannend war. (Justin 4a)<\/p>\n<p align=\"left\">Ich fand es am Samstag im Stadion sehr sch\u00f6n. (Liya 4a)<\/p>\n<p align=\"left\">Im Stadion war es sehr cool, es hat mir Spa\u00df gemacht. Ich fand es aber doof, dass der Spieler Ujah dreimal gefoult wurde und er sich vielleicht seine Schulter ausgekugelt hat. Und Hoffmann hat die B\u00e4lle nicht so gut gehalten! (Miran 4a)<\/p>\n<p align=\"left\">Ich fand es im Stadion gut, weil das Spiel spannend war und es Musik gab. (Caja 4a)<\/p>\n<p align=\"left\">Ich war im Stadion, weil ich Fu\u00dfball cool finde! (Thore 4a)<\/p>\n<p align=\"left\">Ich fand es sch\u00f6n, dass ich sehen konnte, wie die Tore geschossen wurden. (Lasse 4a)<\/p>\n<p align=\"left\">Das Spiel am Samstag war mein zweiter Stadionbesuch. Witzigerweise hat Eintracht, wie letztes Jahr, immer dann ein Tor geschossen, wenn ich nicht zugeschaut habe, sondern die Sch\u00fcler und Sch\u00fclerinnen bei den Verpflegungsst\u00e4nden beaufsichtigt habe. Vielleicht sollte ich n\u00e4chstes Jahr das ganze Spiel drau\u00dfen stehen bleiben \u2026 (Frau Strathmann)<\/p>\n<p align=\"left\">Ich fand es gut, dass das Spiel unentschieden ausgegangen ist. (Yade 3a)<\/p>\n<p align=\"left\">Ich fand es im Stadion toll. (Alma 4b)<\/p>\n<p align=\"left\">Ich fand den Stadionbesuch cool. (Elias 4b)<\/p>\n<p align=\"left\">Ich war zum ersten Mal im Stadion und fand es cool. Ich finde aber bl\u00f6d, dass sich ein Spieler verletzt hat. (Marvin 4b)<\/p>\n\n","protected":false},"excerpt":{"rendered":"<p>Auch dieses Jahr haben wir wieder Freikarten f\u00fcr ein Fu\u00dfballspiel von Eintracht Braunschweig bekommen. Mit fast 40 Kindern des 3. und 4. Jahrgangs trafen wir uns am Samstag um 12 Uhr beim Eintracht Stadion um das Spiel Eintracht Braunschweig gegen N\u00fcrnberg zu schauen. Ein spannendes Spiel mit insgesamt vier sch\u00f6nen Toren, wobei 2 Tore leider &hellip; <a href=\"https:\/\/wordpress.nibis.de\/gsszthiede\/stadionbesuch-bei-der-eintracht-25-9-2023\/\" class=\"more-link\"><span class=\"screen-reader-text\">Stadionbesuch bei der Eintracht 25.9.2023<\/span> weiterlesen <span class=\"meta-nav\">&rarr;<\/span><\/a><\/p>\n","protected":false},"author":9192581,"featured_media":0,"parent":0,"menu_order":0,"comment_status":"closed","ping_status":"closed","template":"","meta":{"footnotes":""},"class_list":["post-1665","page","type-page","status-publish","hentry"],"_links":{"self":[{"href":"https:\/\/wordpress.nibis.de\/gsszthiede\/wp-json\/wp\/v2\/pages\/1665","targetHints":{"allow":["GET"]}}],"collection":[{"href":"https:\/\/wordpress.nibis.de\/gsszthiede\/wp-json\/wp\/v2\/pages"}],"about":[{"href":"https:\/\/wordpress.nibis.de\/gsszthiede\/wp-json\/wp\/v2\/types\/page"}],"author":[{"embeddable":true,"href":"https:\/\/wordpress.nibis.de\/gsszthiede\/wp-json\/wp\/v2\/users\/9192581"}],"replies":[{"embeddable":true,"href":"https:\/\/wordpress.nibis.de\/gsszthiede\/wp-json\/wp\/v2\/comments?post=1665"}],"version-history":[{"count":3,"href":"https:\/\/wordpress.nibis.de\/gsszthiede\/wp-json\/wp\/v2\/pages\/1665\/revisions"}],"predecessor-version":[{"id":1673,"href":"https:\/\/wordpress.nibis.de\/gsszthiede\/wp-json\/wp\/v2\/pages\/1665\/revisions\/1673"}],"wp:attachment":[{"href":"https:\/\/wordpress.nibis.de\/gsszthiede\/wp-json\/wp\/v2\/media?parent=1665"}],"curies":[{"name":"wp","href":"https:\/\/api.w.org\/{rel}","templated":true}]}}