{"id":1722,"date":"2024-03-17T10:25:43","date_gmt":"2024-03-17T09:25:43","guid":{"rendered":"https:\/\/wordpress.nibis.de\/gsszthiede\/?page_id=1722"},"modified":"2024-03-17T10:25:43","modified_gmt":"2024-03-17T09:25:43","slug":"kollegiumsfortbildung-schulwaelder-gegen-klimawandel","status":"publish","type":"page","link":"https:\/\/wordpress.nibis.de\/gsszthiede\/kollegiumsfortbildung-schulwaelder-gegen-klimawandel\/","title":{"rendered":"Kollegiumsfortbildung &#8211; Schulw\u00e4lder gegen Klimawandel"},"content":{"rendered":"\n<p><img loading=\"lazy\" decoding=\"async\" class=\"alignnone size-medium wp-image-1721\" src=\"https:\/\/wordpress.nibis.de\/gsszthiede\/files\/2024\/03\/SchiLF-799x478.jpg\" alt=\"\" width=\"799\" height=\"478\" \/>Im Rahmen des Projektes &#8222;Schulw\u00e4lder gegen Klimawandel&#8220; hat das gesamte Kollegium der Grundschule Thiede neues Unterrichtsmaterial der \u201eStiftung Zukunft Wald\u201c kennengelernt und viele der Anregungen gleich im B\u00fcrgerwald Thiede ausprobiert.<\/p>\n<p><img loading=\"lazy\" decoding=\"async\" class=\"alignnone size-medium wp-image-1720\" src=\"https:\/\/wordpress.nibis.de\/gsszthiede\/files\/2024\/03\/SchiLF1-800x478.jpg\" alt=\"\" width=\"800\" height=\"478\" \/>Nach der Fortbildung waren alle auch in unserem Schulgarten flei\u00dfig und haben viel geschafft. Der \u201eGel\u00e4ndezipfel\u201c kann gleich nach den Osterferien wieder von den Klassen erobert werden. Unter anderem stehen unseren Sch\u00fclerinnen und Sch\u00fclern nun weitere Hochbeete f\u00fcr die Umsetzung von Pflanzprojekten zur Verf\u00fcgung.<\/p>\n<p>Vielen Dank an alle flei\u00dfigen Helfer!<\/p>\n<pre>Text: J. Rummert<\/pre>\n<p>\u00a0<\/p>\n\n\n\n\n","protected":false},"excerpt":{"rendered":"<p>Im Rahmen des Projektes &#8222;Schulw\u00e4lder gegen Klimawandel&#8220; hat das gesamte Kollegium der Grundschule Thiede neues Unterrichtsmaterial der \u201eStiftung Zukunft Wald\u201c kennengelernt und viele der Anregungen gleich im B\u00fcrgerwald Thiede ausprobiert. Nach der Fortbildung waren alle auch in unserem Schulgarten flei\u00dfig und haben viel geschafft. Der \u201eGel\u00e4ndezipfel\u201c kann gleich nach den Osterferien wieder von den Klassen &hellip; <a href=\"https:\/\/wordpress.nibis.de\/gsszthiede\/kollegiumsfortbildung-schulwaelder-gegen-klimawandel\/\" class=\"more-link\"><span class=\"screen-reader-text\">Kollegiumsfortbildung &#8211; Schulw\u00e4lder gegen Klimawandel<\/span> weiterlesen <span class=\"meta-nav\">&rarr;<\/span><\/a><\/p>\n","protected":false},"author":9192581,"featured_media":0,"parent":0,"menu_order":0,"comment_status":"closed","ping_status":"closed","template":"","meta":{"footnotes":""},"class_list":["post-1722","page","type-page","status-publish","hentry"],"_links":{"self":[{"href":"https:\/\/wordpress.nibis.de\/gsszthiede\/wp-json\/wp\/v2\/pages\/1722","targetHints":{"allow":["GET"]}}],"collection":[{"href":"https:\/\/wordpress.nibis.de\/gsszthiede\/wp-json\/wp\/v2\/pages"}],"about":[{"href":"https:\/\/wordpress.nibis.de\/gsszthiede\/wp-json\/wp\/v2\/types\/page"}],"author":[{"embeddable":true,"href":"https:\/\/wordpress.nibis.de\/gsszthiede\/wp-json\/wp\/v2\/users\/9192581"}],"replies":[{"embeddable":true,"href":"https:\/\/wordpress.nibis.de\/gsszthiede\/wp-json\/wp\/v2\/comments?post=1722"}],"version-history":[{"count":1,"href":"https:\/\/wordpress.nibis.de\/gsszthiede\/wp-json\/wp\/v2\/pages\/1722\/revisions"}],"predecessor-version":[{"id":1723,"href":"https:\/\/wordpress.nibis.de\/gsszthiede\/wp-json\/wp\/v2\/pages\/1722\/revisions\/1723"}],"wp:attachment":[{"href":"https:\/\/wordpress.nibis.de\/gsszthiede\/wp-json\/wp\/v2\/media?parent=1722"}],"curies":[{"name":"wp","href":"https:\/\/api.w.org\/{rel}","templated":true}]}}