{"id":1782,"date":"2024-07-02T12:31:10","date_gmt":"2024-07-02T10:31:10","guid":{"rendered":"https:\/\/wordpress.nibis.de\/gsszthiede\/?page_id=1782"},"modified":"2024-07-02T12:31:10","modified_gmt":"2024-07-02T10:31:10","slug":"erfolgreiche-teilnahme-am-schulfussballturnier","status":"publish","type":"page","link":"https:\/\/wordpress.nibis.de\/gsszthiede\/erfolgreiche-teilnahme-am-schulfussballturnier\/","title":{"rendered":"Erfolgreiche Teilnahme am Schulfu\u00dfballturnier"},"content":{"rendered":"\n<p>Am 19.6.2024 konnte unsere Schulmannschaft einen tollen 4. Platz beim Schulfu\u00dfballturnier in Fredenberg erreichen. Letztlich mussten wir uns im Halbfinale im Neun-Meter-Schie\u00dfen dem Gegner, die Badenser Sch\u00fcler vom Ziesberg, mit 3 zu 4 geschlagen geben. Am Ende ist ein Neun-Meter-Schie\u00dfen aber immer auch etwas Gl\u00fcckssache&#8230; Dennoch sind wir stolz auf unser Team, das dem regnerischen Wetter getrotzt hat und mit einem gewonnenen Ball und Urkunde zufrieden in die Schule zur\u00fcckgekehrt ist!\u00a0<\/p>\n<p><img loading=\"lazy\" decoding=\"async\" class=\"alignnone size-medium wp-image-1783\" src=\"https:\/\/wordpress.nibis.de\/gsszthiede\/files\/2024\/07\/Fussballturnier-2024-800x478.jpg\" alt=\"\" width=\"800\" height=\"478\" \/><\/p>\n<p>Ein weiterer ausf\u00fchrlicher Bericht zum Turnier ist <a href=\"https:\/\/www.nfv-nordharz.de\/nfv-kreis\/news\/news-detail\/grundschulturnier-kreisentscheid-salzgitter\">hier<\/a> auf der Seite des NFV Nordharz zu finden.<\/p>\n","protected":false},"excerpt":{"rendered":"<p>Am 19.6.2024 konnte unsere Schulmannschaft einen tollen 4. Platz beim Schulfu\u00dfballturnier in Fredenberg erreichen. Letztlich mussten wir uns im Halbfinale im Neun-Meter-Schie\u00dfen dem Gegner, die Badenser Sch\u00fcler vom Ziesberg, mit 3 zu 4 geschlagen geben. Am Ende ist ein Neun-Meter-Schie\u00dfen aber immer auch etwas Gl\u00fcckssache&#8230; Dennoch sind wir stolz auf unser Team, das dem regnerischen &hellip; <a href=\"https:\/\/wordpress.nibis.de\/gsszthiede\/erfolgreiche-teilnahme-am-schulfussballturnier\/\" class=\"more-link\"><span class=\"screen-reader-text\">Erfolgreiche Teilnahme am Schulfu\u00dfballturnier<\/span> weiterlesen <span class=\"meta-nav\">&rarr;<\/span><\/a><\/p>\n","protected":false},"author":9192581,"featured_media":0,"parent":0,"menu_order":0,"comment_status":"closed","ping_status":"closed","template":"","meta":{"footnotes":""},"class_list":["post-1782","page","type-page","status-publish","hentry"],"_links":{"self":[{"href":"https:\/\/wordpress.nibis.de\/gsszthiede\/wp-json\/wp\/v2\/pages\/1782","targetHints":{"allow":["GET"]}}],"collection":[{"href":"https:\/\/wordpress.nibis.de\/gsszthiede\/wp-json\/wp\/v2\/pages"}],"about":[{"href":"https:\/\/wordpress.nibis.de\/gsszthiede\/wp-json\/wp\/v2\/types\/page"}],"author":[{"embeddable":true,"href":"https:\/\/wordpress.nibis.de\/gsszthiede\/wp-json\/wp\/v2\/users\/9192581"}],"replies":[{"embeddable":true,"href":"https:\/\/wordpress.nibis.de\/gsszthiede\/wp-json\/wp\/v2\/comments?post=1782"}],"version-history":[{"count":1,"href":"https:\/\/wordpress.nibis.de\/gsszthiede\/wp-json\/wp\/v2\/pages\/1782\/revisions"}],"predecessor-version":[{"id":1784,"href":"https:\/\/wordpress.nibis.de\/gsszthiede\/wp-json\/wp\/v2\/pages\/1782\/revisions\/1784"}],"wp:attachment":[{"href":"https:\/\/wordpress.nibis.de\/gsszthiede\/wp-json\/wp\/v2\/media?parent=1782"}],"curies":[{"name":"wp","href":"https:\/\/api.w.org\/{rel}","templated":true}]}}