{"id":1822,"date":"2024-09-11T21:47:39","date_gmt":"2024-09-11T19:47:39","guid":{"rendered":"https:\/\/wordpress.nibis.de\/gsszthiede\/?page_id=1822"},"modified":"2024-09-11T21:47:39","modified_gmt":"2024-09-11T19:47:39","slug":"besuch-des-braunschweiger-eintrachtstadions-der-grundschule-sz-thiede","status":"publish","type":"page","link":"https:\/\/wordpress.nibis.de\/gsszthiede\/besuch-des-braunschweiger-eintrachtstadions-der-grundschule-sz-thiede\/","title":{"rendered":"Besuch des Braunschweiger Eintrachtstadions der Grundschule SZ-Thiede"},"content":{"rendered":"\n<p>Seit 2014 ist die GS SZ Thiede Kooperationspartner von Eintracht Braunschweig und Teil der sogenannten \u201eL\u00f6wenbande\u201c. Im Rahmen der Kooperation stellt uns Eintracht Braunschweig neben vielen anderen Aktivit\u00e4ten f\u00fcr ein Heimspiel Freikarten zu Verf\u00fcgung. Am Sonntag, den 01.09.2024 war es dann soweit und wir besuchten ein Heimspiel der Eintracht. Insgesamt 35 Sch\u00fclerinnen und Sch\u00fcler der 3. und 4. Klassen nahmen teil und wurden von Lehrkr\u00e4ften und Eltern betreut. Einige Sch\u00fcler waren zuvor noch nie in einem Stadion. Die Aufregung und Vorfreude war dementsprechend gro\u00df!<\/p>\n<p><img loading=\"lazy\" decoding=\"async\" class=\"alignnone size-medium wp-image-1823\" src=\"https:\/\/wordpress.nibis.de\/gsszthiede\/files\/2024\/09\/image049-800x478.jpg\" alt=\"\" width=\"800\" height=\"478\" \/><\/p>\n<p>Hier ein paar Stimmen zum Spiel:<\/p>\n<p>Das sonnige Wetter lud zu einem sch\u00f6nen Heimspieltag ein. Die erste Halbzeit war toll und wir sahen sogar ein Tor der Eintracht. Leider reichte es nicht zum Sieg, da der Gegner in der 2. Halbzeit 2 Tore schoss, eins davon in der vorletzten Minute. Schade! (Frau Born)<\/p>\n<p>Wir sa\u00dfen erst in der prallen Sonne, aber dann durften wir in den Schatten wechseln. Da war es k\u00fchler und die Sicht war besser. Wir haben alle Tore auf unserer Seite gesehen. Beim ersten Tor war es toll. Nur die beiden anderen Tore hat der Gegner geschossen. (Thorge und Bilal 4c)<\/p>\n<p>Ich war das erste Mal im Stadion. Ich fand es interessant, dass so viele Menschen ins Stadion passen. Es waren ca. 19800 Zuschauer da. (Jule 4b)<\/p>\n<p>Der Torjubel beim ersten Tor war gro\u00dfartig. (Jayden 4b)<\/p>\n<p>Braunschweig hat in der 1. Halbzeit 1:0 gef\u00fchrt und in der 2. Halbzeit 1:2 verloren. Das war schade! (Anton 4b)<\/p>\n<p>Ich habe ein tolles Spiel gesehen. (Alexandra 4b)<\/p>\n<p>Ich fand, dass die Eintracht ein gutes Spiel gemacht hat. Trotzdem haben sie leider verloren. (Lian 4b)<\/p>\n<p>Ich fand das Spiel spannend. (Nico 3a)<\/p>\n<p>Das Spiel endete 1:2. (Luan 3a)<\/p>\n<p>Ich fand es schade, dass Eintracht Braunschweig verloren hat. (Bennet 3a)<\/p>\n<p>Sven K\u00f6hler war der beste Mann auf dem Feld. (Tjard 3a)<\/p>\n<p>Ich habe das Tor der Eintracht leider nicht gesehen, weil ich trinken geholt habe. (Leon 3a)<\/p>\n<p>Ich war zum ersten Mal im Stadion und es war cool. (Aras 3c)<\/p>\n<p>Ich fand es laut, aber es war cool. Am besten fand ich das Tor von Braunschweig! (Leon 3c)<\/p>\n<p>Ich fand es cool, dass wir die Pl\u00e4tze wechseln durften. Ich fand es doof, dass die Sonne geblendet hat und ein Gitter vor mir war. Im Stadion habe ich Pommes und eine Brezel gekauft (Melike 3c)<\/p>\n<p>Ich war zum ersten Mal im Stadion. Es war cool! Mir war hei\u00df, aber davon habe ich mich nicht ablenken lassen. Mir hat das Fu\u00dfballspiel am meisten gefallen. (Mattis 3c)<\/p>\n","protected":false},"excerpt":{"rendered":"<p>Seit 2014 ist die GS SZ Thiede Kooperationspartner von Eintracht Braunschweig und Teil der sogenannten \u201eL\u00f6wenbande\u201c. Im Rahmen der Kooperation stellt uns Eintracht Braunschweig neben vielen anderen Aktivit\u00e4ten f\u00fcr ein Heimspiel Freikarten zu Verf\u00fcgung. Am Sonntag, den 01.09.2024 war es dann soweit und wir besuchten ein Heimspiel der Eintracht. Insgesamt 35 Sch\u00fclerinnen und Sch\u00fcler der &hellip; <a href=\"https:\/\/wordpress.nibis.de\/gsszthiede\/besuch-des-braunschweiger-eintrachtstadions-der-grundschule-sz-thiede\/\" class=\"more-link\"><span class=\"screen-reader-text\">Besuch des Braunschweiger Eintrachtstadions der Grundschule SZ-Thiede<\/span> weiterlesen <span class=\"meta-nav\">&rarr;<\/span><\/a><\/p>\n","protected":false},"author":9192581,"featured_media":0,"parent":0,"menu_order":0,"comment_status":"closed","ping_status":"closed","template":"","meta":{"footnotes":""},"class_list":["post-1822","page","type-page","status-publish","hentry"],"_links":{"self":[{"href":"https:\/\/wordpress.nibis.de\/gsszthiede\/wp-json\/wp\/v2\/pages\/1822","targetHints":{"allow":["GET"]}}],"collection":[{"href":"https:\/\/wordpress.nibis.de\/gsszthiede\/wp-json\/wp\/v2\/pages"}],"about":[{"href":"https:\/\/wordpress.nibis.de\/gsszthiede\/wp-json\/wp\/v2\/types\/page"}],"author":[{"embeddable":true,"href":"https:\/\/wordpress.nibis.de\/gsszthiede\/wp-json\/wp\/v2\/users\/9192581"}],"replies":[{"embeddable":true,"href":"https:\/\/wordpress.nibis.de\/gsszthiede\/wp-json\/wp\/v2\/comments?post=1822"}],"version-history":[{"count":1,"href":"https:\/\/wordpress.nibis.de\/gsszthiede\/wp-json\/wp\/v2\/pages\/1822\/revisions"}],"predecessor-version":[{"id":1824,"href":"https:\/\/wordpress.nibis.de\/gsszthiede\/wp-json\/wp\/v2\/pages\/1822\/revisions\/1824"}],"wp:attachment":[{"href":"https:\/\/wordpress.nibis.de\/gsszthiede\/wp-json\/wp\/v2\/media?parent=1822"}],"curies":[{"name":"wp","href":"https:\/\/api.w.org\/{rel}","templated":true}]}}