{"id":1829,"date":"2024-11-03T20:15:55","date_gmt":"2024-11-03T19:15:55","guid":{"rendered":"https:\/\/wordpress.nibis.de\/gsszthiede\/?page_id=1829"},"modified":"2024-11-03T20:15:55","modified_gmt":"2024-11-03T19:15:55","slug":"loewen-auf-dem-loewe-pfad","status":"publish","type":"page","link":"https:\/\/wordpress.nibis.de\/gsszthiede\/loewen-auf-dem-loewe-pfad\/","title":{"rendered":"L\u00f6wen auf dem L\u00d6WE-Pfad"},"content":{"rendered":"\n<p>Am 28.10.2024 konnten unsere Klassen 2a,b,d einen sportlichen Waldtag erleben! Gemeinsam ging es mit dem gro\u00dfen Gelenkbus in das Lechlumer Holz zum L\u00d6WE-Pfad. Auf dem 2,5 km langen Rundweg mit bis zu 13 Stationen gab es viel zu sehen und\u00a0 die Klassen machten sich jeweils von ihrer zugewiesenen Startstation auf den Weg. Gemeinsam ging es f\u00fcr die Kinder \u00fcber einen Waldpfad und eine Wurfstation zum Waldkino, wo mit einem Spiegel der Wald aus ganz neuer Perspektive erkundet werden konnte.\u00a0<\/p>\n<p><img loading=\"lazy\" decoding=\"async\" class=\"alignnone size-medium wp-image-1832\" src=\"https:\/\/wordpress.nibis.de\/gsszthiede\/files\/2024\/11\/image050-800x478.jpg\" alt=\"\" width=\"800\" height=\"478\" \/><\/p>\n<p>Das Fr\u00fchst\u00fcck wurde auch gleich in der Natur eingenommen. An einer weiteren Station mussten die Kinder sich h\u00fcpfend durch einen Parcours aus St\u00f6cken bewegen. Garnicht so einfach! Und das unter der Beobachtung einer gro\u00dfen Eule,\u00a0 die das Treiben in Ruhe aus einem Baum betrachtete. Ein beeindruckendes Erlebnis!<\/p>\n<p><img loading=\"lazy\" decoding=\"async\" class=\"alignnone size-medium wp-image-1833\" src=\"https:\/\/wordpress.nibis.de\/gsszthiede\/files\/2024\/11\/image066-450x478.jpg\" alt=\"\" width=\"450\" height=\"478\" \/><\/p>\n<p>Von dort ging es weiter zur Pflanzfl\u00e4che, wo jedes Kind seinen eigenen Baum einpflanzen durfte. Zun\u00e4chst musste daf\u00fcr nat\u00fcrlich das Loch gebuddelt werden.\u00a0<\/p>\n<p><img loading=\"lazy\" decoding=\"async\" class=\"alignnone size-medium wp-image-1834\" src=\"https:\/\/wordpress.nibis.de\/gsszthiede\/files\/2024\/11\/image074-450x478.jpg\" alt=\"\" width=\"450\" height=\"478\" \/><\/p>\n<p><img loading=\"lazy\" decoding=\"async\" class=\"alignnone size-medium wp-image-1835\" src=\"https:\/\/wordpress.nibis.de\/gsszthiede\/files\/2024\/11\/image081-800x478.jpg\" alt=\"\" width=\"800\" height=\"478\" \/><\/p>\n<p>Leider verging die Zeit sehr schnell, sodass nicht alle Stationen angesteuert werden konnten, da der Bus bereits wartete. Aber zum Schluss gab es noch ein Foto mit Leo am Holzl\u00f6wen. Und auch das Wetter hatte &#8222;mitgemacht&#8220; und es blieb entgegen der Vorhersage bei angenehmer Temperatur\u00a0 trocken. So war es ein sch\u00f6ner Waldtag und alle kamen zufrieden um 12 Uhr wieder in der Schule an&#8230;\u00a0<\/p>\n","protected":false},"excerpt":{"rendered":"<p>Am 28.10.2024 konnten unsere Klassen 2a,b,d einen sportlichen Waldtag erleben! Gemeinsam ging es mit dem gro\u00dfen Gelenkbus in das Lechlumer Holz zum L\u00d6WE-Pfad. Auf dem 2,5 km langen Rundweg mit bis zu 13 Stationen gab es viel zu sehen und\u00a0 die Klassen machten sich jeweils von ihrer zugewiesenen Startstation auf den Weg. Gemeinsam ging es &hellip; <a href=\"https:\/\/wordpress.nibis.de\/gsszthiede\/loewen-auf-dem-loewe-pfad\/\" class=\"more-link\"><span class=\"screen-reader-text\">L\u00f6wen auf dem L\u00d6WE-Pfad<\/span> weiterlesen <span class=\"meta-nav\">&rarr;<\/span><\/a><\/p>\n","protected":false},"author":9192581,"featured_media":0,"parent":0,"menu_order":0,"comment_status":"closed","ping_status":"closed","template":"","meta":{"footnotes":""},"class_list":["post-1829","page","type-page","status-publish","hentry"],"_links":{"self":[{"href":"https:\/\/wordpress.nibis.de\/gsszthiede\/wp-json\/wp\/v2\/pages\/1829","targetHints":{"allow":["GET"]}}],"collection":[{"href":"https:\/\/wordpress.nibis.de\/gsszthiede\/wp-json\/wp\/v2\/pages"}],"about":[{"href":"https:\/\/wordpress.nibis.de\/gsszthiede\/wp-json\/wp\/v2\/types\/page"}],"author":[{"embeddable":true,"href":"https:\/\/wordpress.nibis.de\/gsszthiede\/wp-json\/wp\/v2\/users\/9192581"}],"replies":[{"embeddable":true,"href":"https:\/\/wordpress.nibis.de\/gsszthiede\/wp-json\/wp\/v2\/comments?post=1829"}],"version-history":[{"count":4,"href":"https:\/\/wordpress.nibis.de\/gsszthiede\/wp-json\/wp\/v2\/pages\/1829\/revisions"}],"predecessor-version":[{"id":1838,"href":"https:\/\/wordpress.nibis.de\/gsszthiede\/wp-json\/wp\/v2\/pages\/1829\/revisions\/1838"}],"wp:attachment":[{"href":"https:\/\/wordpress.nibis.de\/gsszthiede\/wp-json\/wp\/v2\/media?parent=1829"}],"curies":[{"name":"wp","href":"https:\/\/api.w.org\/{rel}","templated":true}]}}