{"id":1892,"date":"2025-02-27T10:04:30","date_gmt":"2025-02-27T09:04:30","guid":{"rendered":"https:\/\/wordpress.nibis.de\/gsszthiede\/?page_id=1892"},"modified":"2025-02-27T10:04:30","modified_gmt":"2025-02-27T09:04:30","slug":"die-grundschule-thiede-bewirbt-sich-als-internationale-nachhaltigkeitsschule-umweltschule-in-europa","status":"publish","type":"page","link":"https:\/\/wordpress.nibis.de\/gsszthiede\/die-grundschule-thiede-bewirbt-sich-als-internationale-nachhaltigkeitsschule-umweltschule-in-europa\/","title":{"rendered":"Die Grundschule Thiede bewirbt sich als \u201eInternationale Nachhaltigkeitsschule\/ Umweltschule in Europa\u201c"},"content":{"rendered":"\n<p><strong>Die Grundschule Thiede bewirbt sich als \u201eInternationale Nachhaltigkeitsschule\/ Umweltschule in Europa\u201c<\/strong><\/p>\n<p>In diesem Rahmen werden in 2025 zwei Projekte zum Thema Nachhaltigkeit durchgef\u00fchrt:<\/p>\n<p><strong>1. Projekt<\/strong><\/p>\n<p><span style=\"font-size: revert\">Die 1. Klassen s\u00e4hen und pflanzen in Zusammenarbeit mit einem Thieder Kindergarten Tomaten. Im Rahmen des Sachunterrichts wird die Entwicklung der Pflanzen begleitet und im kommenden Sommer k\u00f6nnen die Sch\u00fcler*innen gemeinsam die selbstgezogenen Tomaten essen. <\/span><\/p>\n<p><strong><span style=\"font-size: revert\">2. Projekt<\/span><\/strong><\/p>\n<p><span style=\"font-size: revert\">Vom 25.06. \u2013 27.06. finden in der Schule Projekttage zum Thema Nachhaltigkeit statt. Mittwoch und Donnerstag f\u00fchren die Sch\u00fcler*innen Projekte wie Papiersch\u00f6pfen, Bauen von Nistk\u00e4sten oder Pflanzen von Wildblumen durch. Am Freitag sind Familien der Sch\u00fcler*innen herzlich eingeladen zur Pr\u00e4sentation der Projekte und einem Flohmarkt.<\/span><\/p>\n<p>Wir hoffen auf rege Teilnahme und ein gutes Gelingen<\/p>\n","protected":false},"excerpt":{"rendered":"<p>Die Grundschule Thiede bewirbt sich als \u201eInternationale Nachhaltigkeitsschule\/ Umweltschule in Europa\u201c In diesem Rahmen werden in 2025 zwei Projekte zum Thema Nachhaltigkeit durchgef\u00fchrt: 1. Projekt Die 1. Klassen s\u00e4hen und pflanzen in Zusammenarbeit mit einem Thieder Kindergarten Tomaten. Im Rahmen des Sachunterrichts wird die Entwicklung der Pflanzen begleitet und im kommenden Sommer k\u00f6nnen die Sch\u00fcler*innen &hellip; <a href=\"https:\/\/wordpress.nibis.de\/gsszthiede\/die-grundschule-thiede-bewirbt-sich-als-internationale-nachhaltigkeitsschule-umweltschule-in-europa\/\" class=\"more-link\"><span class=\"screen-reader-text\">Die Grundschule Thiede bewirbt sich als \u201eInternationale Nachhaltigkeitsschule\/ Umweltschule in Europa\u201c<\/span> weiterlesen <span class=\"meta-nav\">&rarr;<\/span><\/a><\/p>\n","protected":false},"author":9192581,"featured_media":0,"parent":0,"menu_order":0,"comment_status":"closed","ping_status":"closed","template":"","meta":{"footnotes":""},"class_list":["post-1892","page","type-page","status-publish","hentry"],"_links":{"self":[{"href":"https:\/\/wordpress.nibis.de\/gsszthiede\/wp-json\/wp\/v2\/pages\/1892","targetHints":{"allow":["GET"]}}],"collection":[{"href":"https:\/\/wordpress.nibis.de\/gsszthiede\/wp-json\/wp\/v2\/pages"}],"about":[{"href":"https:\/\/wordpress.nibis.de\/gsszthiede\/wp-json\/wp\/v2\/types\/page"}],"author":[{"embeddable":true,"href":"https:\/\/wordpress.nibis.de\/gsszthiede\/wp-json\/wp\/v2\/users\/9192581"}],"replies":[{"embeddable":true,"href":"https:\/\/wordpress.nibis.de\/gsszthiede\/wp-json\/wp\/v2\/comments?post=1892"}],"version-history":[{"count":2,"href":"https:\/\/wordpress.nibis.de\/gsszthiede\/wp-json\/wp\/v2\/pages\/1892\/revisions"}],"predecessor-version":[{"id":1894,"href":"https:\/\/wordpress.nibis.de\/gsszthiede\/wp-json\/wp\/v2\/pages\/1892\/revisions\/1894"}],"wp:attachment":[{"href":"https:\/\/wordpress.nibis.de\/gsszthiede\/wp-json\/wp\/v2\/media?parent=1892"}],"curies":[{"name":"wp","href":"https:\/\/api.w.org\/{rel}","templated":true}]}}