{"id":1925,"date":"2025-06-27T15:42:27","date_gmt":"2025-06-27T13:42:27","guid":{"rendered":"https:\/\/wordpress.nibis.de\/gsszthiede\/?page_id=1925"},"modified":"2025-06-27T15:52:43","modified_gmt":"2025-06-27T13:52:43","slug":"sport-und-spielefest-2025","status":"publish","type":"page","link":"https:\/\/wordpress.nibis.de\/gsszthiede\/sport-und-spielefest-2025\/","title":{"rendered":"Sport- und Spielefest 2025"},"content":{"rendered":"\n<p>Am 20.06.2025, bei bestem Wetter, war es soweit. Die Kinder der Grundschule SZ-Thiede absolvierten ihr Sport- und Spielefest. Hervorgegangen aus dem Sportfest auf Grundlage der Bundesjungendspiele, die in der urspr\u00fcnglichen Form nicht mehr abgehalten werden d\u00fcrfen, \u00fcberlegten sich die Klassen alternative Spiele und \u00dcbungen mit sportlichem Anspruch. Und es gab es reichlich Ideen, sodass am Ende auf dem Gel\u00e4nde, in der Turnhalle und den Pausenh\u00f6fen folgendes Angebot bereit stand:\u00a0<\/p>\n<ul style=\"list-style-type: square\">\n<li>Schwammstaffel (Kl. 1a)<\/li>\n<li>50 m Lauf (Kl. 1b)<\/li>\n<li>Flusssteine (Kl. 1c)<\/li>\n<li>Dart (Kl. 2a)<\/li>\n<li>Weitsprung (Kl. 2b)<\/li>\n<li>Sackh\u00fcpfen (Kl. 2c)<\/li>\n<li>Eierlauf (Kl. 2d)<\/li>\n<li>Krocket (Kl. 3a)<\/li>\n<li>Dosenwurf (Kl. 3b)<\/li>\n<li>Torwand-Schie\u00dfen (Kl. 3c)<\/li>\n<li>Autowaschstra\u00dfe (Kl. 4a)<\/li>\n<li>Hindernislauf (Kl. 4b)<\/li>\n<li>Handball 7m Wurf\u00a0(Kl. 4c)<\/li>\n<\/ul>\n<p>Zudem konnten wir uns wieder \u00fcber eine tolle Station mit Unterst\u00fctzung der Handballerinnen und ehemaligen Sch\u00fclerinnen des <a href=\"https:\/\/viktoriathiede.de\/abteilungen\/handball\/\">Handball \u2013 FC VIKTORIA THIEDE<\/a> freuen. Daf\u00fcr nochmal herzlichen Dank!\u00a0<\/p>\n<p>P\u00fcnktlich um 9 Uhr, nachdem die Klassen ihre Stationen aufgebaut hatten, ging es mit der Begr\u00fc\u00dfung durch Schulleiter Jan Rummert los. <img loading=\"lazy\" decoding=\"async\" class=\"wp-image-1928 aligncenter\" src=\"https:\/\/wordpress.nibis.de\/gsszthiede\/files\/2025\/06\/image100-450x478.jpg\" alt=\"\" width=\"309\" height=\"328\" \/><\/p>\n<p>Kurz darauf liefen die Sch\u00fcler mit Ihrem Laufzettel los und sammelten flei\u00dfig Stempel an den Stationen.\u00a0 Besonders hervorzuheben ist, dass die Stationen selbstst\u00e4ndig und souver\u00e4n von den Sch\u00fclern &#8222;im Schichtdienst&#8220; selbst betreut wurden. Um 11.30 Uhr konnte Herr Rummert dann ein erfolgreiches und Sport- und Spielefest beenden und der Abbau erfolgen.<\/p>\n<p><img loading=\"lazy\" decoding=\"async\" class=\"alignnone size-medium wp-image-1927\" src=\"https:\/\/wordpress.nibis.de\/gsszthiede\/files\/2025\/06\/image101-800x478.jpg\" alt=\"Herr Rummert begl\u00fcckw\u00fcnscht die Kinder f\u00fcr ihre Leistungen\" width=\"800\" height=\"478\" \/><\/p>\n<p>Alle befragten Kinder meldeten zur\u00fcck, dass es ihnen sehr viel Spa\u00df gemacht hat. Wir freuen uns auf das Sport- und Spielefest 2026<\/p>\n","protected":false},"excerpt":{"rendered":"<p>Am 20.06.2025, bei bestem Wetter, war es soweit. Die Kinder der Grundschule SZ-Thiede absolvierten ihr Sport- und Spielefest. Hervorgegangen aus dem Sportfest auf Grundlage der Bundesjungendspiele, die in der urspr\u00fcnglichen Form nicht mehr abgehalten werden d\u00fcrfen, \u00fcberlegten sich die Klassen alternative Spiele und \u00dcbungen mit sportlichem Anspruch. Und es gab es reichlich Ideen, sodass am &hellip; <a href=\"https:\/\/wordpress.nibis.de\/gsszthiede\/sport-und-spielefest-2025\/\" class=\"more-link\"><span class=\"screen-reader-text\">Sport- und Spielefest 2025<\/span> weiterlesen <span class=\"meta-nav\">&rarr;<\/span><\/a><\/p>\n","protected":false},"author":9192581,"featured_media":0,"parent":0,"menu_order":0,"comment_status":"closed","ping_status":"closed","template":"","meta":{"footnotes":""},"class_list":["post-1925","page","type-page","status-publish","hentry"],"_links":{"self":[{"href":"https:\/\/wordpress.nibis.de\/gsszthiede\/wp-json\/wp\/v2\/pages\/1925","targetHints":{"allow":["GET"]}}],"collection":[{"href":"https:\/\/wordpress.nibis.de\/gsszthiede\/wp-json\/wp\/v2\/pages"}],"about":[{"href":"https:\/\/wordpress.nibis.de\/gsszthiede\/wp-json\/wp\/v2\/types\/page"}],"author":[{"embeddable":true,"href":"https:\/\/wordpress.nibis.de\/gsszthiede\/wp-json\/wp\/v2\/users\/9192581"}],"replies":[{"embeddable":true,"href":"https:\/\/wordpress.nibis.de\/gsszthiede\/wp-json\/wp\/v2\/comments?post=1925"}],"version-history":[{"count":3,"href":"https:\/\/wordpress.nibis.de\/gsszthiede\/wp-json\/wp\/v2\/pages\/1925\/revisions"}],"predecessor-version":[{"id":1933,"href":"https:\/\/wordpress.nibis.de\/gsszthiede\/wp-json\/wp\/v2\/pages\/1925\/revisions\/1933"}],"wp:attachment":[{"href":"https:\/\/wordpress.nibis.de\/gsszthiede\/wp-json\/wp\/v2\/media?parent=1925"}],"curies":[{"name":"wp","href":"https:\/\/api.w.org\/{rel}","templated":true}]}}