{"id":199,"date":"2018-04-13T09:13:31","date_gmt":"2018-04-13T07:13:31","guid":{"rendered":"http:\/\/wordpress.nibis.de\/gsszthiede\/?page_id=199"},"modified":"2018-09-02T19:24:47","modified_gmt":"2018-09-02T17:24:47","slug":"leitbild-2","status":"publish","type":"page","link":"https:\/\/wordpress.nibis.de\/gsszthiede\/leitbild-2\/","title":{"rendered":"Leitbild"},"content":{"rendered":"<p><span style=\"font-family: arial,helvetica,sans-serif\">Wir schaffen die Voraussetzungen f\u00fcr den individuellen Lernerfolg eines jeden Kindes.<\/span><\/p>\n<p><span style=\"font-family: arial,helvetica,sans-serif\">Wir setzen uns f\u00fcr einen st\u00f6rungsfreien und differenzierten Unterricht ein.<\/span><\/p>\n<p><span style=\"font-family: arial,helvetica,sans-serif\">Wir leben eine aktive Ideenkultur.<\/span><\/p>\n<p><span style=\"font-family: arial,helvetica,sans-serif\">Wir legen Wert darauf, dass\u00a0unsere Sch\u00fclerinnen und Sch\u00fcler\u00a0viel Raum f\u00fcr sportliche Aktivit\u00e4ten und abwechslungsreiche Bewegungsangebote erhalten.<\/span><\/p>\n<p><span style=\"font-family: arial,helvetica,sans-serif\">Wir setzen uns f\u00fcr ein respektvolles Miteinander ein.<\/span><\/p>\n<p><span style=\"font-family: arial,helvetica,sans-serif\">Im Zusammenwirken mit unseren Kooperationspartnern bieten wir zahlreiche Erfahrungsm\u00f6glichkeiten, die unser Schulleben bereichern.<\/span><\/p>\n<p>&nbsp;<\/p>\n","protected":false},"excerpt":{"rendered":"<p>Wir schaffen die Voraussetzungen f\u00fcr den individuellen Lernerfolg eines jeden Kindes. Wir setzen uns f\u00fcr einen st\u00f6rungsfreien und differenzierten Unterricht ein. Wir leben eine aktive Ideenkultur. Wir legen Wert darauf, dass\u00a0unsere Sch\u00fclerinnen und Sch\u00fcler\u00a0viel Raum f\u00fcr sportliche Aktivit\u00e4ten und abwechslungsreiche Bewegungsangebote erhalten. Wir setzen uns f\u00fcr ein respektvolles Miteinander ein. Im Zusammenwirken mit unseren Kooperationspartnern &hellip; <a href=\"https:\/\/wordpress.nibis.de\/gsszthiede\/leitbild-2\/\" class=\"more-link\"><span class=\"screen-reader-text\">Leitbild<\/span> weiterlesen <span class=\"meta-nav\">&rarr;<\/span><\/a><\/p>\n","protected":false},"author":9192546,"featured_media":0,"parent":0,"menu_order":0,"comment_status":"closed","ping_status":"closed","template":"","meta":{"footnotes":""},"class_list":["post-199","page","type-page","status-publish","hentry"],"_links":{"self":[{"href":"https:\/\/wordpress.nibis.de\/gsszthiede\/wp-json\/wp\/v2\/pages\/199","targetHints":{"allow":["GET"]}}],"collection":[{"href":"https:\/\/wordpress.nibis.de\/gsszthiede\/wp-json\/wp\/v2\/pages"}],"about":[{"href":"https:\/\/wordpress.nibis.de\/gsszthiede\/wp-json\/wp\/v2\/types\/page"}],"author":[{"embeddable":true,"href":"https:\/\/wordpress.nibis.de\/gsszthiede\/wp-json\/wp\/v2\/users\/9192546"}],"replies":[{"embeddable":true,"href":"https:\/\/wordpress.nibis.de\/gsszthiede\/wp-json\/wp\/v2\/comments?post=199"}],"version-history":[{"count":6,"href":"https:\/\/wordpress.nibis.de\/gsszthiede\/wp-json\/wp\/v2\/pages\/199\/revisions"}],"predecessor-version":[{"id":245,"href":"https:\/\/wordpress.nibis.de\/gsszthiede\/wp-json\/wp\/v2\/pages\/199\/revisions\/245"}],"wp:attachment":[{"href":"https:\/\/wordpress.nibis.de\/gsszthiede\/wp-json\/wp\/v2\/media?parent=199"}],"curies":[{"name":"wp","href":"https:\/\/api.w.org\/{rel}","templated":true}]}}