{"id":212,"date":"2018-04-13T09:41:28","date_gmt":"2018-04-13T07:41:28","guid":{"rendered":"http:\/\/wordpress.nibis.de\/gsszthiede\/?page_id=212"},"modified":"2018-04-13T09:41:28","modified_gmt":"2018-04-13T07:41:28","slug":"kooperationspartner","status":"publish","type":"page","link":"https:\/\/wordpress.nibis.de\/gsszthiede\/kooperationspartner\/","title":{"rendered":"Kooperationspartner"},"content":{"rendered":"<p><span style=\"font-family: arial,helvetica,sans-serif\"><span class=\"xr_tl\">Seniorenresidenz Am Lindenberg<br \/>\n<\/span><span class=\"xr_tl\">TSV Thiede<br \/>\n<\/span><span class=\"xr_tl\">F\u00f6rderverein Thieder Bad e.V.<br \/>\n<\/span><span class=\"xr_tl\">Freiwillige Feuerwehr Thiede<br \/>\n<\/span><span class=\"xr_tl\">B\u00fcrgerwald Thiede e.V.<br \/>\n<\/span><span class=\"xr_tl\">Kinderg\u00e4rten im Umkreis der Schule<br \/>\n<\/span><span class=\"xr_tl\">Polizei<br \/>\n<\/span><span class=\"xr_tl\">Grundschule Steterburg<br \/>\n<\/span><span class=\"xr_tl\">Hauptschule Thiede<br \/>\n<\/span><span class=\"xr_tl\">Realschule Thiede<br \/>\n<\/span><span class=\"xr_tl\">ACE Auto Club Europa<br \/>\n<\/span><span class=\"xr_tl\">United Kids Foundation \/ fit-4-future<br \/>\n<\/span><span class=\"xr_tl\">L\u00f6wenbande (Eintracht Braunschweig)<br \/>\n<\/span><span class=\"xr_tl\">KVG<br \/>\nu.v.a.<br \/>\n<\/span><\/span><\/p>\n","protected":false},"excerpt":{"rendered":"<p>Seniorenresidenz Am Lindenberg TSV Thiede F\u00f6rderverein Thieder Bad e.V. Freiwillige Feuerwehr Thiede B\u00fcrgerwald Thiede e.V. Kinderg\u00e4rten im Umkreis der Schule Polizei Grundschule Steterburg Hauptschule Thiede Realschule Thiede ACE Auto Club Europa United Kids Foundation \/ fit-4-future L\u00f6wenbande (Eintracht Braunschweig) KVG u.v.a.<\/p>\n","protected":false},"author":9192546,"featured_media":0,"parent":0,"menu_order":0,"comment_status":"closed","ping_status":"closed","template":"","meta":{"footnotes":""},"class_list":["post-212","page","type-page","status-publish","hentry"],"_links":{"self":[{"href":"https:\/\/wordpress.nibis.de\/gsszthiede\/wp-json\/wp\/v2\/pages\/212","targetHints":{"allow":["GET"]}}],"collection":[{"href":"https:\/\/wordpress.nibis.de\/gsszthiede\/wp-json\/wp\/v2\/pages"}],"about":[{"href":"https:\/\/wordpress.nibis.de\/gsszthiede\/wp-json\/wp\/v2\/types\/page"}],"author":[{"embeddable":true,"href":"https:\/\/wordpress.nibis.de\/gsszthiede\/wp-json\/wp\/v2\/users\/9192546"}],"replies":[{"embeddable":true,"href":"https:\/\/wordpress.nibis.de\/gsszthiede\/wp-json\/wp\/v2\/comments?post=212"}],"version-history":[{"count":2,"href":"https:\/\/wordpress.nibis.de\/gsszthiede\/wp-json\/wp\/v2\/pages\/212\/revisions"}],"predecessor-version":[{"id":217,"href":"https:\/\/wordpress.nibis.de\/gsszthiede\/wp-json\/wp\/v2\/pages\/212\/revisions\/217"}],"wp:attachment":[{"href":"https:\/\/wordpress.nibis.de\/gsszthiede\/wp-json\/wp\/v2\/media?parent=212"}],"curies":[{"name":"wp","href":"https:\/\/api.w.org\/{rel}","templated":true}]}}