{"id":58,"date":"2018-04-12T12:19:45","date_gmt":"2018-04-12T10:19:45","guid":{"rendered":"http:\/\/wordpress.nibis.de\/gsszthiede\/?page_id=58"},"modified":"2023-02-11T19:20:10","modified_gmt":"2023-02-11T18:20:10","slug":"buecherei","status":"publish","type":"page","link":"https:\/\/wordpress.nibis.de\/gsszthiede\/buecherei\/","title":{"rendered":"B\u00fccherei"},"content":{"rendered":"<p>Unsere Sch\u00fclerb\u00fccherei befindet sich im Altbau in der alten Hausmeisterwohnung.<\/p>\n<p>F\u00fcr unsere SuS ist sie montags und donnerstags in der 4. Stunde ge\u00f6ffnet.\u00a0B\u00fccher k\u00f6nnen immer f\u00fcr 3 Wochen ausgeliehen werden. Die Abgabe erfolgt bei der Klassenlehrkraft.<\/p>\n<p>In unserer B\u00fccherei kann man von Erstleseb\u00fcchern bis hin zum dicken Roman f\u00fcr Jugendliche viele tolle B\u00fccher finden, zum Beispiel:<\/p>\n<ul>\n<li>Das magische Baumhaus<\/li>\n<li>Greg&#8217;s Tagebuch<\/li>\n<li>Die Schule der magischen Tiere<\/li>\n<li>Herr Bombelmann<\/li>\n<li>Erst ich ein St\u00fcck, dann du<\/li>\n<li>Harry Potter<\/li>\n<li>Der kleine Drache Kokosnuss<\/li>\n<\/ul>\n","protected":false},"excerpt":{"rendered":"<p>Unsere Sch\u00fclerb\u00fccherei befindet sich im Altbau in der alten Hausmeisterwohnung. F\u00fcr unsere SuS ist sie montags und donnerstags in der 4. Stunde ge\u00f6ffnet.\u00a0B\u00fccher k\u00f6nnen immer f\u00fcr 3 Wochen ausgeliehen werden. Die Abgabe erfolgt bei der Klassenlehrkraft. In unserer B\u00fccherei kann man von Erstleseb\u00fcchern bis hin zum dicken Roman f\u00fcr Jugendliche viele tolle B\u00fccher finden, zum &hellip; <a href=\"https:\/\/wordpress.nibis.de\/gsszthiede\/buecherei\/\" class=\"more-link\"><span class=\"screen-reader-text\">B\u00fccherei<\/span> weiterlesen <span class=\"meta-nav\">&rarr;<\/span><\/a><\/p>\n","protected":false},"author":9192581,"featured_media":0,"parent":0,"menu_order":0,"comment_status":"closed","ping_status":"closed","template":"","meta":{"footnotes":""},"class_list":["post-58","page","type-page","status-publish","hentry"],"_links":{"self":[{"href":"https:\/\/wordpress.nibis.de\/gsszthiede\/wp-json\/wp\/v2\/pages\/58","targetHints":{"allow":["GET"]}}],"collection":[{"href":"https:\/\/wordpress.nibis.de\/gsszthiede\/wp-json\/wp\/v2\/pages"}],"about":[{"href":"https:\/\/wordpress.nibis.de\/gsszthiede\/wp-json\/wp\/v2\/types\/page"}],"author":[{"embeddable":true,"href":"https:\/\/wordpress.nibis.de\/gsszthiede\/wp-json\/wp\/v2\/users\/9192581"}],"replies":[{"embeddable":true,"href":"https:\/\/wordpress.nibis.de\/gsszthiede\/wp-json\/wp\/v2\/comments?post=58"}],"version-history":[{"count":4,"href":"https:\/\/wordpress.nibis.de\/gsszthiede\/wp-json\/wp\/v2\/pages\/58\/revisions"}],"predecessor-version":[{"id":1522,"href":"https:\/\/wordpress.nibis.de\/gsszthiede\/wp-json\/wp\/v2\/pages\/58\/revisions\/1522"}],"wp:attachment":[{"href":"https:\/\/wordpress.nibis.de\/gsszthiede\/wp-json\/wp\/v2\/media?parent=58"}],"curies":[{"name":"wp","href":"https:\/\/api.w.org\/{rel}","templated":true}]}}