{"id":61,"date":"2018-04-12T12:20:51","date_gmt":"2018-04-12T10:20:51","guid":{"rendered":"http:\/\/wordpress.nibis.de\/gsszthiede\/?page_id=61"},"modified":"2018-04-13T12:17:00","modified_gmt":"2018-04-13T10:17:00","slug":"schulsanitaeter","status":"publish","type":"page","link":"https:\/\/wordpress.nibis.de\/gsszthiede\/schulsanitaeter\/","title":{"rendered":"Schulsanit\u00e4ter"},"content":{"rendered":"<p>In den gro\u00dfen Hofpausen werden die Lehrer durch unsere jungen Sanit\u00e4ter unterst\u00fctzt. Sie sind an leuchtend gelben Armbinden erkennbar und mit einer Verbandtasche ausgestattet. Wie man Verletzten am besten helfen kann und das Verbandmaterial richtig verwendet lernen unsere jungen Ersthelfer in der Erste-Hilfe-AG.<\/p>\n","protected":false},"excerpt":{"rendered":"<p>In den gro\u00dfen Hofpausen werden die Lehrer durch unsere jungen Sanit\u00e4ter unterst\u00fctzt. Sie sind an leuchtend gelben Armbinden erkennbar und mit einer Verbandtasche ausgestattet. Wie man Verletzten am besten helfen kann und das Verbandmaterial richtig verwendet lernen unsere jungen Ersthelfer in der Erste-Hilfe-AG.<\/p>\n","protected":false},"author":9192581,"featured_media":0,"parent":0,"menu_order":0,"comment_status":"closed","ping_status":"closed","template":"","meta":{"footnotes":""},"class_list":["post-61","page","type-page","status-publish","hentry"],"_links":{"self":[{"href":"https:\/\/wordpress.nibis.de\/gsszthiede\/wp-json\/wp\/v2\/pages\/61","targetHints":{"allow":["GET"]}}],"collection":[{"href":"https:\/\/wordpress.nibis.de\/gsszthiede\/wp-json\/wp\/v2\/pages"}],"about":[{"href":"https:\/\/wordpress.nibis.de\/gsszthiede\/wp-json\/wp\/v2\/types\/page"}],"author":[{"embeddable":true,"href":"https:\/\/wordpress.nibis.de\/gsszthiede\/wp-json\/wp\/v2\/users\/9192581"}],"replies":[{"embeddable":true,"href":"https:\/\/wordpress.nibis.de\/gsszthiede\/wp-json\/wp\/v2\/comments?post=61"}],"version-history":[{"count":3,"href":"https:\/\/wordpress.nibis.de\/gsszthiede\/wp-json\/wp\/v2\/pages\/61\/revisions"}],"predecessor-version":[{"id":261,"href":"https:\/\/wordpress.nibis.de\/gsszthiede\/wp-json\/wp\/v2\/pages\/61\/revisions\/261"}],"wp:attachment":[{"href":"https:\/\/wordpress.nibis.de\/gsszthiede\/wp-json\/wp\/v2\/media?parent=61"}],"curies":[{"name":"wp","href":"https:\/\/api.w.org\/{rel}","templated":true}]}}