{"id":679,"date":"2019-01-15T19:45:11","date_gmt":"2019-01-15T18:45:11","guid":{"rendered":"http:\/\/wordpress.nibis.de\/gsszthiede\/?page_id=679"},"modified":"2019-01-15T19:45:11","modified_gmt":"2019-01-15T18:45:11","slug":"spendenlauf-fuer-den-regenwald","status":"publish","type":"page","link":"https:\/\/wordpress.nibis.de\/gsszthiede\/spendenlauf-fuer-den-regenwald\/","title":{"rendered":"Spendenlauf f\u00fcr den Regenwald"},"content":{"rendered":"<p>Auf Anregung von Sch\u00fclerinnen aus unseren damaligen 4. Klassen hatten wir vor den Sommerferien kurzfristig noch einen Spendenlauf zugunsten der Aktion www.Abenteuer-Regenwald.de durchgef\u00fchrt. Inzwischen sind alle Spenden eingesammelt und an das Projekt weitergegeben worden. Das Kollegium der Grundschule Thiede freut sich sehr, dass bereits Grundsch\u00fcler die Verantwortung f\u00fcr so eine wichtige Sache \u00fcbernehmen und sich mit einer solchen Aktion daf\u00fcr sehr engagiert einsetzen.<\/p>\n<p><strong>Hier ein kurzer Bericht von ehemaligen Viertkl\u00e4sslerinnen:<\/strong><\/p>\n<p><em>\u201eAlle Sch\u00fcler der dritten und vierten Klasse aus der Grundschule Salzgitter-Thiede liefen eifrig so viele Runden, dass 3.090 Euro zusammenkamen. Diese wurden f\u00fcr ein neues Naturschutzgebiet gespendet.<\/em><\/p>\n<p><em>Jede Minute werden 35 Fu\u00dfballfelder Regenwald und andere Waldfl\u00e4chen abgeholzt. Der Regenwald ist ein wichtiger Lebensraum f\u00fcr Tiere aller Art. Alle Tiere sind bedroht, weil ihr Lebensraum immer kleiner wird. Aufgrund der Abholzung des Regenwaldes bleibt ihnen bald nur noch das Naturschutzgebiet.\u201c<\/em><\/p>\n<figure id=\"attachment_681\" aria-describedby=\"caption-attachment-681\" style=\"width: 800px\" class=\"wp-caption alignnone\"><img loading=\"lazy\" decoding=\"async\" class=\"size-full wp-image-681\" src=\"http:\/\/wordpress.nibis.de\/gsszthiede\/files\/2019\/01\/Johanna-Hannah-Neele-Wilma.jpg\" alt=\"\" width=\"800\" height=\"600\" srcset=\"https:\/\/wordpress.nibis.de\/gsszthiede\/files\/2019\/01\/Johanna-Hannah-Neele-Wilma.jpg 800w, https:\/\/wordpress.nibis.de\/gsszthiede\/files\/2019\/01\/Johanna-Hannah-Neele-Wilma-768x576.jpg 768w\" sizes=\"auto, (max-width: 800px) 100vw, 800px\" \/><figcaption id=\"caption-attachment-681\" class=\"wp-caption-text\">Johanna, Hannah, Neele, Wilma<\/figcaption><\/figure>\n<figure id=\"attachment_682\" aria-describedby=\"caption-attachment-682\" style=\"width: 800px\" class=\"wp-caption alignnone\"><img loading=\"lazy\" decoding=\"async\" class=\"size-full wp-image-682\" src=\"http:\/\/wordpress.nibis.de\/gsszthiede\/files\/2019\/01\/Volles-Engagement.jpg\" alt=\"\" width=\"800\" height=\"533\" srcset=\"https:\/\/wordpress.nibis.de\/gsszthiede\/files\/2019\/01\/Volles-Engagement.jpg 800w, https:\/\/wordpress.nibis.de\/gsszthiede\/files\/2019\/01\/Volles-Engagement-768x512.jpg 768w\" sizes=\"auto, (max-width: 800px) 100vw, 800px\" \/><figcaption id=\"caption-attachment-682\" class=\"wp-caption-text\">Volles Engagement<\/figcaption><\/figure>\n","protected":false},"excerpt":{"rendered":"<p>Auf Anregung von Sch\u00fclerinnen aus unseren damaligen 4. Klassen hatten wir vor den Sommerferien kurzfristig noch einen Spendenlauf zugunsten der Aktion www.Abenteuer-Regenwald.de durchgef\u00fchrt. Inzwischen sind alle Spenden eingesammelt und an das Projekt weitergegeben worden. Das Kollegium der Grundschule Thiede freut sich sehr, dass bereits Grundsch\u00fcler die Verantwortung f\u00fcr so eine wichtige Sache \u00fcbernehmen und sich &hellip; <a href=\"https:\/\/wordpress.nibis.de\/gsszthiede\/spendenlauf-fuer-den-regenwald\/\" class=\"more-link\"><span class=\"screen-reader-text\">Spendenlauf f\u00fcr den Regenwald<\/span> weiterlesen <span class=\"meta-nav\">&rarr;<\/span><\/a><\/p>\n","protected":false},"author":9192581,"featured_media":0,"parent":0,"menu_order":0,"comment_status":"closed","ping_status":"closed","template":"","meta":{"footnotes":""},"class_list":["post-679","page","type-page","status-publish","hentry"],"_links":{"self":[{"href":"https:\/\/wordpress.nibis.de\/gsszthiede\/wp-json\/wp\/v2\/pages\/679","targetHints":{"allow":["GET"]}}],"collection":[{"href":"https:\/\/wordpress.nibis.de\/gsszthiede\/wp-json\/wp\/v2\/pages"}],"about":[{"href":"https:\/\/wordpress.nibis.de\/gsszthiede\/wp-json\/wp\/v2\/types\/page"}],"author":[{"embeddable":true,"href":"https:\/\/wordpress.nibis.de\/gsszthiede\/wp-json\/wp\/v2\/users\/9192581"}],"replies":[{"embeddable":true,"href":"https:\/\/wordpress.nibis.de\/gsszthiede\/wp-json\/wp\/v2\/comments?post=679"}],"version-history":[{"count":6,"href":"https:\/\/wordpress.nibis.de\/gsszthiede\/wp-json\/wp\/v2\/pages\/679\/revisions"}],"predecessor-version":[{"id":689,"href":"https:\/\/wordpress.nibis.de\/gsszthiede\/wp-json\/wp\/v2\/pages\/679\/revisions\/689"}],"wp:attachment":[{"href":"https:\/\/wordpress.nibis.de\/gsszthiede\/wp-json\/wp\/v2\/media?parent=679"}],"curies":[{"name":"wp","href":"https:\/\/api.w.org\/{rel}","templated":true}]}}